{"id":1000,"date":"2015-04-27T10:53:01","date_gmt":"2015-04-27T10:53:01","guid":{"rendered":"http:\/\/www.educaplanet.com\/educaplanet\/?page_id=1000"},"modified":"2021-05-04T11:51:07","modified_gmt":"2021-05-04T10:51:07","slug":"pc-mac","status":"publish","type":"page","link":"https:\/\/www.educaplanet.com\/educaplanet\/juegos\/pc-mac\/","title":{"rendered":"PC MAC"},"content":{"rendered":"\n<h2 class=\"wp-block-heading\">Nuestras aplicaciones educativas pueden usarse desde ordenadores de mesa como un PC Windows o un ordenador MAC.<\/h2>\n\n\n\n<h1 class=\"wp-block-heading\"><figure><img loading=\"lazy\" decoding=\"async\" class=\"wp-image-932 size-medium aligncenter\" title=\"Aprender a leer desde PC juegos ni\u00f1os\" src=\"http:\/\/www.educaplanet.com\/educaplanet\/wp-content\/uploads\/2015\/04\/menutikis_placeit-300x225.jpg\" alt=\"Aprender a leer desde PC juegos ni\u00f1os\" width=\"300\" height=\"225\" srcset=\"https:\/\/www.educaplanet.com\/educaplanet\/wp-content\/uploads\/2015\/04\/menutikis_placeit-300x225.jpg 300w, https:\/\/www.educaplanet.com\/educaplanet\/wp-content\/uploads\/2015\/04\/menutikis_placeit.jpg 400w\" sizes=\"auto, (max-width: 300px) 100vw, 300px\" \/><\/figure><\/h1>\n\n\n\n<p>Descargue&nbsp; un archivo instalable (.exe) para su PC o computadora y, tras la instalaci\u00f3n, quedar\u00e1 en su ordenador con un acceso directo desde el escritorio.&nbsp;Todos nuestros juegos contienen algunos niveles gratis para probar antes de comprar.<\/p>\n\n\n\n<p><strong>PASOS PARA DESCARGAR E INSTALAR en ORDENADORES PC con WINDOWS:\u00a0<\/strong><\/p>\n\n\n\n<p>1. Primero descargar el<strong> archivo de instalaci\u00f3n<\/strong> (.exe)<br>*** Si utilizas GOOGLE CHROME haz clic con el bot\u00f3n derecho sobre los enlaces y elige la opci\u00f3n \u00abguardar enlace como\u00bb. Con Firefox se descarga pulsando sobre el enlace como ven\u00eda siendo habitual.  <br><br>2. Para instalarlo debe tener el Despu\u00e9s de instalarlo podr\u00e1 jugar con el contenido gratis.<br><br>3. Finalmente debe comprar un c\u00f3digo de activaci\u00f3n en nuestra Tienda Online para acceder a todo el contenido.<\/p>\n\n\n\n<h3 class=\"wp-block-heading\">DESCARGA LOS JUEGOS GRATIS Y PRUEBA VARIAS&nbsp;LECCIONES<\/h3>\n\n\n\n<p><strong>NOTA PROBLEMA DESCARGA<\/strong>:<br>*** Si utilizas GOOGLE CHROME haz clic con el bot\u00f3n derecho sobre los enlaces y elige la opci\u00f3n \u00abguardar enlace como\u00bb. Con Firefox se descarga pulsando sobre el enlace como ven\u00eda siendo habitual. <\/p>\n\n\n\n<ul class=\"wp-block-list\"><li><strong> <a rel=\"noreferrer noopener\" href=\"http:\/\/www.educaplanet.com\/descargas\/Setup-LeoConGrin-Educaplanet518.exe\" target=\"_blank\">APRENDER A LEER 1 con Grin (Leo con Grin)<\/a>.exe&nbsp;<\/strong>(Ver. 5.2.6) Abril 2021 <strong>NOTA IMPORTANTE<\/strong>: actualizar<a href=\"https:\/\/airsdk.harman.com\/runtime\" target=\"_blank\" rel=\"noreferrer noopener\"> <strong>Adobe Air<\/strong> antes desde este enlace<\/a> y <\/li><li><strong> <a href=\"http:\/\/www.educaplanet.com\/descargas\/Setup-AprenderLeer2-Educaplanet243C.exe\">APRENDER A LEER 2 con Grin y Uipi<\/a>&nbsp;.exe&nbsp;<\/strong>(v. 2.4.3) Noviembre 2020<\/li><li><strong> <a href=\"http:\/\/www.educaplanet.com\/descargas\/Setup-Primeras-Palabras-Educaplanet-271.exe\">PRIMERAS PALABRAS con Grin y Uipi<\/a>.exe<\/strong>&nbsp;(ver. 2.7.1) 26 noviembre 2020<\/li><li><strong> <a href=\"http:\/\/www.educaplanet.com\/descargas\/Setup-Matesgrin456-Educaplanet-610C.exe\">MATEM\u00c1TICAS CON GRIN 456<\/a>.exe<\/strong> (V. 5..0) Diciembre 2020<\/li><li><strong><a href=\"http:\/\/www.educaplanet.com\/descargas\/Setup-Matesgrin678-Educaplanet-321C.exe\">MATEM\u00c1TICAS CON GRIN II 678<\/a>.exe<\/strong> (V. 3.6.1) Noviembre 2020 <\/li><li><strong><a href=\"http:\/\/www.educaplanet.com\/descargas\/Setup-English456-Educaplanet444C.exe\">ENGLISH 456 Aprender ingl\u00e9s para ni\u00f1os<\/a>.exe<\/strong> (V. 4.4.4) 20 noviembre 2020<\/li><li><strong><a href=\"http:\/\/www.educaplanet.com\/descargas\/Setup-primeres-paraules-cat-Educaplanet143.exe\">PRIMERES PARAULES CATAL\u00c0.exe<\/a><\/strong> (v.1.4.3) 9 Mayo 2020<\/li><\/ul>\n\n\n\n<h4 class=\"wp-block-heading\">&nbsp;Archivo para ordenadores MAC (Apple):<\/h4>\n\n\n\n<ul class=\"wp-block-list\"><li><a href=\"http:\/\/www.educaplanet.com\/descargas\/Setup-LeoConGrin-Educaplanet214.dmg\"><strong>LEO CON GRIN.dmg<\/strong><\/a> &nbsp;para ordenadores MAC(ver. 2.1.4)<\/li><li><strong><a href=\"http:\/\/www.educaplanet.com\/descargas\/Setup-Matesgrin456-Educaplanet117.dmg\">MATEM\u00c1TICAS CON GRIN.dmg<\/a><\/strong> para ordenadores MAC (ver. 1.1.7)<\/li><\/ul>\n\n\n\n<h4 class=\"wp-block-heading\"><strong>UNA VEZ INSTALADA LA APP, PASO A PASO PARA UTILIZAR EL C\u00d3DIGO DE ACTIVACI\u00d3N <\/strong><\/h4>\n\n\n\n<p>0. Cree una cuenta si es necesario.<br>1. Desde la pantalla principal, pulse el bot\u00f3n gris<strong> ZONA PADRES<\/strong> (esquina superior derecha).<br>2. Pulse el bot\u00f3n <strong>CENTROS EDUCATIVOS <\/strong>(aunque usted sea un particular). <\/p>\n\n\n\n<figure class=\"wp-block-image is-resized\"><img loading=\"lazy\" decoding=\"async\" src=\"https:\/\/www.educaplanet.com\/educaplanet\/wp-content\/uploads\/2020\/12\/zona-padres-centros-1024x747.png\" alt=\"\" class=\"wp-image-5740\" width=\"382\" height=\"278\" srcset=\"https:\/\/www.educaplanet.com\/educaplanet\/wp-content\/uploads\/2020\/12\/zona-padres-centros-1024x747.png 1024w, https:\/\/www.educaplanet.com\/educaplanet\/wp-content\/uploads\/2020\/12\/zona-padres-centros-300x219.png 300w, https:\/\/www.educaplanet.com\/educaplanet\/wp-content\/uploads\/2020\/12\/zona-padres-centros-768x560.png 768w, https:\/\/www.educaplanet.com\/educaplanet\/wp-content\/uploads\/2020\/12\/zona-padres-centros-600x437.png 600w, https:\/\/www.educaplanet.com\/educaplanet\/wp-content\/uploads\/2020\/12\/zona-padres-centros.png 1052w\" sizes=\"auto, (max-width: 382px) 100vw, 382px\" \/><\/figure>\n\n\n\n<p>  3. Pulse el texto gris \u00abAcceso centros\u00bb <\/p>\n\n\n\n<figure class=\"wp-block-image is-resized\"><img loading=\"lazy\" decoding=\"async\" src=\"https:\/\/www.educaplanet.com\/educaplanet\/wp-content\/uploads\/2020\/12\/acceso-centros-senal-1024x755.png\" alt=\"\" class=\"wp-image-5741\" width=\"320\" height=\"236\" srcset=\"https:\/\/www.educaplanet.com\/educaplanet\/wp-content\/uploads\/2020\/12\/acceso-centros-senal-1024x755.png 1024w, https:\/\/www.educaplanet.com\/educaplanet\/wp-content\/uploads\/2020\/12\/acceso-centros-senal-300x221.png 300w, https:\/\/www.educaplanet.com\/educaplanet\/wp-content\/uploads\/2020\/12\/acceso-centros-senal-768x566.png 768w, https:\/\/www.educaplanet.com\/educaplanet\/wp-content\/uploads\/2020\/12\/acceso-centros-senal-600x443.png 600w, https:\/\/www.educaplanet.com\/educaplanet\/wp-content\/uploads\/2020\/12\/acceso-centros-senal.png 1040w\" sizes=\"auto, (max-width: 320px) 100vw, 320px\" \/><\/figure>\n\n\n\n<p> 4. Introduzca su email y el c\u00f3digo para cada app (guiones inclusive). Pulse \u00abAcceder\u00bb.&nbsp;&nbsp; <br>5. Si le aparece un aviso AVISO con error de conexi\u00f3n escriba a \u00absoporte@educaplanet.com\u00bb para que le demos una soluci\u00f3n.<\/p>\n\n\n\n<p>HEMOS ELIMINADO LAS APPS<\/p>\n\n\n\n<ul class=\"wp-block-list\"><li><strong>KELY SUMAR Y RESTAR.exe&nbsp;<\/strong>(Ver. 1.1.5)<\/li><li><strong>TIKIMATES. Las tablas de multiplicar.exe&nbsp;<\/strong>(Ver. 1.2.3)<\/li><\/ul>\n\n\n\n<h4 class=\"wp-block-heading\"><strong>PRECIOS:&nbsp;Consultar precios&nbsp;<a href=\"http:\/\/www.educaplanet.com\/educaplanet\/tienda\/\">TIENDA<\/a> y&nbsp;<a href=\"http:\/\/www.educaplanet.com\/educaplanet\/tienda\/\">COMPRAR C\u00d3DIGO DE ACTIVACI\u00d3N<\/a><\/strong><\/h4>\n\n\n\n<ul class=\"wp-block-list\"><li><strong>PACK<\/strong>&nbsp;LEO+MATES 456 (4-6 a\u00f1os)<\/li><li><strong>PACK<\/strong>&nbsp;MATES 456 +MATES 678 (4-8 a\u00f1os)<\/li><li><strong>PACK3<\/strong> LEO+MATES 456 +ENGLISH 456 (4-6 a\u00f1os):<\/li><\/ul>\n\n\n\n<div class=\"wp-block-image\"><figure class=\"aligncenter\"><img loading=\"lazy\" decoding=\"async\" width=\"300\" height=\"225\" src=\"https:\/\/www.educaplanet.com\/educaplanet\/wp-content\/uploads\/2015\/04\/placeit_ordenador_jugar_mates-300x225.jpg\" alt=\"Jugar sumar y restar desde el ordenador recursos matem\u00e1ticas\" class=\"wp-image-1001\" srcset=\"https:\/\/www.educaplanet.com\/educaplanet\/wp-content\/uploads\/2015\/04\/placeit_ordenador_jugar_mates-300x225.jpg 300w, https:\/\/www.educaplanet.com\/educaplanet\/wp-content\/uploads\/2015\/04\/placeit_ordenador_jugar_mates.jpg 400w\" sizes=\"auto, (max-width: 300px) 100vw, 300px\" \/><\/figure><\/div>\n\n\n\n<ul class=\"wp-block-list\"><li><strong>\u00bfLe interesan varias&nbsp;licencias? Para aulas con varios ordenadores o tabletas:<\/strong><br>Tenemos <a href=\"http:\/\/www.educaplanet.com\/educaplanet\/tienda\/\">descuentos <\/a>especiales por n\u00famero de licencias (a partir de 2 licencias y tambi\u00e9n para 5 o 10) y n\u00famero de productos. Consulte nuestra <a href=\"http:\/\/www.educaplanet.com\/educaplanet\/tienda\/\">TIENDA ONLINE <\/a>o p\u00eddanos presupuestos sin compromiso.<\/li><\/ul>\n\n\n\n<h3 class=\"wp-block-heading\"><figure><a href=\"mailto:info@educaplanet.com\"><img loading=\"lazy\" decoding=\"async\" class=\"alignleft wp-image-1056\" src=\"http:\/\/www.educaplanet.com\/educaplanet\/wp-content\/uploads\/2015\/04\/bot-compra.png\" alt=\"\u00bfC\u00f3mo comprar la aplicaci\u00f3n para ordenador?\" width=\"72\" height=\"70\"><\/a><\/figure><strong>3 M\u00c9TODOS DE PAGO PARA LAS APPS&nbsp;EN TIENDA ONLINE<\/strong><\/h3>\n\n\n\n<ol class=\"wp-block-list\"><li>Puede realizar una <strong>transferencia a la cuenta bancaria<\/strong> de Educaplanet s.l.<br>ES49 0081 0652 2600 0183 4186 Banc Sabadell<\/li><\/ol>\n\n\n\n<p>2. Mediante <strong>PayPal<\/strong> a la direcci\u00f3n info@educaplanet.com.<\/p>\n\n\n\n<p>3. Con tarjeta bancaria.<\/p>\n\n\n\n<p><strong>\u00bfNecesita saber los precios en otras divisas?<\/strong><br>Puede usar este conversor: <a href=\"http:\/\/themoneyconverter.com\/ES\/\" target=\"_blank\" rel=\"noopener noreferrer\">moneyconverter<\/a><\/p>\n\n\n\n<h4 class=\"wp-block-heading\">AVISOS QUE APARECEN AL INSTALAR:<\/h4>\n\n\n\n<p>Antes de empezar, recuerde que su software <strong>antivirus<\/strong> debe permitir la instalaci\u00f3n del software.<\/p>\n\n\n\n<p>Tambi\u00e9n conviene tener instalada la \u00faltima versi\u00f3n de <strong><a href=\"https:\/\/airsdk.harman.com\/runtime\" target=\"_blank\" rel=\"noreferrer noopener\">Adobe Air<\/a><\/strong> desde <a href=\"https:\/\/airsdk.harman.com\/runtime\" target=\"_blank\" rel=\"noreferrer noopener\">https:\/\/airsdk.harman.com\/runtime<\/a><\/p>\n\n\n\n<p>Por \u00faltimo es posible que&nbsp;<em><strong>Smartscreen<\/strong>&nbsp; de Windows&nbsp;<\/em>avise de que es peligroso instalar programas. Estas capturas son de Windows 8. Para continuar pulse sobre \u201c<em>M\u00e1s informaci\u00f3n<\/em>\u201d y luego elija \u00ab<em>Ejecutar de todas formas<\/em>\u00ab. Espere mientras se realiza la instalaci\u00f3n.<\/p>\n\n\n\n<div class=\"wp-block-image\"><figure class=\"aligncenter\"><a href=\"http:\/\/www.educaplanet.com\/educaplanet\/wp-content\/uploads\/2015\/04\/avisos_windows_exe_masinformacion_p.png\" rel=\"wp-prettyPhoto[1000]\"><img loading=\"lazy\" decoding=\"async\" width=\"300\" height=\"107\" src=\"http:\/\/www.educaplanet.com\/educaplanet\/wp-content\/uploads\/2015\/04\/avisos_windows_exe_masinformacion_p-300x107.png\" alt=\"Aviso Smartscreen Instalaci\u00f3n ejecutable Educaplanet\" class=\"wp-image-1055\" srcset=\"https:\/\/www.educaplanet.com\/educaplanet\/wp-content\/uploads\/2015\/04\/avisos_windows_exe_masinformacion_p-300x107.png 300w, https:\/\/www.educaplanet.com\/educaplanet\/wp-content\/uploads\/2015\/04\/avisos_windows_exe_masinformacion_p.png 421w\" sizes=\"auto, (max-width: 300px) 100vw, 300px\" \/><\/a><\/figure><\/div>\n\n\n\n<div class=\"wp-block-image\"><figure class=\"aligncenter\"><img loading=\"lazy\" decoding=\"async\" width=\"300\" height=\"108\" src=\"http:\/\/www.educaplanet.com\/educaplanet\/wp-content\/uploads\/2015\/04\/avisos_windows_exe_ejecutar_p-300x108.png\" alt=\"Aviso Smartscreen Instalaci\u00f3n ejecutable Educaplanet\" class=\"wp-image-1054\" srcset=\"https:\/\/www.educaplanet.com\/educaplanet\/wp-content\/uploads\/2015\/04\/avisos_windows_exe_ejecutar_p-300x108.png 300w, https:\/\/www.educaplanet.com\/educaplanet\/wp-content\/uploads\/2015\/04\/avisos_windows_exe_ejecutar_p.png 415w\" sizes=\"auto, (max-width: 300px) 100vw, 300px\" \/><\/figure><\/div>\n\n\n\n<div class=\"wp-block-image\"><figure class=\"alignleft\"><a href=\"http:\/\/www.educaplanet.com\/educaplanet\/wp-content\/uploads\/2015\/04\/surface-leo2.jpg\" rel=\"wp-prettyPhoto[1000]\"><img loading=\"lazy\" decoding=\"async\" width=\"300\" height=\"300\" src=\"http:\/\/www.educaplanet.com\/educaplanet\/wp-content\/uploads\/2015\/04\/surface-leo2-300x300.jpg\" alt=\"Leo con GRIN en Windows Surface\" class=\"wp-image-1677\" srcset=\"https:\/\/www.educaplanet.com\/educaplanet\/wp-content\/uploads\/2015\/04\/surface-leo2-300x300.jpg 300w, https:\/\/www.educaplanet.com\/educaplanet\/wp-content\/uploads\/2015\/04\/surface-leo2-100x100.jpg 100w, https:\/\/www.educaplanet.com\/educaplanet\/wp-content\/uploads\/2015\/04\/surface-leo2-600x600.jpg 600w, https:\/\/www.educaplanet.com\/educaplanet\/wp-content\/uploads\/2015\/04\/surface-leo2-150x150.jpg 150w, https:\/\/www.educaplanet.com\/educaplanet\/wp-content\/uploads\/2015\/04\/surface-leo2-1024x1024.jpg 1024w, https:\/\/www.educaplanet.com\/educaplanet\/wp-content\/uploads\/2015\/04\/surface-leo2.jpg 1200w\" sizes=\"auto, (max-width: 300px) 100vw, 300px\" \/><\/a><\/figure><\/div>\n\n\n\n<p><strong>**WINDOWS SURFACE&nbsp;<\/strong><\/p>\n\n\n\n<p>Hemos comprobado que se puede instalar en las tabletas de Windows Surface normales (no en el modelo RT).<\/p>\n\n\n\n<p>El \u00fanico inconveniente es que se necesita conectar un teclado f\u00edsico para poder crear la cuenta y la contrase\u00f1a.<\/p>\n","protected":false},"excerpt":{"rendered":"<p>Nuestras aplicaciones educativas pueden usarse desde ordenadores de mesa como un PC Windows o un ordenador MAC. Descargue&nbsp; un archivo instalable (.exe) para su PC o computadora y, tras la instalaci\u00f3n, quedar\u00e1 en su ordenador con un acceso directo desde el escritorio.&nbsp;Todos nuestros juegos contienen algunos niveles gratis para probar antes de comprar. PASOS PARA DESCARGAR E INSTALAR en ORDENADORES PC con WINDOWS:\u00a0 1. Primero descargar el archivo de instalaci\u00f3n (.exe)*** Si utilizas GOOGLE CHROME haz clic con el bot\u00f3n derecho sobre los enlaces y elige la opci\u00f3n \u00abguardar enlace como\u00bb. Con Firefox se descarga pulsando sobre el enlace como<\/p>\n","protected":false},"author":3,"featured_media":1001,"parent":116,"menu_order":0,"comment_status":"open","ping_status":"open","template":"","meta":{"_monsterinsights_skip_tracking":false,"_monsterinsights_sitenote_active":false,"_monsterinsights_sitenote_note":"","_monsterinsights_sitenote_category":0,"footnotes":""},"class_list":["post-1000","page","type-page","status-publish","has-post-thumbnail","hentry"],"yoast_head":"<!-- This site is optimized with the Yoast SEO plugin v27.2 - https:\/\/yoast.com\/product\/yoast-seo-wordpress\/ -->\n<title>Aplicaciones educativas para ordenadores PC Windows o MAC<\/title>\n<meta name=\"description\" content=\"Nuestras aplicaciones para aprender a leer y escribir y matem\u00e1ticas se instalan en ordenadores de mesa o port\u00e1tiles PC Windows y MAC.\" \/>\n<meta name=\"robots\" content=\"index, follow, max-snippet:-1, max-image-preview:large, max-video-preview:-1\" \/>\n<link rel=\"canonical\" href=\"https:\/\/www.educaplanet.com\/educaplanet\/juegos\/pc-mac\/\" \/>\n<meta property=\"og:locale\" content=\"es_ES\" \/>\n<meta property=\"og:type\" content=\"article\" \/>\n<meta property=\"og:title\" content=\"Aplicaciones educativas para ordenadores PC Windows o MAC\" \/>\n<meta property=\"og:description\" content=\"Nuestras aplicaciones para aprender a leer y escribir y matem\u00e1ticas se instalan en ordenadores de mesa o port\u00e1tiles PC Windows y MAC.\" \/>\n<meta property=\"og:url\" content=\"https:\/\/www.educaplanet.com\/educaplanet\/juegos\/pc-mac\/\" \/>\n<meta property=\"og:site_name\" content=\"EDUCAPLANET APPS\" \/>\n<meta property=\"article:publisher\" content=\"https:\/\/www.facebook.com\/educaplanet\" \/>\n<meta property=\"article:modified_time\" content=\"2021-05-04T10:51:07+00:00\" \/>\n<meta property=\"og:image\" content=\"https:\/\/www.educaplanet.com\/educaplanet\/wp-content\/uploads\/2015\/04\/placeit_ordenador_jugar_mates.jpg\" \/>\n\t<meta property=\"og:image:width\" content=\"400\" \/>\n\t<meta property=\"og:image:height\" content=\"300\" \/>\n\t<meta property=\"og:image:type\" content=\"image\/jpeg\" \/>\n<meta name=\"twitter:card\" content=\"summary_large_image\" \/>\n<meta name=\"twitter:site\" content=\"@educaplanet_es\" \/>\n<meta name=\"twitter:label1\" content=\"Tiempo de lectura\" \/>\n\t<meta name=\"twitter:data1\" content=\"5 minutos\" \/>\n<script type=\"application\/ld+json\" class=\"yoast-schema-graph\">{\"@context\":\"https:\/\/schema.org\",\"@graph\":[{\"@type\":\"WebPage\",\"@id\":\"https:\/\/www.educaplanet.com\/educaplanet\/juegos\/pc-mac\/\",\"url\":\"https:\/\/www.educaplanet.com\/educaplanet\/juegos\/pc-mac\/\",\"name\":\"Aplicaciones educativas para ordenadores PC Windows o MAC\",\"isPartOf\":{\"@id\":\"https:\/\/www.educaplanet.com\/educaplanet\/#website\"},\"primaryImageOfPage\":{\"@id\":\"https:\/\/www.educaplanet.com\/educaplanet\/juegos\/pc-mac\/#primaryimage\"},\"image\":{\"@id\":\"https:\/\/www.educaplanet.com\/educaplanet\/juegos\/pc-mac\/#primaryimage\"},\"thumbnailUrl\":\"https:\/\/www.educaplanet.com\/educaplanet\/wp-content\/uploads\/2015\/04\/placeit_ordenador_jugar_mates.jpg\",\"datePublished\":\"2015-04-27T10:53:01+00:00\",\"dateModified\":\"2021-05-04T10:51:07+00:00\",\"description\":\"Nuestras aplicaciones para aprender a leer y escribir y matem\u00e1ticas se instalan en ordenadores de mesa o port\u00e1tiles PC Windows y MAC.\",\"breadcrumb\":{\"@id\":\"https:\/\/www.educaplanet.com\/educaplanet\/juegos\/pc-mac\/#breadcrumb\"},\"inLanguage\":\"es\",\"potentialAction\":[{\"@type\":\"ReadAction\",\"target\":[\"https:\/\/www.educaplanet.com\/educaplanet\/juegos\/pc-mac\/\"]}]},{\"@type\":\"ImageObject\",\"inLanguage\":\"es\",\"@id\":\"https:\/\/www.educaplanet.com\/educaplanet\/juegos\/pc-mac\/#primaryimage\",\"url\":\"https:\/\/www.educaplanet.com\/educaplanet\/wp-content\/uploads\/2015\/04\/placeit_ordenador_jugar_mates.jpg\",\"contentUrl\":\"https:\/\/www.educaplanet.com\/educaplanet\/wp-content\/uploads\/2015\/04\/placeit_ordenador_jugar_mates.jpg\",\"width\":400,\"height\":300,\"caption\":\"Jugar sumar y restar desde el ordenador recursos matem\u00e1ticas\"},{\"@type\":\"BreadcrumbList\",\"@id\":\"https:\/\/www.educaplanet.com\/educaplanet\/juegos\/pc-mac\/#breadcrumb\",\"itemListElement\":[{\"@type\":\"ListItem\",\"position\":1,\"name\":\"Portada\",\"item\":\"https:\/\/www.educaplanet.com\/educaplanet\/\"},{\"@type\":\"ListItem\",\"position\":2,\"name\":\"JUEGOS\",\"item\":\"https:\/\/www.educaplanet.com\/educaplanet\/juegos\/\"},{\"@type\":\"ListItem\",\"position\":3,\"name\":\"PC MAC\"}]},{\"@type\":\"WebSite\",\"@id\":\"https:\/\/www.educaplanet.com\/educaplanet\/#website\",\"url\":\"https:\/\/www.educaplanet.com\/educaplanet\/\",\"name\":\"EDUCAPLANET APPS\",\"description\":\"Apps y juegos educativos para ni\u00f1os y ni\u00f1as\",\"potentialAction\":[{\"@type\":\"SearchAction\",\"target\":{\"@type\":\"EntryPoint\",\"urlTemplate\":\"https:\/\/www.educaplanet.com\/educaplanet\/?s={search_term_string}\"},\"query-input\":{\"@type\":\"PropertyValueSpecification\",\"valueRequired\":true,\"valueName\":\"search_term_string\"}}],\"inLanguage\":\"es\"}]}<\/script>\n<!-- \/ Yoast SEO plugin. -->","yoast_head_json":{"title":"Aplicaciones educativas para ordenadores PC Windows o MAC","description":"Nuestras aplicaciones para aprender a leer y escribir y matem\u00e1ticas se instalan en ordenadores de mesa o port\u00e1tiles PC Windows y MAC.","robots":{"index":"index","follow":"follow","max-snippet":"max-snippet:-1","max-image-preview":"max-image-preview:large","max-video-preview":"max-video-preview:-1"},"canonical":"https:\/\/www.educaplanet.com\/educaplanet\/juegos\/pc-mac\/","og_locale":"es_ES","og_type":"article","og_title":"Aplicaciones educativas para ordenadores PC Windows o MAC","og_description":"Nuestras aplicaciones para aprender a leer y escribir y matem\u00e1ticas se instalan en ordenadores de mesa o port\u00e1tiles PC Windows y MAC.","og_url":"https:\/\/www.educaplanet.com\/educaplanet\/juegos\/pc-mac\/","og_site_name":"EDUCAPLANET APPS","article_publisher":"https:\/\/www.facebook.com\/educaplanet","article_modified_time":"2021-05-04T10:51:07+00:00","og_image":[{"width":400,"height":300,"url":"https:\/\/www.educaplanet.com\/educaplanet\/wp-content\/uploads\/2015\/04\/placeit_ordenador_jugar_mates.jpg","type":"image\/jpeg"}],"twitter_card":"summary_large_image","twitter_site":"@educaplanet_es","twitter_misc":{"Tiempo de lectura":"5 minutos"},"schema":{"@context":"https:\/\/schema.org","@graph":[{"@type":"WebPage","@id":"https:\/\/www.educaplanet.com\/educaplanet\/juegos\/pc-mac\/","url":"https:\/\/www.educaplanet.com\/educaplanet\/juegos\/pc-mac\/","name":"Aplicaciones educativas para ordenadores PC Windows o MAC","isPartOf":{"@id":"https:\/\/www.educaplanet.com\/educaplanet\/#website"},"primaryImageOfPage":{"@id":"https:\/\/www.educaplanet.com\/educaplanet\/juegos\/pc-mac\/#primaryimage"},"image":{"@id":"https:\/\/www.educaplanet.com\/educaplanet\/juegos\/pc-mac\/#primaryimage"},"thumbnailUrl":"https:\/\/www.educaplanet.com\/educaplanet\/wp-content\/uploads\/2015\/04\/placeit_ordenador_jugar_mates.jpg","datePublished":"2015-04-27T10:53:01+00:00","dateModified":"2021-05-04T10:51:07+00:00","description":"Nuestras aplicaciones para aprender a leer y escribir y matem\u00e1ticas se instalan en ordenadores de mesa o port\u00e1tiles PC Windows y MAC.","breadcrumb":{"@id":"https:\/\/www.educaplanet.com\/educaplanet\/juegos\/pc-mac\/#breadcrumb"},"inLanguage":"es","potentialAction":[{"@type":"ReadAction","target":["https:\/\/www.educaplanet.com\/educaplanet\/juegos\/pc-mac\/"]}]},{"@type":"ImageObject","inLanguage":"es","@id":"https:\/\/www.educaplanet.com\/educaplanet\/juegos\/pc-mac\/#primaryimage","url":"https:\/\/www.educaplanet.com\/educaplanet\/wp-content\/uploads\/2015\/04\/placeit_ordenador_jugar_mates.jpg","contentUrl":"https:\/\/www.educaplanet.com\/educaplanet\/wp-content\/uploads\/2015\/04\/placeit_ordenador_jugar_mates.jpg","width":400,"height":300,"caption":"Jugar sumar y restar desde el ordenador recursos matem\u00e1ticas"},{"@type":"BreadcrumbList","@id":"https:\/\/www.educaplanet.com\/educaplanet\/juegos\/pc-mac\/#breadcrumb","itemListElement":[{"@type":"ListItem","position":1,"name":"Portada","item":"https:\/\/www.educaplanet.com\/educaplanet\/"},{"@type":"ListItem","position":2,"name":"JUEGOS","item":"https:\/\/www.educaplanet.com\/educaplanet\/juegos\/"},{"@type":"ListItem","position":3,"name":"PC MAC"}]},{"@type":"WebSite","@id":"https:\/\/www.educaplanet.com\/educaplanet\/#website","url":"https:\/\/www.educaplanet.com\/educaplanet\/","name":"EDUCAPLANET APPS","description":"Apps y juegos educativos para ni\u00f1os y ni\u00f1as","potentialAction":[{"@type":"SearchAction","target":{"@type":"EntryPoint","urlTemplate":"https:\/\/www.educaplanet.com\/educaplanet\/?s={search_term_string}"},"query-input":{"@type":"PropertyValueSpecification","valueRequired":true,"valueName":"search_term_string"}}],"inLanguage":"es"}]}},"_links":{"self":[{"href":"https:\/\/www.educaplanet.com\/educaplanet\/wp-json\/wp\/v2\/pages\/1000","targetHints":{"allow":["GET"]}}],"collection":[{"href":"https:\/\/www.educaplanet.com\/educaplanet\/wp-json\/wp\/v2\/pages"}],"about":[{"href":"https:\/\/www.educaplanet.com\/educaplanet\/wp-json\/wp\/v2\/types\/page"}],"author":[{"embeddable":true,"href":"https:\/\/www.educaplanet.com\/educaplanet\/wp-json\/wp\/v2\/users\/3"}],"replies":[{"embeddable":true,"href":"https:\/\/www.educaplanet.com\/educaplanet\/wp-json\/wp\/v2\/comments?post=1000"}],"version-history":[{"count":87,"href":"https:\/\/www.educaplanet.com\/educaplanet\/wp-json\/wp\/v2\/pages\/1000\/revisions"}],"predecessor-version":[{"id":6341,"href":"https:\/\/www.educaplanet.com\/educaplanet\/wp-json\/wp\/v2\/pages\/1000\/revisions\/6341"}],"up":[{"embeddable":true,"href":"https:\/\/www.educaplanet.com\/educaplanet\/wp-json\/wp\/v2\/pages\/116"}],"wp:featuredmedia":[{"embeddable":true,"href":"https:\/\/www.educaplanet.com\/educaplanet\/wp-json\/wp\/v2\/media\/1001"}],"wp:attachment":[{"href":"https:\/\/www.educaplanet.com\/educaplanet\/wp-json\/wp\/v2\/media?parent=1000"}],"curies":[{"name":"wp","href":"https:\/\/api.w.org\/{rel}","templated":true}]}}