{"id":1015,"date":"2015-04-27T15:03:28","date_gmt":"2015-04-27T15:03:28","guid":{"rendered":"http:\/\/www.educaplanet.com\/educaplanet\/?page_id=1015"},"modified":"2019-03-18T11:15:46","modified_gmt":"2019-03-18T10:15:46","slug":"apps-juegos","status":"publish","type":"page","link":"https:\/\/www.educaplanet.com\/educaplanet\/apps-juegos\/","title":{"rendered":"Apps juegos"},"content":{"rendered":"<p>Estas son todas nuestras apps juegos que ten\u00e9is disponibles en las tiendas de Google Play e iTunes.<\/p>\n<p>Son juegos dirigidos a ni\u00f1os y ni\u00f1as para jugar y aprender en casa.<\/p>\n<div class=\"one_fourth\">\n<h3>Aprender a leer 1 (Leo con Grin)<\/h3>\n<p>Lectoescritura de s\u00edlabas, palabras y frases; 4 a 7 a\u00f1os.<br \/>\n<a href=\"https:\/\/www.educaplanet.com\/educaplanet\/juegos\/aprender-a-leer-con-grin\/\"><img loading=\"lazy\" decoding=\"async\" class=\"wp-image-180 size-medium aligncenter\" title=\"Leo con grin - juegos de lectoescritura para infantil y primaria\" src=\"https:\/\/www.educaplanet.com\/educaplanet\/wp-content\/uploads\/2013\/11\/leogrin-abejas-300x206.png\" alt=\"Ejercicios de lectura de palabras\" width=\"300\" height=\"206\" srcset=\"https:\/\/www.educaplanet.com\/educaplanet\/wp-content\/uploads\/2013\/11\/leogrin-abejas-300x206.png 300w, https:\/\/www.educaplanet.com\/educaplanet\/wp-content\/uploads\/2013\/11\/leogrin-abejas.png 600w\" sizes=\"auto, (max-width: 300px) 100vw, 300px\" \/><\/a><\/p>\n<h3>English 456 kids aprender ingl\u00e9s<\/h3>\n<p>Vocabulario, pronunciaci\u00f3n y juegos. De 3 a 7 a\u00f1os.<br \/>\n<img loading=\"lazy\" decoding=\"async\" class=\"aligncenter wp-image-2840 size-medium\" title=\"English 456 para infantil y primaria\" src=\"https:\/\/www.educaplanet.com\/educaplanet\/wp-content\/uploads\/2017\/11\/english456-300x206.png\" alt=\"\" width=\"300\" height=\"206\" \/><br \/>\n<\/div>\n<div class=\"one_fourth\">\n<h3>Aprender a leer 2: de 5 a 7 a\u00f1os<\/h3>\n<p>S\u00edlabas trabadas, inversas y comprensi\u00f3n.<br \/>\n<img loading=\"lazy\" decoding=\"async\" class=\"aligncenter size-full wp-image-3957\" src=\"https:\/\/www.educaplanet.com\/educaplanet\/wp-content\/uploads\/2019\/03\/teclea-frases.png\" alt=\"teclea frases lee2\" width=\"300\" height=\"205\" \/><\/p>\n<h3>Primeras palabras: de 4 a 6\u00a0a\u00f1os<\/h3>\n<p>Vocabulario, deletreo, memory, lectura, etc.<img loading=\"lazy\" decoding=\"async\" class=\"aligncenter size-full wp-image-3955\" src=\"https:\/\/www.educaplanet.com\/educaplanet\/wp-content\/uploads\/2019\/03\/deletrear-palabras-juego-app.png\" alt=\"deletrear palabras juego app\" width=\"300\" height=\"205\" \/><\/p>\n<\/div>\n<div class=\"one_fourth\">\n<h3>Matem\u00e1ticas con Grin I: de 4 a 6 a\u00f1os<\/h3>\n<p>Geometr\u00eda, n\u00fameros, contar, c\u00e1lculo, etc.<br \/>\n<a href=\"https:\/\/www.educaplanet.com\/educaplanet\/matematicas-grin-456\/\"><img loading=\"lazy\" decoding=\"async\" class=\"aligncenter wp-image-1817 size-medium\" title=\"Matem\u00e1ticas con Grin\" src=\"https:\/\/www.educaplanet.com\/educaplanet\/wp-content\/uploads\/2016\/12\/menu-contenidos-p-300x206.png\" alt=\"Matem\u00e1ticas con Grin 456\" width=\"300\" height=\"206\" srcset=\"https:\/\/www.educaplanet.com\/educaplanet\/wp-content\/uploads\/2016\/12\/menu-contenidos-p-300x206.png 300w, https:\/\/www.educaplanet.com\/educaplanet\/wp-content\/uploads\/2016\/12\/menu-contenidos-p.png 500w\" sizes=\"auto, (max-width: 300px) 100vw, 300px\" \/><\/a><\/p>\n<h3>Kely: app para sumar y restar<\/h3>\n<p>App c\u00e1lculo\u00a0para repasar sumas y restas.<br \/>\n<a href=\"https:\/\/www.educaplanet.com\/educaplanet\/kely-sumas\/\"><img loading=\"lazy\" decoding=\"async\" class=\"wp-image-681 size-medium aligncenter\" title=\"C\u00e1lculo mental sumar y restar operaciones y problemas\" src=\"https:\/\/www.educaplanet.com\/educaplanet\/wp-content\/uploads\/2015\/04\/luciernaga_kely_sumas_restas_app-300x206.png\" alt=\"apps juegos kely sumas y restas \" width=\"300\" height=\"205\" \/><\/a><\/p>\n<h3><\/h3>\n<h3>Tikimates: multiplicar y dividir<\/h3>\n<p>App c\u00e1lculo para las tablas de multiplicar y dividir.<br \/>\n<a href=\"https:\/\/www.educaplanet.com\/educaplanet\/juegos\/tikimates\/\"><img loading=\"lazy\" decoding=\"async\" class=\"wp-image-681 size-medium aligncenter\" title=\"C\u00e1lculo mental multiplicaciones y divisiones TIKIMATES \" src=\"https:\/\/www.educaplanet.com\/educaplanet\/wp-content\/uploads\/2013\/11\/serpiente_operaciones_multiplicar_dividir-300x205.png\" alt=\"Apps juegos C\u00e1lculo mental multiplicaciones y divisiones\" width=\"300\" height=\"205\" \/><\/a><br \/>\n<\/div>\n<div class=\"one_fourth last_column\">\n<h3>Matem\u00e1ticas con Grin II: de 6 a 9\u00a0a\u00f1os<\/h3>\n<p>Fracciones, multiplicaciones, dividir, miles, problemas, etc.<br \/>\n<a href=\"https:\/\/www.educaplanet.com\/educaplanet\/matematicas-con-grin-678\/\"><img loading=\"lazy\" decoding=\"async\" class=\"aligncenter wp-image-2336 size-medium\" title=\"Matem\u00e1ticas con Grin\" src=\"https:\/\/www.educaplanet.com\/educaplanet\/wp-content\/uploads\/2015\/04\/mates-678-pcpng-300x206.png\" alt=\"Aprender matem\u00e1ticas 7 a\u00f1os app juegos\" width=\"300\" height=\"206\" \/><\/a><\/p>\n<h3>Apps en ordenador y PDI<\/h3>\n<p>Aplicaciones en ordenador de mesa, port\u00e1til o MAC.<br \/>\n<a href=\"https:\/\/www.educaplanet.com\/educaplanet\/juegos\/pc-mac\/\"><img loading=\"lazy\" decoding=\"async\" class=\"aligncenter size-medium wp-image-1089\" src=\"https:\/\/www.educaplanet.com\/educaplanet\/wp-content\/uploads\/2015\/04\/aprender_leer_ordenador_web-300x206.jpg\" alt=\"Juegos para infantil y primaria en ordenador\" width=\"300\" height=\"206\" \/><\/a><br \/>\n<\/div>\n<div class=\"clear\"><\/div>\n","protected":false},"excerpt":{"rendered":"<p>Estas son todas nuestras apps juegos que ten\u00e9is disponibles en las tiendas de Google Play e iTunes. Son juegos dirigidos a ni\u00f1os y ni\u00f1as para jugar y aprender en casa.<\/p>\n","protected":false},"author":3,"featured_media":1141,"parent":0,"menu_order":0,"comment_status":"open","ping_status":"open","template":"page-Portfolio3Col.php","meta":{"_monsterinsights_skip_tracking":false,"_monsterinsights_sitenote_active":false,"_monsterinsights_sitenote_note":"","_monsterinsights_sitenote_category":0,"footnotes":""},"class_list":["post-1015","page","type-page","status-publish","has-post-thumbnail","hentry"],"yoast_head":"<!-- This site is optimized with the Yoast SEO plugin v27.2 - https:\/\/yoast.com\/product\/yoast-seo-wordpress\/ -->\n<title>Apps juegos educaci\u00f3n Infantil y Primer ciclo de Primaria<\/title>\n<meta name=\"description\" content=\"Apps juegos para Educacion Infantil y preescolar y Primaria para aprender a leer y matem\u00e1ticas. Desde 4 a\u00f1os hasta 8 o 9 a\u00f1os.\" \/>\n<meta name=\"robots\" content=\"index, follow, max-snippet:-1, max-image-preview:large, max-video-preview:-1\" \/>\n<link rel=\"canonical\" href=\"https:\/\/www.educaplanet.com\/educaplanet\/apps-juegos\/\" \/>\n<meta property=\"og:locale\" content=\"es_ES\" \/>\n<meta property=\"og:type\" content=\"article\" \/>\n<meta property=\"og:title\" content=\"Apps juegos educaci\u00f3n Infantil y Primer ciclo de Primaria\" \/>\n<meta property=\"og:description\" content=\"Apps juegos para Educacion Infantil y preescolar y Primaria para aprender a leer y matem\u00e1ticas. Desde 4 a\u00f1os hasta 8 o 9 a\u00f1os.\" \/>\n<meta property=\"og:url\" content=\"https:\/\/www.educaplanet.com\/educaplanet\/apps-juegos\/\" \/>\n<meta property=\"og:site_name\" content=\"EDUCAPLANET APPS\" \/>\n<meta property=\"article:publisher\" content=\"https:\/\/www.facebook.com\/educaplanet\" \/>\n<meta property=\"article:modified_time\" content=\"2019-03-18T10:15:46+00:00\" \/>\n<meta property=\"og:image\" content=\"https:\/\/www.educaplanet.com\/educaplanet\/wp-content\/uploads\/2015\/06\/ipad_apps_nene_mama_infantil_sumas.jpg\" \/>\n\t<meta property=\"og:image:width\" content=\"300\" \/>\n\t<meta property=\"og:image:height\" content=\"300\" \/>\n\t<meta property=\"og:image:type\" content=\"image\/jpeg\" \/>\n<meta name=\"twitter:card\" content=\"summary_large_image\" \/>\n<meta name=\"twitter:site\" content=\"@educaplanet_es\" \/>\n<meta name=\"twitter:label1\" content=\"Tiempo de lectura\" \/>\n\t<meta name=\"twitter:data1\" content=\"1 minuto\" \/>\n<script type=\"application\/ld+json\" class=\"yoast-schema-graph\">{\"@context\":\"https:\/\/schema.org\",\"@graph\":[{\"@type\":\"WebPage\",\"@id\":\"https:\/\/www.educaplanet.com\/educaplanet\/apps-juegos\/\",\"url\":\"https:\/\/www.educaplanet.com\/educaplanet\/apps-juegos\/\",\"name\":\"Apps juegos educaci\u00f3n Infantil y Primer ciclo de Primaria\",\"isPartOf\":{\"@id\":\"https:\/\/www.educaplanet.com\/educaplanet\/#website\"},\"primaryImageOfPage\":{\"@id\":\"https:\/\/www.educaplanet.com\/educaplanet\/apps-juegos\/#primaryimage\"},\"image\":{\"@id\":\"https:\/\/www.educaplanet.com\/educaplanet\/apps-juegos\/#primaryimage\"},\"thumbnailUrl\":\"https:\/\/www.educaplanet.com\/educaplanet\/wp-content\/uploads\/2015\/06\/ipad_apps_nene_mama_infantil_sumas.jpg\",\"datePublished\":\"2015-04-27T15:03:28+00:00\",\"dateModified\":\"2019-03-18T10:15:46+00:00\",\"description\":\"Apps juegos para Educacion Infantil y preescolar y Primaria para aprender a leer y matem\u00e1ticas. Desde 4 a\u00f1os hasta 8 o 9 a\u00f1os.\",\"breadcrumb\":{\"@id\":\"https:\/\/www.educaplanet.com\/educaplanet\/apps-juegos\/#breadcrumb\"},\"inLanguage\":\"es\",\"potentialAction\":[{\"@type\":\"ReadAction\",\"target\":[\"https:\/\/www.educaplanet.com\/educaplanet\/apps-juegos\/\"]}]},{\"@type\":\"ImageObject\",\"inLanguage\":\"es\",\"@id\":\"https:\/\/www.educaplanet.com\/educaplanet\/apps-juegos\/#primaryimage\",\"url\":\"https:\/\/www.educaplanet.com\/educaplanet\/wp-content\/uploads\/2015\/06\/ipad_apps_nene_mama_infantil_sumas.jpg\",\"contentUrl\":\"https:\/\/www.educaplanet.com\/educaplanet\/wp-content\/uploads\/2015\/06\/ipad_apps_nene_mama_infantil_sumas.jpg\",\"width\":300,\"height\":300,\"caption\":\"Juegos para ni\u00f1os y ni\u00f1as tablet sumar\"},{\"@type\":\"BreadcrumbList\",\"@id\":\"https:\/\/www.educaplanet.com\/educaplanet\/apps-juegos\/#breadcrumb\",\"itemListElement\":[{\"@type\":\"ListItem\",\"position\":1,\"name\":\"Portada\",\"item\":\"https:\/\/www.educaplanet.com\/educaplanet\/\"},{\"@type\":\"ListItem\",\"position\":2,\"name\":\"Apps juegos\"}]},{\"@type\":\"WebSite\",\"@id\":\"https:\/\/www.educaplanet.com\/educaplanet\/#website\",\"url\":\"https:\/\/www.educaplanet.com\/educaplanet\/\",\"name\":\"EDUCAPLANET APPS\",\"description\":\"Apps y juegos educativos para ni\u00f1os y ni\u00f1as\",\"potentialAction\":[{\"@type\":\"SearchAction\",\"target\":{\"@type\":\"EntryPoint\",\"urlTemplate\":\"https:\/\/www.educaplanet.com\/educaplanet\/?s={search_term_string}\"},\"query-input\":{\"@type\":\"PropertyValueSpecification\",\"valueRequired\":true,\"valueName\":\"search_term_string\"}}],\"inLanguage\":\"es\"}]}<\/script>\n<!-- \/ Yoast SEO plugin. -->","yoast_head_json":{"title":"Apps juegos educaci\u00f3n Infantil y Primer ciclo de Primaria","description":"Apps juegos para Educacion Infantil y preescolar y Primaria para aprender a leer y matem\u00e1ticas. Desde 4 a\u00f1os hasta 8 o 9 a\u00f1os.","robots":{"index":"index","follow":"follow","max-snippet":"max-snippet:-1","max-image-preview":"max-image-preview:large","max-video-preview":"max-video-preview:-1"},"canonical":"https:\/\/www.educaplanet.com\/educaplanet\/apps-juegos\/","og_locale":"es_ES","og_type":"article","og_title":"Apps juegos educaci\u00f3n Infantil y Primer ciclo de Primaria","og_description":"Apps juegos para Educacion Infantil y preescolar y Primaria para aprender a leer y matem\u00e1ticas. Desde 4 a\u00f1os hasta 8 o 9 a\u00f1os.","og_url":"https:\/\/www.educaplanet.com\/educaplanet\/apps-juegos\/","og_site_name":"EDUCAPLANET APPS","article_publisher":"https:\/\/www.facebook.com\/educaplanet","article_modified_time":"2019-03-18T10:15:46+00:00","og_image":[{"width":300,"height":300,"url":"https:\/\/www.educaplanet.com\/educaplanet\/wp-content\/uploads\/2015\/06\/ipad_apps_nene_mama_infantil_sumas.jpg","type":"image\/jpeg"}],"twitter_card":"summary_large_image","twitter_site":"@educaplanet_es","twitter_misc":{"Tiempo de lectura":"1 minuto"},"schema":{"@context":"https:\/\/schema.org","@graph":[{"@type":"WebPage","@id":"https:\/\/www.educaplanet.com\/educaplanet\/apps-juegos\/","url":"https:\/\/www.educaplanet.com\/educaplanet\/apps-juegos\/","name":"Apps juegos educaci\u00f3n Infantil y Primer ciclo de Primaria","isPartOf":{"@id":"https:\/\/www.educaplanet.com\/educaplanet\/#website"},"primaryImageOfPage":{"@id":"https:\/\/www.educaplanet.com\/educaplanet\/apps-juegos\/#primaryimage"},"image":{"@id":"https:\/\/www.educaplanet.com\/educaplanet\/apps-juegos\/#primaryimage"},"thumbnailUrl":"https:\/\/www.educaplanet.com\/educaplanet\/wp-content\/uploads\/2015\/06\/ipad_apps_nene_mama_infantil_sumas.jpg","datePublished":"2015-04-27T15:03:28+00:00","dateModified":"2019-03-18T10:15:46+00:00","description":"Apps juegos para Educacion Infantil y preescolar y Primaria para aprender a leer y matem\u00e1ticas. Desde 4 a\u00f1os hasta 8 o 9 a\u00f1os.","breadcrumb":{"@id":"https:\/\/www.educaplanet.com\/educaplanet\/apps-juegos\/#breadcrumb"},"inLanguage":"es","potentialAction":[{"@type":"ReadAction","target":["https:\/\/www.educaplanet.com\/educaplanet\/apps-juegos\/"]}]},{"@type":"ImageObject","inLanguage":"es","@id":"https:\/\/www.educaplanet.com\/educaplanet\/apps-juegos\/#primaryimage","url":"https:\/\/www.educaplanet.com\/educaplanet\/wp-content\/uploads\/2015\/06\/ipad_apps_nene_mama_infantil_sumas.jpg","contentUrl":"https:\/\/www.educaplanet.com\/educaplanet\/wp-content\/uploads\/2015\/06\/ipad_apps_nene_mama_infantil_sumas.jpg","width":300,"height":300,"caption":"Juegos para ni\u00f1os y ni\u00f1as tablet sumar"},{"@type":"BreadcrumbList","@id":"https:\/\/www.educaplanet.com\/educaplanet\/apps-juegos\/#breadcrumb","itemListElement":[{"@type":"ListItem","position":1,"name":"Portada","item":"https:\/\/www.educaplanet.com\/educaplanet\/"},{"@type":"ListItem","position":2,"name":"Apps juegos"}]},{"@type":"WebSite","@id":"https:\/\/www.educaplanet.com\/educaplanet\/#website","url":"https:\/\/www.educaplanet.com\/educaplanet\/","name":"EDUCAPLANET APPS","description":"Apps y juegos educativos para ni\u00f1os y ni\u00f1as","potentialAction":[{"@type":"SearchAction","target":{"@type":"EntryPoint","urlTemplate":"https:\/\/www.educaplanet.com\/educaplanet\/?s={search_term_string}"},"query-input":{"@type":"PropertyValueSpecification","valueRequired":true,"valueName":"search_term_string"}}],"inLanguage":"es"}]}},"_links":{"self":[{"href":"https:\/\/www.educaplanet.com\/educaplanet\/wp-json\/wp\/v2\/pages\/1015","targetHints":{"allow":["GET"]}}],"collection":[{"href":"https:\/\/www.educaplanet.com\/educaplanet\/wp-json\/wp\/v2\/pages"}],"about":[{"href":"https:\/\/www.educaplanet.com\/educaplanet\/wp-json\/wp\/v2\/types\/page"}],"author":[{"embeddable":true,"href":"https:\/\/www.educaplanet.com\/educaplanet\/wp-json\/wp\/v2\/users\/3"}],"replies":[{"embeddable":true,"href":"https:\/\/www.educaplanet.com\/educaplanet\/wp-json\/wp\/v2\/comments?post=1015"}],"version-history":[{"count":21,"href":"https:\/\/www.educaplanet.com\/educaplanet\/wp-json\/wp\/v2\/pages\/1015\/revisions"}],"predecessor-version":[{"id":3962,"href":"https:\/\/www.educaplanet.com\/educaplanet\/wp-json\/wp\/v2\/pages\/1015\/revisions\/3962"}],"wp:featuredmedia":[{"embeddable":true,"href":"https:\/\/www.educaplanet.com\/educaplanet\/wp-json\/wp\/v2\/media\/1141"}],"wp:attachment":[{"href":"https:\/\/www.educaplanet.com\/educaplanet\/wp-json\/wp\/v2\/media?parent=1015"}],"curies":[{"name":"wp","href":"https:\/\/api.w.org\/{rel}","templated":true}]}}