{"id":1735,"date":"2016-10-18T07:54:06","date_gmt":"2016-10-18T07:54:06","guid":{"rendered":"http:\/\/www.educaplanet.com\/educaplanet\/?page_id=1735"},"modified":"2019-03-11T11:21:45","modified_gmt":"2019-03-11T10:21:45","slug":"colegios","status":"publish","type":"page","link":"https:\/\/www.educaplanet.com\/educaplanet\/colegios\/","title":{"rendered":"COLEGIO"},"content":{"rendered":"<h1>\u00bfEres profesor o profesora en un centro educativo?<\/h1>\n<div id=\"attachment_1740\" style=\"width: 267px\" class=\"wp-caption aligncenter\"><img loading=\"lazy\" decoding=\"async\" aria-describedby=\"caption-attachment-1740\" class=\"size-full wp-image-1740\" src=\"http:\/\/www.educaplanet.com\/educaplanet\/wp-content\/uploads\/2016\/10\/pdi-colegio-trazar.png\" alt=\"aprender a leer juegos abecedario\" width=\"257\" height=\"218\" \/><p id=\"caption-attachment-1740\" class=\"wp-caption-text\">Leo con Grin funciona en PDI<\/p><\/div>\n<p>Contacta con nosotros para beneficiarte de los precios especiales y descuentos por n\u00famero de licencias.<\/p>\n<h2>\u00a1Escr\u00edbenos con tus datos y los de tu centro educativo!<\/h2>\n<p>&nbsp;<\/p>\n\n<div class=\"wpcf7 no-js\" id=\"wpcf7-f1737-o1\" lang=\"es-ES\" dir=\"ltr\" data-wpcf7-id=\"1737\">\n<div class=\"screen-reader-response\"><p role=\"status\" aria-live=\"polite\" aria-atomic=\"true\"><\/p> <ul><\/ul><\/div>\n<form action=\"\/educaplanet\/wp-json\/wp\/v2\/pages\/1735#wpcf7-f1737-o1\" method=\"post\" class=\"wpcf7-form init\" aria-label=\"Formulario de contacto\" novalidate=\"novalidate\" data-status=\"init\">\n<fieldset class=\"hidden-fields-container\"><input type=\"hidden\" name=\"_wpcf7\" value=\"1737\" \/><input type=\"hidden\" name=\"_wpcf7_version\" value=\"6.1.5\" \/><input type=\"hidden\" name=\"_wpcf7_locale\" value=\"es_ES\" \/><input type=\"hidden\" name=\"_wpcf7_unit_tag\" value=\"wpcf7-f1737-o1\" \/><input type=\"hidden\" name=\"_wpcf7_container_post\" value=\"0\" \/><input type=\"hidden\" name=\"_wpcf7_posted_data_hash\" value=\"\" \/>\n<\/fieldset>\n<p><label> Nombre (requerido)<br \/>\n<span class=\"wpcf7-form-control-wrap\" data-name=\"your-name\"><input size=\"40\" maxlength=\"400\" class=\"wpcf7-form-control wpcf7-text wpcf7-validates-as-required\" aria-required=\"true\" aria-invalid=\"false\" value=\"\" type=\"text\" name=\"your-name\" \/><\/span> <\/label>\n<\/p>\n<p><label> Correo electr\u00f3nico (requerido)<br \/>\n<span class=\"wpcf7-form-control-wrap\" data-name=\"your-email\"><input size=\"40\" maxlength=\"400\" class=\"wpcf7-form-control wpcf7-email wpcf7-validates-as-required wpcf7-text wpcf7-validates-as-email\" aria-required=\"true\" aria-invalid=\"false\" value=\"\" type=\"email\" name=\"your-email\" \/><\/span> <\/label>\n<\/p>\n<p><label> Centro Educativo<br \/>\n<span class=\"wpcf7-form-control-wrap\" data-name=\"your-subject\"><input size=\"40\" maxlength=\"400\" class=\"wpcf7-form-control wpcf7-text\" aria-invalid=\"false\" value=\"\" type=\"text\" name=\"your-subject\" \/><\/span> <\/label>\n<\/p>\n<p><label> Tel\u00e9fono (requerido)<br \/>\n<span class=\"wpcf7-form-control-wrap\" data-name=\"tel-668\"><input size=\"40\" maxlength=\"400\" class=\"wpcf7-form-control wpcf7-tel wpcf7-validates-as-required wpcf7-text wpcf7-validates-as-tel\" aria-required=\"true\" aria-invalid=\"false\" value=\"\" type=\"tel\" name=\"tel-668\" \/><\/span><\/label>\n<\/p>\n<p><label> Pa\u00eds<br \/>\n<span class=\"wpcf7-form-control-wrap\" data-name=\"text-149\"><input size=\"40\" maxlength=\"400\" class=\"wpcf7-form-control wpcf7-text\" aria-invalid=\"false\" value=\"\" type=\"text\" name=\"text-149\" \/><\/span><\/label>\n<\/p>\n<p><label> Mensaje<br \/>\n<span class=\"wpcf7-form-control-wrap\" data-name=\"your-message\"><textarea cols=\"40\" rows=\"10\" maxlength=\"2000\" class=\"wpcf7-form-control wpcf7-textarea\" aria-invalid=\"false\" name=\"your-message\"><\/textarea><\/span> <\/label>\n<\/p>\n<p><div id=\"cf7sr-69f2f021b29e3\" class=\"cf7sr-g-recaptcha\" data-theme=\"light\" data-type=\"image\" data-size=\"normal\" data-sitekey=\"6LfDNOkSAAAAANb2llUWaPmKqvwL48nlY5ysdWhE\"><\/div><span class=\"wpcf7-form-control-wrap cf7sr-recaptcha\" data-name=\"cf7sr-recaptcha\"><input type=\"hidden\" name=\"cf7sr-recaptcha\" value=\"\" class=\"wpcf7-form-control\"><\/span>\n<\/p>\n<p><span class=\"wpcf7-form-control-wrap\" data-name=\"accept-this-1\"><span class=\"wpcf7-form-control wpcf7-acceptance\"><span class=\"wpcf7-list-item\"><label><input type=\"checkbox\" name=\"accept-this-1\" value=\"1\" aria-invalid=\"false\" \/><span class=\"wpcf7-list-item-label\">Al enviar este correo acepta nuestra pol\u00edtica de privacidad.<\/span><\/label><\/span><\/span><\/span><br \/>\n<span class=\"wpcf7-form-control-wrap\" data-name=\"acceptance-62\"><span class=\"wpcf7-form-control wpcf7-acceptance optional\"><span class=\"wpcf7-list-item\"><label><input type=\"checkbox\" name=\"acceptance-62\" value=\"1\" aria-invalid=\"false\" \/><span class=\"wpcf7-list-item-label\">Al usar este formulario accedes al almacenamiento y gesti\u00f3n de tus datos por parte de esta web.<\/span><\/label><\/span><\/span><\/span>\n<\/p>\n<p><input class=\"wpcf7-form-control wpcf7-submit has-spinner\" type=\"submit\" value=\"Enviar\" \/>\n<\/p><div class=\"wpcf7-response-output\" aria-hidden=\"true\"><\/div>\n<\/form>\n<\/div>\n\n<p>Te podemos preparar un <strong>presupuesto<\/strong>\u00a0que se adapte a tu centro, sin ning\u00fan compromiso.<\/p>\n<p><strong>\u00bfTe interesa que tus alumnos tengan nuestras apps durante este curso?<\/strong><br \/>\nPodemos crear c\u00f3digos para que puedan usarlas en casa. Un regalo educativo que los padres y madres de tu centro agradecer\u00e1n.<\/p>\n<ul>\n<li><a href=\"http:\/\/www.educaplanet.com\/educaplanet\/juegos\/aprender-a-leer-con-grin\/\"><strong>LEO CON GRIN<\/strong><\/a> Aprender a leer y escribir<\/li>\n<li><a href=\"http:\/\/www.educaplanet.com\/educaplanet\/kely-sumas\/\"><strong>KELY SUMAR Y RESTAR<\/strong><\/a> c\u00e1lculo de sumas y restas<\/li>\n<li><a href=\"http:\/\/www.educaplanet.com\/educaplanet\/juegos\/tikimates\/\"><strong>TIKIMATES<\/strong><\/a> c\u00e1lculo de multiplicaciones y divisiones<\/li>\n<\/ul>\n<p><strong>\u00bfHas notado que\u00a0te falta alg\u00fan detalle en nuestras aplicaciones educativas?<\/strong><br \/>\nP\u00eddelo, estamos encantados de contar con <em>feedback<\/em> real: info@educaplanet.com<\/p>\n","protected":false},"excerpt":{"rendered":"<p>\u00bfEres profesor o profesora en un centro educativo? Contacta con nosotros para beneficiarte de los precios especiales y descuentos por n\u00famero de licencias. \u00a1Escr\u00edbenos con tus datos y los de tu centro educativo! &nbsp; Te podemos preparar un presupuesto\u00a0que se adapte a tu centro, sin ning\u00fan compromiso. \u00bfTe interesa que tus alumnos tengan nuestras apps durante este curso? Podemos crear c\u00f3digos para que puedan usarlas en casa. Un regalo educativo que los padres y madres de tu centro agradecer\u00e1n. LEO CON GRIN Aprender a leer y escribir KELY SUMAR Y RESTAR c\u00e1lculo de sumas y restas TIKIMATES c\u00e1lculo de multiplicaciones<\/p>\n","protected":false},"author":3,"featured_media":1740,"parent":0,"menu_order":0,"comment_status":"closed","ping_status":"closed","template":"","meta":{"_monsterinsights_skip_tracking":false,"_monsterinsights_sitenote_active":false,"_monsterinsights_sitenote_note":"","_monsterinsights_sitenote_category":0,"footnotes":""},"class_list":["post-1735","page","type-page","status-publish","has-post-thumbnail","hentry"],"yoast_head":"<!-- This site is optimized with the Yoast SEO plugin v27.2 - https:\/\/yoast.com\/product\/yoast-seo-wordpress\/ -->\n<title>COLEGIO aplicaciones educativas con precios especiales<\/title>\n<meta name=\"description\" content=\"Colegio: Precios especiales y descuentos por n\u00famero de licencias especial para colegios y centros educativos. Contacta con nosotros.\" \/>\n<meta name=\"robots\" content=\"index, follow, max-snippet:-1, max-image-preview:large, max-video-preview:-1\" \/>\n<link rel=\"canonical\" href=\"https:\/\/www.educaplanet.com\/educaplanet\/colegios\/\" \/>\n<meta property=\"og:locale\" content=\"es_ES\" \/>\n<meta property=\"og:type\" content=\"article\" \/>\n<meta property=\"og:title\" content=\"COLEGIO aplicaciones educativas con precios especiales\" \/>\n<meta property=\"og:description\" content=\"Colegio: Precios especiales y descuentos por n\u00famero de licencias especial para colegios y centros educativos. Contacta con nosotros.\" \/>\n<meta property=\"og:url\" content=\"https:\/\/www.educaplanet.com\/educaplanet\/colegios\/\" \/>\n<meta property=\"og:site_name\" content=\"EDUCAPLANET APPS\" \/>\n<meta property=\"article:publisher\" content=\"https:\/\/www.facebook.com\/educaplanet\" \/>\n<meta property=\"article:modified_time\" content=\"2019-03-11T10:21:45+00:00\" \/>\n<meta property=\"og:image\" content=\"https:\/\/www.educaplanet.com\/educaplanet\/wp-content\/uploads\/2016\/10\/pdi-colegio-trazar.png\" \/>\n\t<meta property=\"og:image:width\" content=\"257\" \/>\n\t<meta property=\"og:image:height\" content=\"218\" \/>\n\t<meta property=\"og:image:type\" content=\"image\/png\" \/>\n<meta name=\"twitter:card\" content=\"summary_large_image\" \/>\n<meta name=\"twitter:site\" content=\"@educaplanet_es\" \/>\n<meta name=\"twitter:label1\" content=\"Tiempo de lectura\" \/>\n\t<meta name=\"twitter:data1\" content=\"1 minuto\" \/>\n<script type=\"application\/ld+json\" class=\"yoast-schema-graph\">{\"@context\":\"https:\/\/schema.org\",\"@graph\":[{\"@type\":\"WebPage\",\"@id\":\"https:\/\/www.educaplanet.com\/educaplanet\/colegios\/\",\"url\":\"https:\/\/www.educaplanet.com\/educaplanet\/colegios\/\",\"name\":\"COLEGIO aplicaciones educativas con precios especiales\",\"isPartOf\":{\"@id\":\"https:\/\/www.educaplanet.com\/educaplanet\/#website\"},\"primaryImageOfPage\":{\"@id\":\"https:\/\/www.educaplanet.com\/educaplanet\/colegios\/#primaryimage\"},\"image\":{\"@id\":\"https:\/\/www.educaplanet.com\/educaplanet\/colegios\/#primaryimage\"},\"thumbnailUrl\":\"https:\/\/www.educaplanet.com\/educaplanet\/wp-content\/uploads\/2016\/10\/pdi-colegio-trazar.png\",\"datePublished\":\"2016-10-18T07:54:06+00:00\",\"dateModified\":\"2019-03-11T10:21:45+00:00\",\"description\":\"Colegio: Precios especiales y descuentos por n\u00famero de licencias especial para colegios y centros educativos. Contacta con nosotros.\",\"breadcrumb\":{\"@id\":\"https:\/\/www.educaplanet.com\/educaplanet\/colegios\/#breadcrumb\"},\"inLanguage\":\"es\",\"potentialAction\":[{\"@type\":\"ReadAction\",\"target\":[\"https:\/\/www.educaplanet.com\/educaplanet\/colegios\/\"]}]},{\"@type\":\"ImageObject\",\"inLanguage\":\"es\",\"@id\":\"https:\/\/www.educaplanet.com\/educaplanet\/colegios\/#primaryimage\",\"url\":\"https:\/\/www.educaplanet.com\/educaplanet\/wp-content\/uploads\/2016\/10\/pdi-colegio-trazar.png\",\"contentUrl\":\"https:\/\/www.educaplanet.com\/educaplanet\/wp-content\/uploads\/2016\/10\/pdi-colegio-trazar.png\",\"width\":257,\"height\":218,\"caption\":\"Leo con Grin funciona en PDI\"},{\"@type\":\"BreadcrumbList\",\"@id\":\"https:\/\/www.educaplanet.com\/educaplanet\/colegios\/#breadcrumb\",\"itemListElement\":[{\"@type\":\"ListItem\",\"position\":1,\"name\":\"Portada\",\"item\":\"https:\/\/www.educaplanet.com\/educaplanet\/\"},{\"@type\":\"ListItem\",\"position\":2,\"name\":\"COLEGIO\"}]},{\"@type\":\"WebSite\",\"@id\":\"https:\/\/www.educaplanet.com\/educaplanet\/#website\",\"url\":\"https:\/\/www.educaplanet.com\/educaplanet\/\",\"name\":\"EDUCAPLANET APPS\",\"description\":\"Apps y juegos educativos para ni\u00f1os y ni\u00f1as\",\"potentialAction\":[{\"@type\":\"SearchAction\",\"target\":{\"@type\":\"EntryPoint\",\"urlTemplate\":\"https:\/\/www.educaplanet.com\/educaplanet\/?s={search_term_string}\"},\"query-input\":{\"@type\":\"PropertyValueSpecification\",\"valueRequired\":true,\"valueName\":\"search_term_string\"}}],\"inLanguage\":\"es\"}]}<\/script>\n<!-- \/ Yoast SEO plugin. -->","yoast_head_json":{"title":"COLEGIO aplicaciones educativas con precios especiales","description":"Colegio: Precios especiales y descuentos por n\u00famero de licencias especial para colegios y centros educativos. Contacta con nosotros.","robots":{"index":"index","follow":"follow","max-snippet":"max-snippet:-1","max-image-preview":"max-image-preview:large","max-video-preview":"max-video-preview:-1"},"canonical":"https:\/\/www.educaplanet.com\/educaplanet\/colegios\/","og_locale":"es_ES","og_type":"article","og_title":"COLEGIO aplicaciones educativas con precios especiales","og_description":"Colegio: Precios especiales y descuentos por n\u00famero de licencias especial para colegios y centros educativos. Contacta con nosotros.","og_url":"https:\/\/www.educaplanet.com\/educaplanet\/colegios\/","og_site_name":"EDUCAPLANET APPS","article_publisher":"https:\/\/www.facebook.com\/educaplanet","article_modified_time":"2019-03-11T10:21:45+00:00","og_image":[{"width":257,"height":218,"url":"https:\/\/www.educaplanet.com\/educaplanet\/wp-content\/uploads\/2016\/10\/pdi-colegio-trazar.png","type":"image\/png"}],"twitter_card":"summary_large_image","twitter_site":"@educaplanet_es","twitter_misc":{"Tiempo de lectura":"1 minuto"},"schema":{"@context":"https:\/\/schema.org","@graph":[{"@type":"WebPage","@id":"https:\/\/www.educaplanet.com\/educaplanet\/colegios\/","url":"https:\/\/www.educaplanet.com\/educaplanet\/colegios\/","name":"COLEGIO aplicaciones educativas con precios especiales","isPartOf":{"@id":"https:\/\/www.educaplanet.com\/educaplanet\/#website"},"primaryImageOfPage":{"@id":"https:\/\/www.educaplanet.com\/educaplanet\/colegios\/#primaryimage"},"image":{"@id":"https:\/\/www.educaplanet.com\/educaplanet\/colegios\/#primaryimage"},"thumbnailUrl":"https:\/\/www.educaplanet.com\/educaplanet\/wp-content\/uploads\/2016\/10\/pdi-colegio-trazar.png","datePublished":"2016-10-18T07:54:06+00:00","dateModified":"2019-03-11T10:21:45+00:00","description":"Colegio: Precios especiales y descuentos por n\u00famero de licencias especial para colegios y centros educativos. Contacta con nosotros.","breadcrumb":{"@id":"https:\/\/www.educaplanet.com\/educaplanet\/colegios\/#breadcrumb"},"inLanguage":"es","potentialAction":[{"@type":"ReadAction","target":["https:\/\/www.educaplanet.com\/educaplanet\/colegios\/"]}]},{"@type":"ImageObject","inLanguage":"es","@id":"https:\/\/www.educaplanet.com\/educaplanet\/colegios\/#primaryimage","url":"https:\/\/www.educaplanet.com\/educaplanet\/wp-content\/uploads\/2016\/10\/pdi-colegio-trazar.png","contentUrl":"https:\/\/www.educaplanet.com\/educaplanet\/wp-content\/uploads\/2016\/10\/pdi-colegio-trazar.png","width":257,"height":218,"caption":"Leo con Grin funciona en PDI"},{"@type":"BreadcrumbList","@id":"https:\/\/www.educaplanet.com\/educaplanet\/colegios\/#breadcrumb","itemListElement":[{"@type":"ListItem","position":1,"name":"Portada","item":"https:\/\/www.educaplanet.com\/educaplanet\/"},{"@type":"ListItem","position":2,"name":"COLEGIO"}]},{"@type":"WebSite","@id":"https:\/\/www.educaplanet.com\/educaplanet\/#website","url":"https:\/\/www.educaplanet.com\/educaplanet\/","name":"EDUCAPLANET APPS","description":"Apps y juegos educativos para ni\u00f1os y ni\u00f1as","potentialAction":[{"@type":"SearchAction","target":{"@type":"EntryPoint","urlTemplate":"https:\/\/www.educaplanet.com\/educaplanet\/?s={search_term_string}"},"query-input":{"@type":"PropertyValueSpecification","valueRequired":true,"valueName":"search_term_string"}}],"inLanguage":"es"}]}},"_links":{"self":[{"href":"https:\/\/www.educaplanet.com\/educaplanet\/wp-json\/wp\/v2\/pages\/1735","targetHints":{"allow":["GET"]}}],"collection":[{"href":"https:\/\/www.educaplanet.com\/educaplanet\/wp-json\/wp\/v2\/pages"}],"about":[{"href":"https:\/\/www.educaplanet.com\/educaplanet\/wp-json\/wp\/v2\/types\/page"}],"author":[{"embeddable":true,"href":"https:\/\/www.educaplanet.com\/educaplanet\/wp-json\/wp\/v2\/users\/3"}],"replies":[{"embeddable":true,"href":"https:\/\/www.educaplanet.com\/educaplanet\/wp-json\/wp\/v2\/comments?post=1735"}],"version-history":[{"count":10,"href":"https:\/\/www.educaplanet.com\/educaplanet\/wp-json\/wp\/v2\/pages\/1735\/revisions"}],"predecessor-version":[{"id":3934,"href":"https:\/\/www.educaplanet.com\/educaplanet\/wp-json\/wp\/v2\/pages\/1735\/revisions\/3934"}],"wp:featuredmedia":[{"embeddable":true,"href":"https:\/\/www.educaplanet.com\/educaplanet\/wp-json\/wp\/v2\/media\/1740"}],"wp:attachment":[{"href":"https:\/\/www.educaplanet.com\/educaplanet\/wp-json\/wp\/v2\/media?parent=1735"}],"curies":[{"name":"wp","href":"https:\/\/api.w.org\/{rel}","templated":true}]}}