{"id":2052,"date":"2017-02-23T12:10:54","date_gmt":"2017-02-23T11:10:54","guid":{"rendered":"http:\/\/www.educaplanet.com\/educaplanet\/?page_id=2052"},"modified":"2019-10-03T11:59:05","modified_gmt":"2019-10-03T10:59:05","slug":"quienes-somos","status":"publish","type":"page","link":"https:\/\/www.educaplanet.com\/educaplanet\/quienes-somos\/","title":{"rendered":"QUI\u00c9NES SOMOS"},"content":{"rendered":"<h1><strong>Qui\u00e9nes somos <\/strong><\/h1>\n<h2><strong>Quienes somos en EDUCAPLANET:<\/strong>\u00a0un estudio que crea juegos y apps educativas para ni\u00f1os y ni\u00f1as en tabletas y Smartphones Android y Apple.<img loading=\"lazy\" decoding=\"async\" class=\"aligncenter wp-image-2063 size-medium\" src=\"http:\/\/www.educaplanet.com\/educaplanet\/wp-content\/uploads\/2017\/02\/quienes-somos-300x209.png\" alt=\"quienes somos Educaplanet Barcelo Darder\" width=\"300\" height=\"209\" srcset=\"https:\/\/www.educaplanet.com\/educaplanet\/wp-content\/uploads\/2017\/02\/quienes-somos-300x209.png 300w, https:\/\/www.educaplanet.com\/educaplanet\/wp-content\/uploads\/2017\/02\/quienes-somos.png 431w\" sizes=\"auto, (max-width: 300px) 100vw, 300px\" \/><\/h2>\n<p>El equipo est\u00e1\u00a0formado por:\u00a0<strong>Fernando Darder<\/strong>\u00a0y <a href=\"http:\/\/evacreando.blogspot.com.es\/\"><strong>Eva Barcel\u00f3<\/strong><\/a>, creadores del software educativo <em>Pipo<\/em>, del que se vendieron millones de copias en todo el mundo.<\/p>\n<p>Juntos, llevan su\u00a0experiencia y saber hacer de m\u00e1s de 20 a\u00f1os en el desarrollo de juegos educativos al mundo de los m\u00f3viles y las tabletas.<\/p>\n<ul>\n<li><strong>Fernando<\/strong> es psic\u00f3logo,\u00a0programador, aficionado a la fotograf\u00eda y padre de tres ni\u00f1os que fueron beta testers de los primeros juegos que crearon hace casi veinte a\u00f1os y ahora son adultos terminando sus carreras.<\/li>\n<li><a href=\"http:\/\/evacreando.blogspot.com.es\/\"><strong>Eva<\/strong> <\/a>es ilustradora y responsable de contenidos, aficionada a los c\u00f3mics, cuentos y juegos infantiles y mam\u00e1\u00a0de dos ni\u00f1os que son los actuales beta testers de los juegos en las tabletas y los m\u00f3viles.<\/li>\n<\/ul>\n<h3>Creemos que jugando y pas\u00e1ndolo bien es la mejor manera de aprender cosas.<\/h3>\n<p><strong>Informaci\u00f3n Legal &#8211; quienes somos<\/strong><\/p>\n<p>Educaplanet s.l. \u00a0NIF B 57879454<br \/>\nT. (+34) \u2013 619343240 &#8211; 610 271755<br \/>\nC\/ Antoni Planas i Franch, n\u00ba5 2D. 07001 Palma de Mallorca. Illes Balears. Espa\u00f1a.<\/p>\n<p><iframe loading=\"lazy\" src=\"\/\/www.youtube.com\/embed\/BHNAhl2Po50?list=UUZ_wD6icRX3iKp53Y43JlWw\" width=\"560\" height=\"315\" frameborder=\"0\" allowfullscreen=\"allowfullscreen\"><\/iframe><\/p>\n<p>A Educaplanet le gusta que las aplicaciones se <strong>adapten<\/strong> a diferentes ni\u00f1os. Que sean una forma de <strong>adelantar y reforzar<\/strong>\u00a0lo que se aprende en clase dentro de un entorno\u00a0<strong>seguro<\/strong>. Las nuevas tecnolog\u00edas <strong>facilitan<\/strong> el aprendizaje y <strong>motivan<\/strong> m\u00e1s que otros soportes.\u00a0Nos gustar\u00eda que con nuestros juegos, padres y ni\u00f1os puedan disfrutaran de un momento especial juntos. Y que, adem\u00e1s, tras cada sesi\u00f3n podamos podamos ver sus\u00a0<strong>progresos<\/strong>.<\/p>\n","protected":false},"excerpt":{"rendered":"<p>Qui\u00e9nes somos Quienes somos en EDUCAPLANET:\u00a0un estudio que crea juegos y apps educativas para ni\u00f1os y ni\u00f1as en tabletas y Smartphones Android y Apple. El equipo est\u00e1\u00a0formado por:\u00a0Fernando Darder\u00a0y Eva Barcel\u00f3, creadores del software educativo Pipo, del que se vendieron millones de copias en todo el mundo. Juntos, llevan su\u00a0experiencia y saber hacer de m\u00e1s de 20 a\u00f1os en el desarrollo de juegos educativos al mundo de los m\u00f3viles y las tabletas. Fernando es psic\u00f3logo,\u00a0programador, aficionado a la fotograf\u00eda y padre de tres ni\u00f1os que fueron beta testers de los primeros juegos que crearon hace casi veinte a\u00f1os y ahora<\/p>\n","protected":false},"author":3,"featured_media":2063,"parent":0,"menu_order":0,"comment_status":"closed","ping_status":"closed","template":"","meta":{"_monsterinsights_skip_tracking":false,"_monsterinsights_sitenote_active":false,"_monsterinsights_sitenote_note":"","_monsterinsights_sitenote_category":0,"footnotes":""},"class_list":["post-2052","page","type-page","status-publish","has-post-thumbnail","hentry"],"yoast_head":"<!-- This site is optimized with the Yoast SEO plugin v27.2 - https:\/\/yoast.com\/product\/yoast-seo-wordpress\/ -->\n<title>Qui\u00e9nes somos Educaplanet: Eva Barcel\u00f3 y Fernando Darder<\/title>\n<meta name=\"description\" content=\"Quienes somos en Educaplanet: editorial digital que publica apps formada por Eva Barcel\u00f3 y Fernando Darder, creadores de los juegos Pipo.\" \/>\n<meta name=\"robots\" content=\"index, follow, max-snippet:-1, max-image-preview:large, max-video-preview:-1\" \/>\n<link rel=\"canonical\" href=\"https:\/\/www.educaplanet.com\/educaplanet\/quienes-somos\/\" \/>\n<meta property=\"og:locale\" content=\"es_ES\" \/>\n<meta property=\"og:type\" content=\"article\" \/>\n<meta property=\"og:title\" content=\"Qui\u00e9nes somos Educaplanet: Eva Barcel\u00f3 y Fernando Darder\" \/>\n<meta property=\"og:description\" content=\"Quienes somos en Educaplanet: editorial digital que publica apps formada por Eva Barcel\u00f3 y Fernando Darder, creadores de los juegos Pipo.\" \/>\n<meta property=\"og:url\" content=\"https:\/\/www.educaplanet.com\/educaplanet\/quienes-somos\/\" \/>\n<meta property=\"og:site_name\" content=\"EDUCAPLANET APPS\" \/>\n<meta property=\"article:publisher\" content=\"https:\/\/www.facebook.com\/educaplanet\" \/>\n<meta property=\"article:modified_time\" content=\"2019-10-03T10:59:05+00:00\" \/>\n<meta property=\"og:image\" content=\"https:\/\/www.educaplanet.com\/educaplanet\/wp-content\/uploads\/2017\/02\/quienes-somos.png\" \/>\n\t<meta property=\"og:image:width\" content=\"431\" \/>\n\t<meta property=\"og:image:height\" content=\"300\" \/>\n\t<meta property=\"og:image:type\" content=\"image\/png\" \/>\n<meta name=\"twitter:card\" content=\"summary_large_image\" \/>\n<meta name=\"twitter:site\" content=\"@educaplanet_es\" \/>\n<meta name=\"twitter:label1\" content=\"Tiempo de lectura\" \/>\n\t<meta name=\"twitter:data1\" content=\"1 minuto\" \/>\n<script type=\"application\/ld+json\" class=\"yoast-schema-graph\">{\"@context\":\"https:\/\/schema.org\",\"@graph\":[{\"@type\":\"WebPage\",\"@id\":\"https:\/\/www.educaplanet.com\/educaplanet\/quienes-somos\/\",\"url\":\"https:\/\/www.educaplanet.com\/educaplanet\/quienes-somos\/\",\"name\":\"Qui\u00e9nes somos Educaplanet: Eva Barcel\u00f3 y Fernando Darder\",\"isPartOf\":{\"@id\":\"https:\/\/www.educaplanet.com\/educaplanet\/#website\"},\"primaryImageOfPage\":{\"@id\":\"https:\/\/www.educaplanet.com\/educaplanet\/quienes-somos\/#primaryimage\"},\"image\":{\"@id\":\"https:\/\/www.educaplanet.com\/educaplanet\/quienes-somos\/#primaryimage\"},\"thumbnailUrl\":\"https:\/\/www.educaplanet.com\/educaplanet\/wp-content\/uploads\/2017\/02\/quienes-somos.png\",\"datePublished\":\"2017-02-23T11:10:54+00:00\",\"dateModified\":\"2019-10-03T10:59:05+00:00\",\"description\":\"Quienes somos en Educaplanet: editorial digital que publica apps formada por Eva Barcel\u00f3 y Fernando Darder, creadores de los juegos Pipo.\",\"breadcrumb\":{\"@id\":\"https:\/\/www.educaplanet.com\/educaplanet\/quienes-somos\/#breadcrumb\"},\"inLanguage\":\"es\",\"potentialAction\":[{\"@type\":\"ReadAction\",\"target\":[\"https:\/\/www.educaplanet.com\/educaplanet\/quienes-somos\/\"]}]},{\"@type\":\"ImageObject\",\"inLanguage\":\"es\",\"@id\":\"https:\/\/www.educaplanet.com\/educaplanet\/quienes-somos\/#primaryimage\",\"url\":\"https:\/\/www.educaplanet.com\/educaplanet\/wp-content\/uploads\/2017\/02\/quienes-somos.png\",\"contentUrl\":\"https:\/\/www.educaplanet.com\/educaplanet\/wp-content\/uploads\/2017\/02\/quienes-somos.png\",\"width\":431,\"height\":300,\"caption\":\"quienes somos Educaplanet Barcelo Darder\"},{\"@type\":\"BreadcrumbList\",\"@id\":\"https:\/\/www.educaplanet.com\/educaplanet\/quienes-somos\/#breadcrumb\",\"itemListElement\":[{\"@type\":\"ListItem\",\"position\":1,\"name\":\"Portada\",\"item\":\"https:\/\/www.educaplanet.com\/educaplanet\/\"},{\"@type\":\"ListItem\",\"position\":2,\"name\":\"QUI\u00c9NES SOMOS\"}]},{\"@type\":\"WebSite\",\"@id\":\"https:\/\/www.educaplanet.com\/educaplanet\/#website\",\"url\":\"https:\/\/www.educaplanet.com\/educaplanet\/\",\"name\":\"EDUCAPLANET APPS\",\"description\":\"Apps y juegos educativos para ni\u00f1os y ni\u00f1as\",\"potentialAction\":[{\"@type\":\"SearchAction\",\"target\":{\"@type\":\"EntryPoint\",\"urlTemplate\":\"https:\/\/www.educaplanet.com\/educaplanet\/?s={search_term_string}\"},\"query-input\":{\"@type\":\"PropertyValueSpecification\",\"valueRequired\":true,\"valueName\":\"search_term_string\"}}],\"inLanguage\":\"es\"}]}<\/script>\n<!-- \/ Yoast SEO plugin. -->","yoast_head_json":{"title":"Qui\u00e9nes somos Educaplanet: Eva Barcel\u00f3 y Fernando Darder","description":"Quienes somos en Educaplanet: editorial digital que publica apps formada por Eva Barcel\u00f3 y Fernando Darder, creadores de los juegos Pipo.","robots":{"index":"index","follow":"follow","max-snippet":"max-snippet:-1","max-image-preview":"max-image-preview:large","max-video-preview":"max-video-preview:-1"},"canonical":"https:\/\/www.educaplanet.com\/educaplanet\/quienes-somos\/","og_locale":"es_ES","og_type":"article","og_title":"Qui\u00e9nes somos Educaplanet: Eva Barcel\u00f3 y Fernando Darder","og_description":"Quienes somos en Educaplanet: editorial digital que publica apps formada por Eva Barcel\u00f3 y Fernando Darder, creadores de los juegos Pipo.","og_url":"https:\/\/www.educaplanet.com\/educaplanet\/quienes-somos\/","og_site_name":"EDUCAPLANET APPS","article_publisher":"https:\/\/www.facebook.com\/educaplanet","article_modified_time":"2019-10-03T10:59:05+00:00","og_image":[{"width":431,"height":300,"url":"https:\/\/www.educaplanet.com\/educaplanet\/wp-content\/uploads\/2017\/02\/quienes-somos.png","type":"image\/png"}],"twitter_card":"summary_large_image","twitter_site":"@educaplanet_es","twitter_misc":{"Tiempo de lectura":"1 minuto"},"schema":{"@context":"https:\/\/schema.org","@graph":[{"@type":"WebPage","@id":"https:\/\/www.educaplanet.com\/educaplanet\/quienes-somos\/","url":"https:\/\/www.educaplanet.com\/educaplanet\/quienes-somos\/","name":"Qui\u00e9nes somos Educaplanet: Eva Barcel\u00f3 y Fernando Darder","isPartOf":{"@id":"https:\/\/www.educaplanet.com\/educaplanet\/#website"},"primaryImageOfPage":{"@id":"https:\/\/www.educaplanet.com\/educaplanet\/quienes-somos\/#primaryimage"},"image":{"@id":"https:\/\/www.educaplanet.com\/educaplanet\/quienes-somos\/#primaryimage"},"thumbnailUrl":"https:\/\/www.educaplanet.com\/educaplanet\/wp-content\/uploads\/2017\/02\/quienes-somos.png","datePublished":"2017-02-23T11:10:54+00:00","dateModified":"2019-10-03T10:59:05+00:00","description":"Quienes somos en Educaplanet: editorial digital que publica apps formada por Eva Barcel\u00f3 y Fernando Darder, creadores de los juegos Pipo.","breadcrumb":{"@id":"https:\/\/www.educaplanet.com\/educaplanet\/quienes-somos\/#breadcrumb"},"inLanguage":"es","potentialAction":[{"@type":"ReadAction","target":["https:\/\/www.educaplanet.com\/educaplanet\/quienes-somos\/"]}]},{"@type":"ImageObject","inLanguage":"es","@id":"https:\/\/www.educaplanet.com\/educaplanet\/quienes-somos\/#primaryimage","url":"https:\/\/www.educaplanet.com\/educaplanet\/wp-content\/uploads\/2017\/02\/quienes-somos.png","contentUrl":"https:\/\/www.educaplanet.com\/educaplanet\/wp-content\/uploads\/2017\/02\/quienes-somos.png","width":431,"height":300,"caption":"quienes somos Educaplanet Barcelo Darder"},{"@type":"BreadcrumbList","@id":"https:\/\/www.educaplanet.com\/educaplanet\/quienes-somos\/#breadcrumb","itemListElement":[{"@type":"ListItem","position":1,"name":"Portada","item":"https:\/\/www.educaplanet.com\/educaplanet\/"},{"@type":"ListItem","position":2,"name":"QUI\u00c9NES SOMOS"}]},{"@type":"WebSite","@id":"https:\/\/www.educaplanet.com\/educaplanet\/#website","url":"https:\/\/www.educaplanet.com\/educaplanet\/","name":"EDUCAPLANET APPS","description":"Apps y juegos educativos para ni\u00f1os y ni\u00f1as","potentialAction":[{"@type":"SearchAction","target":{"@type":"EntryPoint","urlTemplate":"https:\/\/www.educaplanet.com\/educaplanet\/?s={search_term_string}"},"query-input":{"@type":"PropertyValueSpecification","valueRequired":true,"valueName":"search_term_string"}}],"inLanguage":"es"}]}},"_links":{"self":[{"href":"https:\/\/www.educaplanet.com\/educaplanet\/wp-json\/wp\/v2\/pages\/2052","targetHints":{"allow":["GET"]}}],"collection":[{"href":"https:\/\/www.educaplanet.com\/educaplanet\/wp-json\/wp\/v2\/pages"}],"about":[{"href":"https:\/\/www.educaplanet.com\/educaplanet\/wp-json\/wp\/v2\/types\/page"}],"author":[{"embeddable":true,"href":"https:\/\/www.educaplanet.com\/educaplanet\/wp-json\/wp\/v2\/users\/3"}],"replies":[{"embeddable":true,"href":"https:\/\/www.educaplanet.com\/educaplanet\/wp-json\/wp\/v2\/comments?post=2052"}],"version-history":[{"count":5,"href":"https:\/\/www.educaplanet.com\/educaplanet\/wp-json\/wp\/v2\/pages\/2052\/revisions"}],"predecessor-version":[{"id":4304,"href":"https:\/\/www.educaplanet.com\/educaplanet\/wp-json\/wp\/v2\/pages\/2052\/revisions\/4304"}],"wp:featuredmedia":[{"embeddable":true,"href":"https:\/\/www.educaplanet.com\/educaplanet\/wp-json\/wp\/v2\/media\/2063"}],"wp:attachment":[{"href":"https:\/\/www.educaplanet.com\/educaplanet\/wp-json\/wp\/v2\/media?parent=2052"}],"curies":[{"name":"wp","href":"https:\/\/api.w.org\/{rel}","templated":true}]}}