{"id":2065,"date":"2017-02-23T12:13:50","date_gmt":"2017-02-23T11:13:50","guid":{"rendered":"http:\/\/www.educaplanet.com\/educaplanet\/?page_id=2065"},"modified":"2018-12-20T12:49:20","modified_gmt":"2018-12-20T11:49:20","slug":"contacto","status":"publish","type":"page","link":"https:\/\/www.educaplanet.com\/educaplanet\/contacto\/","title":{"rendered":"CONTACTO"},"content":{"rendered":"<h1>Comentamos los problemas m\u00e1s habituales respecto a nuestras aplicaciones.<\/h1>\n<p>Si tu problema no se encuentra entre estas preguntas frecuentes, escr\u00edbenos tus dudas, problemas o sugerencias mediante el formulario de contacto que encontrar\u00e1s al final de la p\u00e1gina.<\/p>\n<h2>PREGUNTAS M\u00c1S FRECUENTES<\/h2>\n<ul>\n<li><strong><a href=\"#compradoycandados\">He comprado lecciones pero a\u00fan veo candados<\/a> (problemas para acceder a los juegos)<\/strong><\/li>\n<li><a href=\"#restaurar\"><strong>He comprado y quiero el contenido en m\u00e1s de un dispositivo<\/strong>.<\/a><\/li>\n<li><a href=\"#datosotro\"><i><strong>Tengo otro dispositivo, \u00a0\u00bfpuedo\u00a0tener en ambos los mismos datos?<\/strong><\/i><\/a><\/li>\n<li><em><strong>Quiero saber precios para ordenadores: <a href=\"http:\/\/www.educaplanet.com\/educaplanet\/tienda\/\">consulta la tienda<\/a>.<\/strong><\/em><\/li>\n<\/ul>\n<p>&nbsp;<\/p>\n<ul>\n<li id=\"compradoycandados\"><strong>He comprado lecciones pero a\u00fan veo candados (no accedo a los juegos)<\/strong>\n<div>1. Pruebe a cerra completamente\u00a0la aplicaci\u00f3n y volver a empezar.<\/div>\n<blockquote>\n<div><i><span style=\"color: #666666;\">Desde un iPad se cierra haciendo doble clic en el bot\u00f3n \u00abhome\u00bb y luego deslizando hacia arriba la miniatura con el dedo. En Android, cada dispositivo es diferente; por ejemplo, en una tableta Samsung\u00a0se cierra haciendo pulsaci\u00f3n continuada en el bot\u00f3n \u00abhome\u00bb y deslizando del dedo sobre la miniatura hacia arriba. Apagando el m\u00f3vil tambi\u00e9n se cierra todo.<\/span><\/i><span style=\"color: #666666;\">\u00a0<\/span><\/div>\n<div><\/div>\n<div>\u200bDespu\u00e9s de cerrarla, entre de nuevo en la aplicaci\u00f3n. A ver si se soluciona.\u200b<\/div>\n<\/blockquote>\n<p>2. Pruebe de \u00abRestaurar las compras\u00bb, siga los pasos del apartado a continuaci\u00f3n.<\/li>\n<li>\n<h3><strong>Restaurar Compras<\/strong><\/h3>\n<div>\n<ul>\n<li id=\"restaurar\">En principio deber\u00eda poder\u00a0restaurar compras siempre que tenga en el otro dispositivo\u00a0<b>la misma\u00a0cuenta\u00a0activa de la Tienda de Apps con la que realiz\u00f3 la\u00a0compra, es decir, que tenga el correo electr\u00f3nico con el que realiz\u00f3 la\u00a0compra en la tienda:\u00a0<\/b>Google Play si su tableta es Android o iTunes si se trata de un iPad. COMPRUEBE SU CUENTA antes de enviarnos un email.<\/li>\n<\/ul>\n<\/div>\n<p>Despu\u00e9s solo debe instalar de nuevo la aplicaci\u00f3n y <strong>d<\/strong><b>esde la pantalla principal<\/b><b>:<br \/>\n<\/b>&#8211; Pulse sobre el bot\u00f3n \u00abCarrito de la\u00a0compra\u00bb<br \/>\n&#8211; Pulse \u00abRestaurar\u00a0Compras\u00bb.<\/p>\n<p><i>**Si ya hab\u00eda creado una cuenta con anterioridad en un dispositivo, puede usar la misma. Pulse \u00ab\u00bfYa tiene una cuenta?\u00bb.<img loading=\"lazy\" decoding=\"async\" class=\"aligncenter size-medium wp-image-2140\" src=\"http:\/\/www.educaplanet.com\/educaplanet\/wp-content\/uploads\/2017\/02\/ya_cuentap-300x220.png\" alt=\"\u00bfYa tiene una cuenta Educaplanet?\" width=\"300\" height=\"220\" srcset=\"https:\/\/www.educaplanet.com\/educaplanet\/wp-content\/uploads\/2017\/02\/ya_cuentap-300x220.png 300w, https:\/\/www.educaplanet.com\/educaplanet\/wp-content\/uploads\/2017\/02\/ya_cuentap.png 478w\" sizes=\"auto, (max-width: 300px) 100vw, 300px\" \/><\/i><\/li>\n<li id=\"&quot;datosotro\">\n<h3><i><strong>Tengo otro dispositivo, \u00a0\u00bfpuedo\u00a0tener en ambos los mismos datos?<\/strong><\/i><\/h3>\n<div>Los datos no se sincronizan, pero desde\u00a0la \u00faltima versi\u00f3n de Leo con Grin (diciembre 2015) y \u201cMatem\u00e1ticas con Grin\u201d puede hacer copias de seguridad de los datos en la nube y descargarlos en el otro dispositivo. Para ello acceda a \u201cZona Padres\u201d \u2013 \u201cDatos Cuenta\u201d \u2013 \u201cAdministrar Copia Datos\u201d, escriba el email y en el espacio de C\u00f3digo1 \u201csubircopianube\u201d. Para descargarlos en el otro dispositivo lo mismo pero escriba \u201cbajarcopianube\u201d.<\/div>\n<div><\/div>\n<\/li>\n<li>\n<h3><strong>Tengo un iPad o iPhone pero no oigo el audio de la aplicaci\u00f3n<\/strong><\/h3>\n<\/li>\n<li style=\"list-style-type: none;\">\n<div><img loading=\"lazy\" decoding=\"async\" class=\"size-medium wp-image-1391 alignleft\" src=\"http:\/\/www.educaplanet.com\/educaplanet\/wp-content\/uploads\/2014\/09\/sonido-300x97.png\" sizes=\"auto, (max-width: 300px) 100vw, 300px\" srcset=\"http:\/\/www.educaplanet.com\/educaplanet\/wp-content\/uploads\/2014\/09\/sonido-300x97.png 300w, http:\/\/www.educaplanet.com\/educaplanet\/wp-content\/uploads\/2014\/09\/sonido.png 455w\" alt=\"Bot\u00f3n Silenciar en iPad\" width=\"300\" height=\"97\" \/><br \/>\nRevise los botones de volumen y compruebe que el bot\u00f3n \u201cSilenciar\u201d est\u00e1 desactivado (para un iPad m\u00e1s antiguo y que tenga este bot\u00f3n).<\/div>\n<\/li>\n<\/ul>\n<p>Si se trata de un iPad m\u00e1s nuevo, este el bot\u00f3n \u00absilenciar\u00bb no existe, pero puede comprobar\u00a0 su estado desde el centro de control.<\/p>\n<div class=\"gmail_default\">\n<ul>\n<li>Deslice el dedo desde la esquina superior derecha hacia abajo. Ver\u00e1 algo parecido a esto:<br \/>\n<img loading=\"lazy\" decoding=\"async\" class=\"aligncenter wp-image-3761 size-full\" src=\"https:\/\/www.educaplanet.com\/educaplanet\/wp-content\/uploads\/2018\/12\/centro-control-ipad.png\" alt=\"centro control ipad problema audio app\" width=\"600\" height=\"450\" srcset=\"https:\/\/www.educaplanet.com\/educaplanet\/wp-content\/uploads\/2018\/12\/centro-control-ipad.png 600w, https:\/\/www.educaplanet.com\/educaplanet\/wp-content\/uploads\/2018\/12\/centro-control-ipad-300x225.png 300w\" sizes=\"auto, (max-width: 600px) 100vw, 600px\" \/><\/li>\n<\/ul>\n<\/div>\n<div class=\"gmail_default\">\n<ul>\n<li>Comprueba que el icono de la campana est\u00e1 en blanco. (Si pulsa encima cambia su estado y se pone tachada).<br \/>\nTiene que quedar en blanco, como en la imagen.<\/li>\n<\/ul>\n<\/div>\n<p>&nbsp;<\/p>\n<p style=\"text-align: center;\">&#8211; &#8211; &#8211; &#8211; &#8211; &#8211; &#8211; &#8211; &#8211; &#8211; &#8211; &#8211; &#8211; &#8211; &#8211; &#8211; &#8211; &#8211; &#8211; &#8211; &#8211; &#8211; &#8211; &#8211; &#8211; &#8211; &#8211; &#8211; &#8211; &#8211;<\/p>\n<h4 style=\"text-align: center;\">CONTACTAR V\u00cdA EMAIL<\/h4>\n<p><img loading=\"lazy\" decoding=\"async\" class=\"aligncenter size-full wp-image-2070\" src=\"http:\/\/www.educaplanet.com\/educaplanet\/wp-content\/uploads\/2017\/02\/ico-soporte.png\" alt=\"Contacto Soporte\" width=\"77\" height=\"76\" \/><\/p>\n<p>En cuanto recibamos tu correo, te responderemos lo antes posible.<\/p>\n<p>Tambi\u00e9n puedes contactar con nosotros en las principales redes sociales: Facebook, Twitter, etc.<\/p>\n\n<div class=\"wpcf7 no-js\" id=\"wpcf7-f1737-o1\" lang=\"es-ES\" dir=\"ltr\" data-wpcf7-id=\"1737\">\n<div class=\"screen-reader-response\"><p role=\"status\" aria-live=\"polite\" aria-atomic=\"true\"><\/p> <ul><\/ul><\/div>\n<form action=\"\/educaplanet\/wp-json\/wp\/v2\/pages\/2065#wpcf7-f1737-o1\" method=\"post\" class=\"wpcf7-form init\" aria-label=\"Formulario de contacto\" novalidate=\"novalidate\" data-status=\"init\">\n<fieldset class=\"hidden-fields-container\"><input type=\"hidden\" name=\"_wpcf7\" value=\"1737\" \/><input type=\"hidden\" name=\"_wpcf7_version\" value=\"6.1.5\" \/><input type=\"hidden\" name=\"_wpcf7_locale\" value=\"es_ES\" \/><input type=\"hidden\" name=\"_wpcf7_unit_tag\" value=\"wpcf7-f1737-o1\" \/><input type=\"hidden\" name=\"_wpcf7_container_post\" value=\"0\" \/><input type=\"hidden\" name=\"_wpcf7_posted_data_hash\" value=\"\" \/>\n<\/fieldset>\n<p><label> Nombre (requerido)<br \/>\n<span class=\"wpcf7-form-control-wrap\" data-name=\"your-name\"><input size=\"40\" maxlength=\"400\" class=\"wpcf7-form-control wpcf7-text wpcf7-validates-as-required\" aria-required=\"true\" aria-invalid=\"false\" value=\"\" type=\"text\" name=\"your-name\" \/><\/span> <\/label>\n<\/p>\n<p><label> Correo electr\u00f3nico (requerido)<br \/>\n<span class=\"wpcf7-form-control-wrap\" data-name=\"your-email\"><input size=\"40\" maxlength=\"400\" class=\"wpcf7-form-control wpcf7-email wpcf7-validates-as-required wpcf7-text wpcf7-validates-as-email\" aria-required=\"true\" aria-invalid=\"false\" value=\"\" type=\"email\" name=\"your-email\" \/><\/span> <\/label>\n<\/p>\n<p><label> Centro Educativo<br \/>\n<span class=\"wpcf7-form-control-wrap\" data-name=\"your-subject\"><input size=\"40\" maxlength=\"400\" class=\"wpcf7-form-control wpcf7-text\" aria-invalid=\"false\" value=\"\" type=\"text\" name=\"your-subject\" \/><\/span> <\/label>\n<\/p>\n<p><label> Tel\u00e9fono (requerido)<br \/>\n<span class=\"wpcf7-form-control-wrap\" data-name=\"tel-668\"><input size=\"40\" maxlength=\"400\" class=\"wpcf7-form-control wpcf7-tel wpcf7-validates-as-required wpcf7-text wpcf7-validates-as-tel\" aria-required=\"true\" aria-invalid=\"false\" value=\"\" type=\"tel\" name=\"tel-668\" \/><\/span><\/label>\n<\/p>\n<p><label> Pa\u00eds<br \/>\n<span class=\"wpcf7-form-control-wrap\" data-name=\"text-149\"><input size=\"40\" maxlength=\"400\" class=\"wpcf7-form-control wpcf7-text\" aria-invalid=\"false\" value=\"\" type=\"text\" name=\"text-149\" \/><\/span><\/label>\n<\/p>\n<p><label> Mensaje<br \/>\n<span class=\"wpcf7-form-control-wrap\" data-name=\"your-message\"><textarea cols=\"40\" rows=\"10\" maxlength=\"2000\" class=\"wpcf7-form-control wpcf7-textarea\" aria-invalid=\"false\" name=\"your-message\"><\/textarea><\/span> <\/label>\n<\/p>\n<p><div id=\"cf7sr-69f54c78f2de3\" class=\"cf7sr-g-recaptcha\" data-theme=\"light\" data-type=\"image\" data-size=\"normal\" data-sitekey=\"6LfDNOkSAAAAANb2llUWaPmKqvwL48nlY5ysdWhE\"><\/div><span class=\"wpcf7-form-control-wrap cf7sr-recaptcha\" data-name=\"cf7sr-recaptcha\"><input type=\"hidden\" name=\"cf7sr-recaptcha\" value=\"\" class=\"wpcf7-form-control\"><\/span>\n<\/p>\n<p><span class=\"wpcf7-form-control-wrap\" data-name=\"accept-this-1\"><span class=\"wpcf7-form-control wpcf7-acceptance\"><span class=\"wpcf7-list-item\"><label><input type=\"checkbox\" name=\"accept-this-1\" value=\"1\" aria-invalid=\"false\" \/><span class=\"wpcf7-list-item-label\">Al enviar este correo acepta nuestra pol\u00edtica de privacidad.<\/span><\/label><\/span><\/span><\/span><br \/>\n<span class=\"wpcf7-form-control-wrap\" data-name=\"acceptance-62\"><span class=\"wpcf7-form-control wpcf7-acceptance optional\"><span class=\"wpcf7-list-item\"><label><input type=\"checkbox\" name=\"acceptance-62\" value=\"1\" aria-invalid=\"false\" \/><span class=\"wpcf7-list-item-label\">Al usar este formulario accedes al almacenamiento y gesti\u00f3n de tus datos por parte de esta web.<\/span><\/label><\/span><\/span><\/span>\n<\/p>\n<p><input class=\"wpcf7-form-control wpcf7-submit has-spinner\" type=\"submit\" value=\"Enviar\" \/>\n<\/p><div class=\"wpcf7-response-output\" aria-hidden=\"true\"><\/div>\n<\/form>\n<\/div>\n\n<h2><strong>Pol\u00edtica de Privacidad <\/strong><\/h2>\n<div><em>Educaplanet te informa que los datos de car\u00e1cter personal que nos proporciones rellenando el presente formulario ser\u00e1n tratados por Educaplanet s.l. como responsable de esta web. La finalidad de la recogida y tratamiento de datos personales que te solicitamos es para gestionar los comentarios, tus dudas o problemas que realizas en este blog. Legitimaci\u00f3n: al marcar la casilla de aceptaci\u00f3n, est\u00e1s dando tu leg\u00edtimo consentimiento para que tus datos sena tratados conforme a las finalidades de este formulario descritas en la <a href=\"http:\/\/educaplanet.com\/privacidad.html\" target=\"_blank\" rel=\"noopener\">pol\u00edtica de privacidad<\/a> se realiza a trav\u00e9s del consentimiento del interesado.\u00a0<\/em><em>Como usuario e interesado te informamos que los datos que nos facilitas estar\u00e1n ubicados en los servidores de OVH dentro de la UE. Consultar\u00a0<a href=\"https:\/\/www.ovh.es\/soporte\/aviso-legal\/\" target=\"_blank\" rel=\"noopener\">aviso legal de OVH<\/a>.\u00a0\u00a0<\/em><em>Si no introduces los datos que aparecen como obligatorios en el formulario o tienen errores puede tener como consecuencia que no podamos atender tu solicitud.\u00a0Podr\u00e1s ejercer tus derechos de acceso, rectificaci\u00f3n, limitaci\u00f3n y supresi\u00f3n de los datos en Educaplanet desde <a href=\"mailto:soporte@educaplanet.com\">soporte@educaplanet.com<\/a>. Puedes consultar la informaci\u00f3n adicional y detallada sobre Protecci\u00f3n de Datos en nuestra Pol\u00edtica de privacidad.<\/em><\/div>\n<p>&nbsp;<\/p>\n","protected":false},"excerpt":{"rendered":"<p>Comentamos los problemas m\u00e1s habituales respecto a nuestras aplicaciones. Si tu problema no se encuentra entre estas preguntas frecuentes, escr\u00edbenos tus dudas, problemas o sugerencias mediante el formulario de contacto que encontrar\u00e1s al final de la p\u00e1gina. PREGUNTAS M\u00c1S FRECUENTES He comprado lecciones pero a\u00fan veo candados (problemas para acceder a los juegos) He comprado y quiero el contenido en m\u00e1s de un dispositivo. Tengo otro dispositivo, \u00a0\u00bfpuedo\u00a0tener en ambos los mismos datos? Quiero saber precios para ordenadores: consulta la tienda. &nbsp; He comprado lecciones pero a\u00fan veo candados (no accedo a los juegos) 1. Pruebe a cerra completamente\u00a0la aplicaci\u00f3n<\/p>\n","protected":false},"author":3,"featured_media":2140,"parent":0,"menu_order":0,"comment_status":"closed","ping_status":"closed","template":"","meta":{"_monsterinsights_skip_tracking":false,"_monsterinsights_sitenote_active":false,"_monsterinsights_sitenote_note":"","_monsterinsights_sitenote_category":0,"footnotes":""},"class_list":["post-2065","page","type-page","status-publish","has-post-thumbnail","hentry"],"yoast_head":"<!-- This site is optimized with the Yoast SEO plugin v27.2 - https:\/\/yoast.com\/product\/yoast-seo-wordpress\/ -->\n<title>Contacto con Educaplanet: dudas, problemas o sugerecias<\/title>\n<meta name=\"description\" content=\"Contacta con Educaplanet rellenando el formulario.\" \/>\n<meta name=\"robots\" content=\"index, follow, max-snippet:-1, max-image-preview:large, max-video-preview:-1\" \/>\n<link rel=\"canonical\" href=\"https:\/\/www.educaplanet.com\/educaplanet\/contacto\/\" \/>\n<meta property=\"og:locale\" content=\"es_ES\" \/>\n<meta property=\"og:type\" content=\"article\" \/>\n<meta property=\"og:title\" content=\"Contacto con Educaplanet: dudas, problemas o sugerecias\" \/>\n<meta property=\"og:description\" content=\"Contacta con Educaplanet rellenando el formulario.\" \/>\n<meta property=\"og:url\" content=\"https:\/\/www.educaplanet.com\/educaplanet\/contacto\/\" \/>\n<meta property=\"og:site_name\" content=\"EDUCAPLANET APPS\" \/>\n<meta property=\"article:publisher\" content=\"https:\/\/www.facebook.com\/educaplanet\" \/>\n<meta property=\"article:modified_time\" content=\"2018-12-20T11:49:20+00:00\" \/>\n<meta property=\"og:image\" content=\"https:\/\/www.educaplanet.com\/educaplanet\/wp-content\/uploads\/2017\/02\/ya_cuentap.png\" \/>\n\t<meta property=\"og:image:width\" content=\"478\" \/>\n\t<meta property=\"og:image:height\" content=\"350\" \/>\n\t<meta property=\"og:image:type\" content=\"image\/png\" \/>\n<meta name=\"twitter:card\" content=\"summary_large_image\" \/>\n<meta name=\"twitter:site\" content=\"@educaplanet_es\" \/>\n<meta name=\"twitter:label1\" content=\"Tiempo de lectura\" \/>\n\t<meta name=\"twitter:data1\" content=\"4 minutos\" \/>\n<script type=\"application\/ld+json\" class=\"yoast-schema-graph\">{\"@context\":\"https:\/\/schema.org\",\"@graph\":[{\"@type\":\"WebPage\",\"@id\":\"https:\/\/www.educaplanet.com\/educaplanet\/contacto\/\",\"url\":\"https:\/\/www.educaplanet.com\/educaplanet\/contacto\/\",\"name\":\"Contacto con Educaplanet: dudas, problemas o sugerecias\",\"isPartOf\":{\"@id\":\"https:\/\/www.educaplanet.com\/educaplanet\/#website\"},\"primaryImageOfPage\":{\"@id\":\"https:\/\/www.educaplanet.com\/educaplanet\/contacto\/#primaryimage\"},\"image\":{\"@id\":\"https:\/\/www.educaplanet.com\/educaplanet\/contacto\/#primaryimage\"},\"thumbnailUrl\":\"https:\/\/www.educaplanet.com\/educaplanet\/wp-content\/uploads\/2017\/02\/ya_cuentap.png\",\"datePublished\":\"2017-02-23T11:13:50+00:00\",\"dateModified\":\"2018-12-20T11:49:20+00:00\",\"description\":\"Contacta con Educaplanet rellenando el formulario.\",\"breadcrumb\":{\"@id\":\"https:\/\/www.educaplanet.com\/educaplanet\/contacto\/#breadcrumb\"},\"inLanguage\":\"es\",\"potentialAction\":[{\"@type\":\"ReadAction\",\"target\":[\"https:\/\/www.educaplanet.com\/educaplanet\/contacto\/\"]}]},{\"@type\":\"ImageObject\",\"inLanguage\":\"es\",\"@id\":\"https:\/\/www.educaplanet.com\/educaplanet\/contacto\/#primaryimage\",\"url\":\"https:\/\/www.educaplanet.com\/educaplanet\/wp-content\/uploads\/2017\/02\/ya_cuentap.png\",\"contentUrl\":\"https:\/\/www.educaplanet.com\/educaplanet\/wp-content\/uploads\/2017\/02\/ya_cuentap.png\",\"width\":478,\"height\":350,\"caption\":\"\u00bfYa tiene una cuenta Educaplanet?\"},{\"@type\":\"BreadcrumbList\",\"@id\":\"https:\/\/www.educaplanet.com\/educaplanet\/contacto\/#breadcrumb\",\"itemListElement\":[{\"@type\":\"ListItem\",\"position\":1,\"name\":\"Portada\",\"item\":\"https:\/\/www.educaplanet.com\/educaplanet\/\"},{\"@type\":\"ListItem\",\"position\":2,\"name\":\"CONTACTO\"}]},{\"@type\":\"WebSite\",\"@id\":\"https:\/\/www.educaplanet.com\/educaplanet\/#website\",\"url\":\"https:\/\/www.educaplanet.com\/educaplanet\/\",\"name\":\"EDUCAPLANET APPS\",\"description\":\"Apps y juegos educativos para ni\u00f1os y ni\u00f1as\",\"potentialAction\":[{\"@type\":\"SearchAction\",\"target\":{\"@type\":\"EntryPoint\",\"urlTemplate\":\"https:\/\/www.educaplanet.com\/educaplanet\/?s={search_term_string}\"},\"query-input\":{\"@type\":\"PropertyValueSpecification\",\"valueRequired\":true,\"valueName\":\"search_term_string\"}}],\"inLanguage\":\"es\"}]}<\/script>\n<!-- \/ Yoast SEO plugin. -->","yoast_head_json":{"title":"Contacto con Educaplanet: dudas, problemas o sugerecias","description":"Contacta con Educaplanet rellenando el formulario.","robots":{"index":"index","follow":"follow","max-snippet":"max-snippet:-1","max-image-preview":"max-image-preview:large","max-video-preview":"max-video-preview:-1"},"canonical":"https:\/\/www.educaplanet.com\/educaplanet\/contacto\/","og_locale":"es_ES","og_type":"article","og_title":"Contacto con Educaplanet: dudas, problemas o sugerecias","og_description":"Contacta con Educaplanet rellenando el formulario.","og_url":"https:\/\/www.educaplanet.com\/educaplanet\/contacto\/","og_site_name":"EDUCAPLANET APPS","article_publisher":"https:\/\/www.facebook.com\/educaplanet","article_modified_time":"2018-12-20T11:49:20+00:00","og_image":[{"width":478,"height":350,"url":"https:\/\/www.educaplanet.com\/educaplanet\/wp-content\/uploads\/2017\/02\/ya_cuentap.png","type":"image\/png"}],"twitter_card":"summary_large_image","twitter_site":"@educaplanet_es","twitter_misc":{"Tiempo de lectura":"4 minutos"},"schema":{"@context":"https:\/\/schema.org","@graph":[{"@type":"WebPage","@id":"https:\/\/www.educaplanet.com\/educaplanet\/contacto\/","url":"https:\/\/www.educaplanet.com\/educaplanet\/contacto\/","name":"Contacto con Educaplanet: dudas, problemas o sugerecias","isPartOf":{"@id":"https:\/\/www.educaplanet.com\/educaplanet\/#website"},"primaryImageOfPage":{"@id":"https:\/\/www.educaplanet.com\/educaplanet\/contacto\/#primaryimage"},"image":{"@id":"https:\/\/www.educaplanet.com\/educaplanet\/contacto\/#primaryimage"},"thumbnailUrl":"https:\/\/www.educaplanet.com\/educaplanet\/wp-content\/uploads\/2017\/02\/ya_cuentap.png","datePublished":"2017-02-23T11:13:50+00:00","dateModified":"2018-12-20T11:49:20+00:00","description":"Contacta con Educaplanet rellenando el formulario.","breadcrumb":{"@id":"https:\/\/www.educaplanet.com\/educaplanet\/contacto\/#breadcrumb"},"inLanguage":"es","potentialAction":[{"@type":"ReadAction","target":["https:\/\/www.educaplanet.com\/educaplanet\/contacto\/"]}]},{"@type":"ImageObject","inLanguage":"es","@id":"https:\/\/www.educaplanet.com\/educaplanet\/contacto\/#primaryimage","url":"https:\/\/www.educaplanet.com\/educaplanet\/wp-content\/uploads\/2017\/02\/ya_cuentap.png","contentUrl":"https:\/\/www.educaplanet.com\/educaplanet\/wp-content\/uploads\/2017\/02\/ya_cuentap.png","width":478,"height":350,"caption":"\u00bfYa tiene una cuenta Educaplanet?"},{"@type":"BreadcrumbList","@id":"https:\/\/www.educaplanet.com\/educaplanet\/contacto\/#breadcrumb","itemListElement":[{"@type":"ListItem","position":1,"name":"Portada","item":"https:\/\/www.educaplanet.com\/educaplanet\/"},{"@type":"ListItem","position":2,"name":"CONTACTO"}]},{"@type":"WebSite","@id":"https:\/\/www.educaplanet.com\/educaplanet\/#website","url":"https:\/\/www.educaplanet.com\/educaplanet\/","name":"EDUCAPLANET APPS","description":"Apps y juegos educativos para ni\u00f1os y ni\u00f1as","potentialAction":[{"@type":"SearchAction","target":{"@type":"EntryPoint","urlTemplate":"https:\/\/www.educaplanet.com\/educaplanet\/?s={search_term_string}"},"query-input":{"@type":"PropertyValueSpecification","valueRequired":true,"valueName":"search_term_string"}}],"inLanguage":"es"}]}},"_links":{"self":[{"href":"https:\/\/www.educaplanet.com\/educaplanet\/wp-json\/wp\/v2\/pages\/2065","targetHints":{"allow":["GET"]}}],"collection":[{"href":"https:\/\/www.educaplanet.com\/educaplanet\/wp-json\/wp\/v2\/pages"}],"about":[{"href":"https:\/\/www.educaplanet.com\/educaplanet\/wp-json\/wp\/v2\/types\/page"}],"author":[{"embeddable":true,"href":"https:\/\/www.educaplanet.com\/educaplanet\/wp-json\/wp\/v2\/users\/3"}],"replies":[{"embeddable":true,"href":"https:\/\/www.educaplanet.com\/educaplanet\/wp-json\/wp\/v2\/comments?post=2065"}],"version-history":[{"count":17,"href":"https:\/\/www.educaplanet.com\/educaplanet\/wp-json\/wp\/v2\/pages\/2065\/revisions"}],"predecessor-version":[{"id":3763,"href":"https:\/\/www.educaplanet.com\/educaplanet\/wp-json\/wp\/v2\/pages\/2065\/revisions\/3763"}],"wp:featuredmedia":[{"embeddable":true,"href":"https:\/\/www.educaplanet.com\/educaplanet\/wp-json\/wp\/v2\/media\/2140"}],"wp:attachment":[{"href":"https:\/\/www.educaplanet.com\/educaplanet\/wp-json\/wp\/v2\/media?parent=2065"}],"curies":[{"name":"wp","href":"https:\/\/api.w.org\/{rel}","templated":true}]}}