{"id":2674,"date":"2017-08-19T10:58:59","date_gmt":"2017-08-19T09:58:59","guid":{"rendered":"http:\/\/www.educaplanet.com\/educaplanet\/?page_id=2674"},"modified":"2021-03-29T16:26:51","modified_gmt":"2021-03-29T15:26:51","slug":"english-678-aprender-ingles-ninos","status":"publish","type":"page","link":"https:\/\/www.educaplanet.com\/educaplanet\/english-678-aprender-ingles-ninos\/","title":{"rendered":"ENGLISH 678 aprender ingles ni\u00f1os"},"content":{"rendered":"<h1>ENGLISH 678 aprender ingl\u00e9s, una herramienta dirigida a ni\u00f1os entre 6 y 8 a\u00f1os de los creadores de Pipo.<\/h1>\n<p><span style=\"color: #ff0000;\"><strong>ESTA P\u00c1GINA YA NO EST\u00c1 FUNCIONAL (Puesto que funcionaba con Flash)<\/strong><\/span><\/p>\n<p>Solo durante unas semanas, acceso completo GRATIS a 20 escenarios cercanos a los peques: la casa, el ba\u00f1o, la cocina, el parque, los animales, los n\u00fameros, el dormitorio, los colores, las horas&#8230;<\/p>\n<p>Se puede probar de forma gratuita durante unas semanas ONLINE.<\/p>\n<h2>\u00bfQu\u00e9 encontr\u00e1bamos en ENGLISH 678 para ni\u00f1os? Actividades para jugar, escuchar y leer en ingl\u00e9s.<\/h2>\n<div><\/div>\n<div>Educaplanet ha incorporado a sus recursos educativos el contenido de los juegos antes conocidos como \u00abPipo\u00bb y pr\u00f3ximamente ofreceremos en formato Online y en aplicaciones con nuevos personajes.<\/div>\n<div><\/div>\n<div>Presentamos escenas y juegos infantiles para ampliar y practicar vocabulario dirigido a peques de Primaria, desde 5 a\u00f1os hasta 8 a\u00f1os.\u00a0Cada escena contiene varios juegos infantiles para ir repasando vocabulario y oraciones t\u00edpicas. Animamos a entrar y practicar el vocabulario en contexto.<\/div>\n<div><\/div>\n<div>\n<blockquote>\n<div><strong>NOTA SOBRE L<em>OS JUEGOS<\/em><\/strong><\/div>\n<div><em>Estamos haciendo cambios y mejorando d\u00eda a d\u00eda; por eso es posible que vean cambios de un d\u00eda a otro, que encuentren alg\u00fan error aislado, les animamos a escribir a <a href=\"mailto:soporte@educaplanet.com\">soporte@educaplanet.com<\/a> si encuentran alg\u00fan<\/em> problema.<br \/>\nEn breve daremos soluci\u00f3n para tabletas y smartphones.<\/div>\n<\/blockquote>\n<div><\/div>\n<\/div>\n<div><\/div>\n<h3>ESCENAS: PRESENTACI\u00d3N DE VOCABULARIO EN INGL\u00c9S<\/h3>\n<div>Para cada escena entre 20 y 30 palabras donde podemos:<\/div>\n<div>&#8211; cambiar el tipo de letra (bot\u00f3n \u00aba\u00bb)<br \/>\n&#8211; Consultar la lista de palabras.<\/div>\n<div>&#8211; Consultar la ayuda.<\/div>\n<div><\/div>\n<div>\n<div id=\"attachment_2675\" style=\"width: 310px\" class=\"wp-caption alignnone\"><a href=\"http:\/\/www.educaplanet.com\/web\" target=\"_blank\" rel=\"noopener noreferrer\"><img loading=\"lazy\" decoding=\"async\" aria-describedby=\"caption-attachment-2675\" class=\"wp-image-2675 size-medium\" src=\"http:\/\/www.educaplanet.com\/educaplanet\/wp-content\/uploads\/2017\/08\/bano-aprender-ingles-ninos-primaria-300x224.png\" alt=\"Vocabualario aprender ingles ni\u00f1os primaria\" width=\"300\" height=\"224\" srcset=\"https:\/\/www.educaplanet.com\/educaplanet\/wp-content\/uploads\/2017\/08\/bano-aprender-ingles-ninos-primaria-300x224.png 300w, https:\/\/www.educaplanet.com\/educaplanet\/wp-content\/uploads\/2017\/08\/bano-aprender-ingles-ninos-primaria.png 500w\" sizes=\"auto, (max-width: 300px) 100vw, 300px\" \/><\/a><p id=\"caption-attachment-2675\" class=\"wp-caption-text\">English 678 aprender ingles 20 escenas para aprender ingl\u00e9s para ni\u00f1os<\/p><\/div>\n<\/div>\n<div><\/div>\n<div>Tras visitar la escena recomendamos acceder a\u00a0los <strong>JUEGOS<\/strong> con los que practicar el vocabulario.<br \/>\nPara empezar los m\u00e1s sencillos e infantiles. Y\u00a0para finalizar los m\u00e1s dif\u00edciles (se trabaja la lectura):<\/div>\n<ul>\n<li>I SPY &#8211; El juego t\u00edpico de Veo, veo&#8230; Busca una palabra que empieza por (con ayuda).<\/li>\n<li>MEMORY &#8211; Intenta hacer parejas de palabras. Se puede jugar solo o en pareja.<\/li>\n<li>AVIONES Y CASTORES &#8211; Lectura, relaciona imagen con palabra.<\/li>\n<li>OSTRAS &#8211; Lee, escucha y busca la imagen.<\/li>\n<li>LA ORUGA &#8211; Un juego de deletrear;\u00a0teclea letra a letra la palabra.<\/li>\n<li>FISH &amp; DOGS &#8211; Escucha y traduce.<\/li>\n<li>SEA ROCKS &#8211; Relaciona y traduce las palabras<\/li>\n<\/ul>\n<div><a href=\"http:\/\/www.educaplanet.com\/web\" target=\"_blank\" rel=\"noopener noreferrer\"><img loading=\"lazy\" decoding=\"async\" class=\"alignnone wp-image-2680 size-medium\" src=\"http:\/\/www.educaplanet.com\/educaplanet\/wp-content\/uploads\/2017\/08\/castores-aprender-ingles-primaria-app-300x224.jpg\" alt=\"ENGLISH 678 aprender ingles - lectura en ingl\u00e9s\" width=\"300\" height=\"224\" srcset=\"https:\/\/www.educaplanet.com\/educaplanet\/wp-content\/uploads\/2017\/08\/castores-aprender-ingles-primaria-app-300x224.jpg 300w, https:\/\/www.educaplanet.com\/educaplanet\/wp-content\/uploads\/2017\/08\/castores-aprender-ingles-primaria-app.jpg 500w\" sizes=\"auto, (max-width: 300px) 100vw, 300px\" \/><\/a><\/div>\n<div><\/div>\n<div>Y adem\u00e1s, algunas \u00a0frases comunes a los peque\u00f1os se presentan en los globos y se practican dos juegos, GALLINAS y MONOS, en dos niveles:<\/div>\n<ul>\n<li>Nivel 1: completa la frase con ayuda (vemos la frase en semitransparente) y por tanto es un ejercicio de encajar.<\/li>\n<li>Nivel 2: construye la frase sin ayuda. Ya ha de saber qu\u00e9 palabras y el orden.<\/li>\n<\/ul>\n<div>\u00a0<a href=\"http:\/\/www.educaplanet.com\/web\" target=\"_blank\" rel=\"noopener noreferrer\"><img loading=\"lazy\" decoding=\"async\" class=\"alignnone wp-image-2682 size-medium\" src=\"http:\/\/www.educaplanet.com\/educaplanet\/wp-content\/uploads\/2017\/08\/frases-ingles-aprender-p-300x224.png\" alt=\"English 678 aprender ingl\u00e9s frases ingl\u00e9s aprender\" width=\"300\" height=\"224\" srcset=\"https:\/\/www.educaplanet.com\/educaplanet\/wp-content\/uploads\/2017\/08\/frases-ingles-aprender-p-300x224.png 300w, https:\/\/www.educaplanet.com\/educaplanet\/wp-content\/uploads\/2017\/08\/frases-ingles-aprender-p.png 500w\" sizes=\"auto, (max-width: 300px) 100vw, 300px\" \/><\/a><\/div>\n<div><\/div>\n<div>Y otros juegos como los n\u00fameros y las horas, con diferentes niveles desde los primeros n\u00fameros hasta el 100.<\/div>\n<div><\/div>\n<div><a href=\"http:\/\/www.educaplanet.com\/web\" target=\"_blank\" rel=\"noopener noreferrer\"><img loading=\"lazy\" decoding=\"async\" class=\"alignnone wp-image-2677 size-medium\" src=\"http:\/\/www.educaplanet.com\/educaplanet\/wp-content\/uploads\/2017\/08\/horas-aprender-ingles-app-300x224.png\" alt=\"horas aprender ingl\u00e9s app\" width=\"300\" height=\"224\" srcset=\"https:\/\/www.educaplanet.com\/educaplanet\/wp-content\/uploads\/2017\/08\/horas-aprender-ingles-app-300x224.png 300w, https:\/\/www.educaplanet.com\/educaplanet\/wp-content\/uploads\/2017\/08\/horas-aprender-ingles-app.png 500w\" sizes=\"auto, (max-width: 300px) 100vw, 300px\" \/><\/a><\/div>\n<div><\/div>\n<ul>\n<li><strong>AVISO FLASH PLAYER para probar\u00a0ENGLISH 678 ONLINE desde ordenadores<\/strong><\/li>\n<\/ul>\n<p>Para disfrutar de los juegos para aprender ingl\u00e9s <strong>ENGLISH 678<\/strong> debe instalar el plugin de <strong><a href=\"https:\/\/get.adobe.com\/es\/flashplayer\/\" target=\"_blank\" rel=\"noopener noreferrer\">Flash Player de Adobe<\/a><\/strong>. Si no lo tiene instalado ver\u00e1 este aviso; pulse \u00abPERMITIR\u00bb.<\/p>\n<div id=\"attachment_2697\" style=\"width: 408px\" class=\"wp-caption alignnone\"><a href=\"https:\/\/get.adobe.com\/es\/flashplayer\/\" target=\"_blank\" rel=\"noopener noreferrer\"><img loading=\"lazy\" decoding=\"async\" aria-describedby=\"caption-attachment-2697\" class=\"wp-image-2697 size-full\" src=\"http:\/\/www.educaplanet.com\/educaplanet\/wp-content\/uploads\/2017\/08\/aviso-flash-online-p.png\" alt=\"\" width=\"398\" height=\"150\" srcset=\"https:\/\/www.educaplanet.com\/educaplanet\/wp-content\/uploads\/2017\/08\/aviso-flash-online-p.png 398w, https:\/\/www.educaplanet.com\/educaplanet\/wp-content\/uploads\/2017\/08\/aviso-flash-online-p-300x113.png 300w\" sizes=\"auto, (max-width: 398px) 100vw, 398px\" \/><\/a><p id=\"caption-attachment-2697\" class=\"wp-caption-text\">Recomendamos instalarlo desde la p\u00e1gina oficial de Adobe.<\/p><\/div>\n<div><\/div>\n","protected":false},"excerpt":{"rendered":"<p>ENGLISH 678 aprender ingl\u00e9s, una herramienta dirigida a ni\u00f1os entre 6 y 8 a\u00f1os de los creadores de Pipo. ESTA P\u00c1GINA YA NO EST\u00c1 FUNCIONAL (Puesto que funcionaba con Flash) Solo durante unas semanas, acceso completo GRATIS a 20 escenarios cercanos a los peques: la casa, el ba\u00f1o, la cocina, el parque, los animales, los n\u00fameros, el dormitorio, los colores, las horas&#8230; Se puede probar de forma gratuita durante unas semanas ONLINE. \u00bfQu\u00e9 encontr\u00e1bamos en ENGLISH 678 para ni\u00f1os? Actividades para jugar, escuchar y leer en ingl\u00e9s. Educaplanet ha incorporado a sus recursos educativos el contenido de los juegos antes<\/p>\n","protected":false},"author":3,"featured_media":2675,"parent":0,"menu_order":0,"comment_status":"closed","ping_status":"closed","template":"","meta":{"_monsterinsights_skip_tracking":false,"_monsterinsights_sitenote_active":false,"_monsterinsights_sitenote_note":"","_monsterinsights_sitenote_category":0,"footnotes":""},"class_list":["post-2674","page","type-page","status-publish","has-post-thumbnail","hentry"],"yoast_head":"<!-- This site is optimized with the Yoast SEO plugin v27.2 - https:\/\/yoast.com\/product\/yoast-seo-wordpress\/ -->\n<title>ENGLISH 678 Aprender ingles ni\u00f1os online Primaria<\/title>\n<meta name=\"description\" content=\"ENGLISH 678 aprender ingles, es un conjunto de recursos educativos para aprender ingl\u00e9s dirigido a ni\u00f1os desde 5-6 a\u00f1os hasta 8. \u00a1PRUEBA GRATIS AHORA!\" \/>\n<meta name=\"robots\" content=\"index, follow, max-snippet:-1, max-image-preview:large, max-video-preview:-1\" \/>\n<link rel=\"canonical\" href=\"https:\/\/www.educaplanet.com\/educaplanet\/english-678-aprender-ingles-ninos\/\" \/>\n<meta property=\"og:locale\" content=\"es_ES\" \/>\n<meta property=\"og:type\" content=\"article\" \/>\n<meta property=\"og:title\" content=\"ENGLISH 678 Aprender ingles ni\u00f1os online Primaria\" \/>\n<meta property=\"og:description\" content=\"ENGLISH 678 aprender ingles, es un conjunto de recursos educativos para aprender ingl\u00e9s dirigido a ni\u00f1os desde 5-6 a\u00f1os hasta 8. \u00a1PRUEBA GRATIS AHORA!\" \/>\n<meta property=\"og:url\" content=\"https:\/\/www.educaplanet.com\/educaplanet\/english-678-aprender-ingles-ninos\/\" \/>\n<meta property=\"og:site_name\" content=\"EDUCAPLANET APPS\" \/>\n<meta property=\"article:publisher\" content=\"https:\/\/www.facebook.com\/educaplanet\" \/>\n<meta property=\"article:modified_time\" content=\"2021-03-29T15:26:51+00:00\" \/>\n<meta property=\"og:image\" content=\"https:\/\/www.educaplanet.com\/educaplanet\/wp-content\/uploads\/2017\/08\/bano-aprender-ingles-ninos-primaria.png\" \/>\n\t<meta property=\"og:image:width\" content=\"500\" \/>\n\t<meta property=\"og:image:height\" content=\"374\" \/>\n\t<meta property=\"og:image:type\" content=\"image\/png\" \/>\n<meta name=\"twitter:card\" content=\"summary_large_image\" \/>\n<meta name=\"twitter:site\" content=\"@educaplanet_es\" \/>\n<meta name=\"twitter:label1\" content=\"Tiempo de lectura\" \/>\n\t<meta name=\"twitter:data1\" content=\"4 minutos\" \/>\n<script type=\"application\/ld+json\" class=\"yoast-schema-graph\">{\"@context\":\"https:\/\/schema.org\",\"@graph\":[{\"@type\":\"WebPage\",\"@id\":\"https:\/\/www.educaplanet.com\/educaplanet\/english-678-aprender-ingles-ninos\/\",\"url\":\"https:\/\/www.educaplanet.com\/educaplanet\/english-678-aprender-ingles-ninos\/\",\"name\":\"ENGLISH 678 Aprender ingles ni\u00f1os online Primaria\",\"isPartOf\":{\"@id\":\"https:\/\/www.educaplanet.com\/educaplanet\/#website\"},\"primaryImageOfPage\":{\"@id\":\"https:\/\/www.educaplanet.com\/educaplanet\/english-678-aprender-ingles-ninos\/#primaryimage\"},\"image\":{\"@id\":\"https:\/\/www.educaplanet.com\/educaplanet\/english-678-aprender-ingles-ninos\/#primaryimage\"},\"thumbnailUrl\":\"https:\/\/www.educaplanet.com\/educaplanet\/wp-content\/uploads\/2017\/08\/bano-aprender-ingles-ninos-primaria.png\",\"datePublished\":\"2017-08-19T09:58:59+00:00\",\"dateModified\":\"2021-03-29T15:26:51+00:00\",\"description\":\"ENGLISH 678 aprender ingles, es un conjunto de recursos educativos para aprender ingl\u00e9s dirigido a ni\u00f1os desde 5-6 a\u00f1os hasta 8. \u00a1PRUEBA GRATIS AHORA!\",\"breadcrumb\":{\"@id\":\"https:\/\/www.educaplanet.com\/educaplanet\/english-678-aprender-ingles-ninos\/#breadcrumb\"},\"inLanguage\":\"es\",\"potentialAction\":[{\"@type\":\"ReadAction\",\"target\":[\"https:\/\/www.educaplanet.com\/educaplanet\/english-678-aprender-ingles-ninos\/\"]}]},{\"@type\":\"ImageObject\",\"inLanguage\":\"es\",\"@id\":\"https:\/\/www.educaplanet.com\/educaplanet\/english-678-aprender-ingles-ninos\/#primaryimage\",\"url\":\"https:\/\/www.educaplanet.com\/educaplanet\/wp-content\/uploads\/2017\/08\/bano-aprender-ingles-ninos-primaria.png\",\"contentUrl\":\"https:\/\/www.educaplanet.com\/educaplanet\/wp-content\/uploads\/2017\/08\/bano-aprender-ingles-ninos-primaria.png\",\"width\":500,\"height\":374,\"caption\":\"20 escenas para aprender ingl\u00e9s para ni\u00f1os\"},{\"@type\":\"BreadcrumbList\",\"@id\":\"https:\/\/www.educaplanet.com\/educaplanet\/english-678-aprender-ingles-ninos\/#breadcrumb\",\"itemListElement\":[{\"@type\":\"ListItem\",\"position\":1,\"name\":\"Portada\",\"item\":\"https:\/\/www.educaplanet.com\/educaplanet\/\"},{\"@type\":\"ListItem\",\"position\":2,\"name\":\"ENGLISH 678 aprender ingles ni\u00f1os\"}]},{\"@type\":\"WebSite\",\"@id\":\"https:\/\/www.educaplanet.com\/educaplanet\/#website\",\"url\":\"https:\/\/www.educaplanet.com\/educaplanet\/\",\"name\":\"EDUCAPLANET APPS\",\"description\":\"Apps y juegos educativos para ni\u00f1os y ni\u00f1as\",\"potentialAction\":[{\"@type\":\"SearchAction\",\"target\":{\"@type\":\"EntryPoint\",\"urlTemplate\":\"https:\/\/www.educaplanet.com\/educaplanet\/?s={search_term_string}\"},\"query-input\":{\"@type\":\"PropertyValueSpecification\",\"valueRequired\":true,\"valueName\":\"search_term_string\"}}],\"inLanguage\":\"es\"}]}<\/script>\n<!-- \/ Yoast SEO plugin. -->","yoast_head_json":{"title":"ENGLISH 678 Aprender ingles ni\u00f1os online Primaria","description":"ENGLISH 678 aprender ingles, es un conjunto de recursos educativos para aprender ingl\u00e9s dirigido a ni\u00f1os desde 5-6 a\u00f1os hasta 8. \u00a1PRUEBA GRATIS AHORA!","robots":{"index":"index","follow":"follow","max-snippet":"max-snippet:-1","max-image-preview":"max-image-preview:large","max-video-preview":"max-video-preview:-1"},"canonical":"https:\/\/www.educaplanet.com\/educaplanet\/english-678-aprender-ingles-ninos\/","og_locale":"es_ES","og_type":"article","og_title":"ENGLISH 678 Aprender ingles ni\u00f1os online Primaria","og_description":"ENGLISH 678 aprender ingles, es un conjunto de recursos educativos para aprender ingl\u00e9s dirigido a ni\u00f1os desde 5-6 a\u00f1os hasta 8. \u00a1PRUEBA GRATIS AHORA!","og_url":"https:\/\/www.educaplanet.com\/educaplanet\/english-678-aprender-ingles-ninos\/","og_site_name":"EDUCAPLANET APPS","article_publisher":"https:\/\/www.facebook.com\/educaplanet","article_modified_time":"2021-03-29T15:26:51+00:00","og_image":[{"width":500,"height":374,"url":"https:\/\/www.educaplanet.com\/educaplanet\/wp-content\/uploads\/2017\/08\/bano-aprender-ingles-ninos-primaria.png","type":"image\/png"}],"twitter_card":"summary_large_image","twitter_site":"@educaplanet_es","twitter_misc":{"Tiempo de lectura":"4 minutos"},"schema":{"@context":"https:\/\/schema.org","@graph":[{"@type":"WebPage","@id":"https:\/\/www.educaplanet.com\/educaplanet\/english-678-aprender-ingles-ninos\/","url":"https:\/\/www.educaplanet.com\/educaplanet\/english-678-aprender-ingles-ninos\/","name":"ENGLISH 678 Aprender ingles ni\u00f1os online Primaria","isPartOf":{"@id":"https:\/\/www.educaplanet.com\/educaplanet\/#website"},"primaryImageOfPage":{"@id":"https:\/\/www.educaplanet.com\/educaplanet\/english-678-aprender-ingles-ninos\/#primaryimage"},"image":{"@id":"https:\/\/www.educaplanet.com\/educaplanet\/english-678-aprender-ingles-ninos\/#primaryimage"},"thumbnailUrl":"https:\/\/www.educaplanet.com\/educaplanet\/wp-content\/uploads\/2017\/08\/bano-aprender-ingles-ninos-primaria.png","datePublished":"2017-08-19T09:58:59+00:00","dateModified":"2021-03-29T15:26:51+00:00","description":"ENGLISH 678 aprender ingles, es un conjunto de recursos educativos para aprender ingl\u00e9s dirigido a ni\u00f1os desde 5-6 a\u00f1os hasta 8. \u00a1PRUEBA GRATIS AHORA!","breadcrumb":{"@id":"https:\/\/www.educaplanet.com\/educaplanet\/english-678-aprender-ingles-ninos\/#breadcrumb"},"inLanguage":"es","potentialAction":[{"@type":"ReadAction","target":["https:\/\/www.educaplanet.com\/educaplanet\/english-678-aprender-ingles-ninos\/"]}]},{"@type":"ImageObject","inLanguage":"es","@id":"https:\/\/www.educaplanet.com\/educaplanet\/english-678-aprender-ingles-ninos\/#primaryimage","url":"https:\/\/www.educaplanet.com\/educaplanet\/wp-content\/uploads\/2017\/08\/bano-aprender-ingles-ninos-primaria.png","contentUrl":"https:\/\/www.educaplanet.com\/educaplanet\/wp-content\/uploads\/2017\/08\/bano-aprender-ingles-ninos-primaria.png","width":500,"height":374,"caption":"20 escenas para aprender ingl\u00e9s para ni\u00f1os"},{"@type":"BreadcrumbList","@id":"https:\/\/www.educaplanet.com\/educaplanet\/english-678-aprender-ingles-ninos\/#breadcrumb","itemListElement":[{"@type":"ListItem","position":1,"name":"Portada","item":"https:\/\/www.educaplanet.com\/educaplanet\/"},{"@type":"ListItem","position":2,"name":"ENGLISH 678 aprender ingles ni\u00f1os"}]},{"@type":"WebSite","@id":"https:\/\/www.educaplanet.com\/educaplanet\/#website","url":"https:\/\/www.educaplanet.com\/educaplanet\/","name":"EDUCAPLANET APPS","description":"Apps y juegos educativos para ni\u00f1os y ni\u00f1as","potentialAction":[{"@type":"SearchAction","target":{"@type":"EntryPoint","urlTemplate":"https:\/\/www.educaplanet.com\/educaplanet\/?s={search_term_string}"},"query-input":{"@type":"PropertyValueSpecification","valueRequired":true,"valueName":"search_term_string"}}],"inLanguage":"es"}]}},"_links":{"self":[{"href":"https:\/\/www.educaplanet.com\/educaplanet\/wp-json\/wp\/v2\/pages\/2674","targetHints":{"allow":["GET"]}}],"collection":[{"href":"https:\/\/www.educaplanet.com\/educaplanet\/wp-json\/wp\/v2\/pages"}],"about":[{"href":"https:\/\/www.educaplanet.com\/educaplanet\/wp-json\/wp\/v2\/types\/page"}],"author":[{"embeddable":true,"href":"https:\/\/www.educaplanet.com\/educaplanet\/wp-json\/wp\/v2\/users\/3"}],"replies":[{"embeddable":true,"href":"https:\/\/www.educaplanet.com\/educaplanet\/wp-json\/wp\/v2\/comments?post=2674"}],"version-history":[{"count":16,"href":"https:\/\/www.educaplanet.com\/educaplanet\/wp-json\/wp\/v2\/pages\/2674\/revisions"}],"predecessor-version":[{"id":6192,"href":"https:\/\/www.educaplanet.com\/educaplanet\/wp-json\/wp\/v2\/pages\/2674\/revisions\/6192"}],"wp:featuredmedia":[{"embeddable":true,"href":"https:\/\/www.educaplanet.com\/educaplanet\/wp-json\/wp\/v2\/media\/2675"}],"wp:attachment":[{"href":"https:\/\/www.educaplanet.com\/educaplanet\/wp-json\/wp\/v2\/media?parent=2674"}],"curies":[{"name":"wp","href":"https:\/\/api.w.org\/{rel}","templated":true}]}}