{"id":3867,"date":"2019-02-15T20:17:21","date_gmt":"2019-02-15T19:17:21","guid":{"rendered":"https:\/\/www.educaplanet.com\/educaplanet\/?page_id=3867"},"modified":"2019-05-13T10:32:42","modified_gmt":"2019-05-13T09:32:42","slug":"primeras-palabras-grin","status":"publish","type":"page","link":"https:\/\/www.educaplanet.com\/educaplanet\/primeras-palabras-grin\/","title":{"rendered":"PRIMERAS PALABRAS GRIN"},"content":{"rendered":"<h1>Con la aplicaci\u00f3n Primeras palabras Grin y Uipi los ni\u00f1os desde 3 a\u00f1os hasta 6 o 7 se iniciar\u00e1n en el proceso de lectura de palabras.<\/h1>\n<p><a href=\"https:\/\/itunes.apple.com\/es\/app\/primeras-palabras-grin-y-uipi\/id1451931995?mt=8\"><img loading=\"lazy\" decoding=\"async\" class=\"alignleft wp-image-3911 size-full\" src=\"https:\/\/www.educaplanet.com\/educaplanet\/wp-content\/uploads\/2019\/02\/bot_itunes_palabras.png\" alt=\"Primeras palabras App iTunes \" width=\"202\" height=\"46\" \/><\/a>En <strong><a href=\"http:\/\/bit.ly\/educaplaneti\">IPAD O IPHONE<\/a>\u00a0VERSI\u00d3N <a href=\"https:\/\/itunes.apple.com\/es\/app\/primeras-palabras-grin-y-uipi\/id1451931995?mt=8\">GRATIS con COMPRAS<\/a><br \/>\nO versi\u00f3n\u00a0<a href=\"https:\/\/itunes.apple.com\/es\/app\/primeras-palabras-full-espa%C3%B1ol\/id1454209049\">COMPLETA sin in-apps<\/a><\/strong><\/p>\n<p>&nbsp;<\/p>\n<p><a href=\"https:\/\/play.google.com\/store\/apps\/details?id=air.educaplanet.leer.palabras\" target=\"_blank\" rel=\"noopener\"><img loading=\"lazy\" decoding=\"async\" class=\"alignleft wp-image-3910 size-full\" src=\"https:\/\/www.educaplanet.com\/educaplanet\/wp-content\/uploads\/2019\/02\/bot_googleplay_palabras.png\" alt=\"App Primeras palabras Grin GooglePlay\" width=\"203\" height=\"47\" \/><\/a>En dispositivos<a href=\"https:\/\/play.google.com\/store\/apps\/details?id=air.educaplanet.leer.palabras\" target=\"_blank\" rel=\"noopener\"><strong> ANDROID &#8211; GooglePlay<\/strong><\/a><\/p>\n<p>&nbsp;<\/p>\n<p><a href=\"https:\/\/www.educaplanet.com\/educaplanet\/juegos\/pc-mac\/\" target=\"_blank\" rel=\"noopener\"><img loading=\"lazy\" decoding=\"async\" class=\"alignleft wp-image-3912 size-full\" src=\"https:\/\/www.educaplanet.com\/educaplanet\/wp-content\/uploads\/2019\/02\/bot_ordenador_palabras.png\" alt=\"Primeras palabras espa\u00f1ol Windows\" width=\"203\" height=\"48\" \/><\/a>PARA <a href=\"https:\/\/www.educaplanet.com\/educaplanet\/juegos\/pc-mac\/\"><strong>ORDENADORES<\/strong> WINDOWS<\/a><\/p>\n<p>&nbsp;<\/p>\n<p>Con juegos que estimulan su inteligencia y el aprendizaje temprano, permite el aprendizaje activo, trabaja el o\u00eddo y la pronunciaci\u00f3n de diferentes palabras. Aprender\u00e1n a deletrear y componer palabras fon\u00e9ticamente.<\/p>\n<p><img loading=\"lazy\" decoding=\"async\" class=\"wp-image-3897 size-full aligncenter\" src=\"https:\/\/www.educaplanet.com\/educaplanet\/wp-content\/uploads\/2019\/02\/palabras_especial-320X180.png\" alt=\"Primeras palabras Grin y Uipi Aplicaci\u00f3n infantil aprender a leer \" width=\"325\" height=\"180\" srcset=\"https:\/\/www.educaplanet.com\/educaplanet\/wp-content\/uploads\/2019\/02\/palabras_especial-320X180.png 325w, https:\/\/www.educaplanet.com\/educaplanet\/wp-content\/uploads\/2019\/02\/palabras_especial-320X180-300x166.png 300w\" sizes=\"auto, (max-width: 325px) 100vw, 325px\" \/><\/p>\n<p>Jugando con Grin y Uipi mejorar\u00e1n en todos estos aspectos:<\/p>\n<ul>\n<li>Mejora las habilidades lectoras practicando vocabulario que oyen en casa y en el colegio.<\/li>\n<li>Mejora la fluidez lectora.<\/li>\n<li>Aumenta la seguridad y autoestima<\/li>\n<li>Ayuda a ni\u00f1os con dificultades como autismo, retraso del habla u otros transtornos del lenguaje de una forma estimulante.<\/li>\n<\/ul>\n<div id=\"attachment_3893\" style=\"width: 510px\" class=\"wp-caption aligncenter\"><img loading=\"lazy\" decoding=\"async\" aria-describedby=\"caption-attachment-3893\" class=\"wp-image-3893 size-full\" src=\"https:\/\/www.educaplanet.com\/educaplanet\/wp-content\/uploads\/2019\/02\/escena-palabras-grin-educaplanet-p.png\" alt=\"juego aprender palabras grin educaplanet escena\" width=\"500\" height=\"343\" srcset=\"https:\/\/www.educaplanet.com\/educaplanet\/wp-content\/uploads\/2019\/02\/escena-palabras-grin-educaplanet-p.png 500w, https:\/\/www.educaplanet.com\/educaplanet\/wp-content\/uploads\/2019\/02\/escena-palabras-grin-educaplanet-p-300x206.png 300w\" sizes=\"auto, (max-width: 500px) 100vw, 500px\" \/><p id=\"caption-attachment-3893\" class=\"wp-caption-text\">Primeras palabras Grin: 19 escenas con casi 200 palabras<\/p><\/div>\n<h2>Primeras palabras con Grin y Uipi contiene cerca de 200 palabras en espa\u00f1ol.<\/h2>\n<p>Desde los colores, primeros n\u00fameros, las partes del cuerpo, partes de la cara, animales dom\u00e9sticos, animales acu\u00e1ticos, el dormitorio, el ba\u00f1o, la calle y mucho m\u00e1s.<\/p>\n<ul>\n<li><strong>Para los m\u00e1s peque\u00f1os:<\/strong><br \/>\nrecomendamos las escenas (simplemente tocar la pantalla e interactuar dando color a los elementos de las escena), as\u00ed como el juego de memory (parejas) en modo \u00abbeb\u00e9\u00bb.<br \/>\n<img loading=\"lazy\" decoding=\"async\" class=\"aligncenter size-medium wp-image-3896\" src=\"https:\/\/www.educaplanet.com\/educaplanet\/wp-content\/uploads\/2019\/02\/parejas-bebe-memory-vocabulario-300x206.png\" alt=\"juego parejas bebe memory vocabulario\" width=\"300\" height=\"206\" srcset=\"https:\/\/www.educaplanet.com\/educaplanet\/wp-content\/uploads\/2019\/02\/parejas-bebe-memory-vocabulario-300x206.png 300w, https:\/\/www.educaplanet.com\/educaplanet\/wp-content\/uploads\/2019\/02\/parejas-bebe-memory-vocabulario.png 500w\" sizes=\"auto, (max-width: 300px) 100vw, 300px\" \/><\/li>\n<li><strong>Para los m\u00e1s mayores:<\/strong><br \/>\ndisponen de 5 juegos diferentes donde practicar\u00e1n vocabulario con 2 niveles de dificultad en cada juego y desde distintos enfoques.<\/li>\n<\/ul>\n<p><img loading=\"lazy\" decoding=\"async\" class=\"aligncenter size-full wp-image-3892\" src=\"https:\/\/www.educaplanet.com\/educaplanet\/wp-content\/uploads\/2019\/02\/deletrear-palabras-juego-app-p.png\" alt=\"\" width=\"500\" height=\"343\" srcset=\"https:\/\/www.educaplanet.com\/educaplanet\/wp-content\/uploads\/2019\/02\/deletrear-palabras-juego-app-p.png 500w, https:\/\/www.educaplanet.com\/educaplanet\/wp-content\/uploads\/2019\/02\/deletrear-palabras-juego-app-p-300x206.png 300w\" sizes=\"auto, (max-width: 500px) 100vw, 500px\" \/><\/p>\n<p><a href=\"https:\/\/www.educaplanet.com\/educaplanet\/juegos\/aprender-a-leer-con-grin\/\"><img loading=\"lazy\" decoding=\"async\" class=\"alignleft wp-image-327 size-full\" src=\"https:\/\/www.educaplanet.com\/educaplanet\/wp-content\/uploads\/2013\/11\/leogrin144.png\" alt=\"Leo con Grin, juegos para aprender a leer\" width=\"144\" height=\"144\" srcset=\"https:\/\/www.educaplanet.com\/educaplanet\/wp-content\/uploads\/2013\/11\/leogrin144.png 144w, https:\/\/www.educaplanet.com\/educaplanet\/wp-content\/uploads\/2013\/11\/leogrin144-100x100.png 100w\" sizes=\"auto, (max-width: 144px) 100vw, 144px\" \/><\/a>NUESTRA RECOMENDACI\u00d3N:<\/p>\n<p>Combinar el juego tambi\u00e9n con las aplicaciones educativas de <a href=\"https:\/\/www.educaplanet.com\/educaplanet\/juegos\/aprender-a-leer-con-grin\/\"><strong>APRENDER<\/strong> A LEER CON GRIN 1<\/a> y <strong><a href=\"https:\/\/www.educaplanet.com\/educaplanet\/aprender-a-leer-2-grin-uipi\/\">APRENDER A LEER 2<\/a><\/strong>. Ambas forman un m\u00e9todo interactivo de lectoescritura donde se trabajan letras, s\u00edlabas, palabras y frases.<\/p>\n<p>&nbsp;<\/p>\n<p>\u2605 <strong>GRABA TU VOZ<\/strong><br \/>\nPermite grabar tu voz para comparar. Una forma divertida de aprender nuevas palabras de uso cotidiano para un ni\u00f1o. Una vez grabado, pulsa sobre tu avatar para escucharte.<\/p>\n<p><img loading=\"lazy\" decoding=\"async\" class=\"aligncenter wp-image-3894 size-full\" src=\"https:\/\/www.educaplanet.com\/educaplanet\/wp-content\/uploads\/2019\/02\/graba-audio-aplicacion-palabras.png\" alt=\"\" width=\"500\" height=\"343\" srcset=\"https:\/\/www.educaplanet.com\/educaplanet\/wp-content\/uploads\/2019\/02\/graba-audio-aplicacion-palabras.png 500w, https:\/\/www.educaplanet.com\/educaplanet\/wp-content\/uploads\/2019\/02\/graba-audio-aplicacion-palabras-300x206.png 300w\" sizes=\"auto, (max-width: 500px) 100vw, 500px\" \/><\/p>\n<h3>\u2605 CARACTER\u00cdSTICAS PRIMERAS PALABRAS GRIN<\/h3>\n<p>PALABRAS ESCRITAS Y AUDIO: Escucha las palabras en ingl\u00e9s con Cuca.<br \/>\nGRABACI\u00d3N: graba tu voz para practicar.<br \/>\n3 TIPOS DE LETRA: elige el tipo de letra para estimular la lectura.<br \/>\n5 JUEGOS:<br \/>\n&#8211; Pegatinas<br \/>\n&#8211; Deletrear<br \/>\n&#8211; Buscar la palabra<br \/>\n&#8211; Buscar la imagen<br \/>\n&#8211; Parejas o memory<br \/>\nMODO REPASO: En juego de abeja, repasa solo aquellas palabras en las que has fallado.<br \/>\n2 NIVELES: cada juego con ayuda visual o sin.<br \/>\nOBJETIVO L\u00daDICO: Atrapa frutas para alimentar a los peque\u00f1os aliens.<\/p>\n<p><img loading=\"lazy\" decoding=\"async\" class=\"aligncenter wp-image-3895 size-medium\" src=\"https:\/\/www.educaplanet.com\/educaplanet\/wp-content\/uploads\/2019\/02\/leer-buscar-imagen-palabras-espanol-300x206.png\" alt=\"leer buscar imagen palabras espanol\" width=\"300\" height=\"206\" srcset=\"https:\/\/www.educaplanet.com\/educaplanet\/wp-content\/uploads\/2019\/02\/leer-buscar-imagen-palabras-espanol-300x206.png 300w, https:\/\/www.educaplanet.com\/educaplanet\/wp-content\/uploads\/2019\/02\/leer-buscar-imagen-palabras-espanol.png 500w\" sizes=\"auto, (max-width: 300px) 100vw, 300px\" \/><\/p>\n<p><iframe loading=\"lazy\" src=\"https:\/\/www.youtube.com\/embed\/kjsxCUGWfOA\" width=\"560\" height=\"315\" frameborder=\"0\" allowfullscreen=\"allowfullscreen\"><\/iframe><\/p>\n<p><strong>INFORMES PARA LOS PADRES<\/strong><br \/>\nPosteriormente, desde todos los men\u00fas pulsando sobre el BOT\u00d3N PROGRESOS se puede al resumen de los juegos visitados recientemente con las puntuaciones de aciertos y errores cometidos.<\/p>\n<p>\u00b7 Con la opci\u00f3n de enviarlos al correo electr\u00f3nico deseado.<\/p>\n<p>Asegura un aprendizaje positivo, alentando a los jugadores. Si se consiguen todas las frutas de un nivel, no significa que no puedan seguir jugando, simplemente no se puede alimentar al alien.<\/p>\n<h3>ACONSEJAMOS LEER LA GU\u00cdA DID\u00c1CTICA DE PRIMERAS PALABRAS GRIN<\/h3>\n<p><iframe loading=\"lazy\" style=\"border: 1px solid #CCC; border-width: 1px; margin-bottom: 5px; max-width: 100%;\" src=\"\/\/www.slideshare.net\/slideshow\/embed_code\/key\/5xphLRuzsywmpk\" width=\"595\" height=\"485\" frameborder=\"0\" marginwidth=\"0\" marginheight=\"0\" scrolling=\"no\" allowfullscreen=\"allowfullscreen\"> <\/iframe><\/p>\n<div style=\"margin-bottom: 5px;\"><strong> <a title=\"Guia didactica PRIMERAS PALABRAS con Grin y Uipi\" href=\"\/\/www.slideshare.net\/Educaplanet\/guia-didactica-primeras-palabras-con-grin-y-uipi\" target=\"_blank\" rel=\"noopener\">Guia didactica PRIMERAS PALABRAS con Grin y Uipi<\/a> <\/strong> de <strong><a href=\"https:\/\/www.slideshare.net\/Educaplanet\" target=\"_blank\" rel=\"noopener\">Educaplanet<\/a><\/strong><\/div>\n<p>&nbsp;<\/p>\n<p><strong>COMPROMISO DE EDUCAPLANET:<\/strong><br \/>\n&#8211; SIN PUBLICIDAD DE TERCEROS<br \/>\n&#8211; ENLACES EXTERNOS PROTEGIDOS<br \/>\n&#8211; COMPRAS INTEGRADAS EN LA APLICACI\u00d3N PROTEGIDAS<br \/>\nSi desea m\u00e1s informaci\u00f3n, consulte nuestra pol\u00edtica de privacidad:<\/p>\n<p>Defendemos que la estimulaci\u00f3n temprana bien entendida siempre es \u00fatil para todos y, especialmente, en ni\u00f1os con necesidades educativas especiales.<\/p>\n<p>Para cualquier duda o problema contacte con nosotros: soporte@educaplanet.com<\/p>\n<ul>\n<li><strong>EN OTROS IDIOMAS\u00a0<\/strong><\/li>\n<\/ul>\n<div><a href=\"https:\/\/www.educaplanet.com\/educaplanet\/english-456-aprender-ingles-para-ninos\/\"><img loading=\"lazy\" decoding=\"async\" class=\"alignleft wp-image-3945\" src=\"https:\/\/www.educaplanet.com\/educaplanet\/wp-content\/uploads\/2019\/03\/english456_144.png\" alt=\"Icono English 456 nuevo\" width=\"83\" height=\"83\" srcset=\"https:\/\/www.educaplanet.com\/educaplanet\/wp-content\/uploads\/2019\/03\/english456_144.png 144w, https:\/\/www.educaplanet.com\/educaplanet\/wp-content\/uploads\/2019\/03\/english456_144-100x100.png 100w\" sizes=\"auto, (max-width: 83px) 100vw, 83px\" \/><\/a><a href=\"https:\/\/www.educaplanet.com\/educaplanet\/english-456-aprender-ingles-para-ninos\/\">ENGLISH 456<br \/>\nFirst Words<br \/>\nfor Kids<\/a><\/div>\n<div><\/div>\n<div><\/div>\n<div><a href=\"https:\/\/www.educaplanet.com\/educaplanet\/primeres-paraules-catala-llegir\/\"><img loading=\"lazy\" decoding=\"async\" class=\"alignleft wp-image-4049\" src=\"https:\/\/www.educaplanet.com\/educaplanet\/wp-content\/uploads\/2019\/05\/palacat_144.png\" alt=\"Primeres paraules catal\u00e0amb GRIN app\" width=\"66\" height=\"66\" srcset=\"https:\/\/www.educaplanet.com\/educaplanet\/wp-content\/uploads\/2019\/05\/palacat_144.png 144w, https:\/\/www.educaplanet.com\/educaplanet\/wp-content\/uploads\/2019\/05\/palacat_144-100x100.png 100w\" sizes=\"auto, (max-width: 66px) 100vw, 66px\" \/><\/a><a href=\"https:\/\/www.educaplanet.com\/educaplanet\/primeres-paraules-catala-llegir\/\">PRIMERES<br \/>\nPARAULES<br \/>\nCATAL\u00c0\u00a0<\/a><\/div>\n<p>&nbsp;<\/p>\n<p><strong>Finalmente algunas actividades\/fichas que pueden interesar:<\/strong><\/p>\n<ul>\n<li><a href=\"https:\/\/www.educaplanet.com\/educaplanet\/2018\/06\/ficha-animales-acuaticos-dia-oceanos\/\"><strong>animales acu\u00e1ticos\u00a0<\/strong><\/a><\/li>\n<\/ul>\n<div id=\"attachment_3391\" style=\"width: 160px\" class=\"wp-caption aligncenter\"><img loading=\"lazy\" decoding=\"async\" aria-describedby=\"caption-attachment-3391\" class=\"size-thumbnail wp-image-3391\" src=\"https:\/\/www.educaplanet.com\/educaplanet\/wp-content\/uploads\/2018\/06\/ficha-animales-acuaticos-oceano-espanol-150x150.png\" alt=\"animales acu\u00e1ticos oc\u00e9ano espa\u00f1ol\" width=\"150\" height=\"150\" srcset=\"https:\/\/www.educaplanet.com\/educaplanet\/wp-content\/uploads\/2018\/06\/ficha-animales-acuaticos-oceano-espanol-150x150.png 150w, https:\/\/www.educaplanet.com\/educaplanet\/wp-content\/uploads\/2018\/06\/ficha-animales-acuaticos-oceano-espanol-300x300.png 300w, https:\/\/www.educaplanet.com\/educaplanet\/wp-content\/uploads\/2018\/06\/ficha-animales-acuaticos-oceano-espanol-100x100.png 100w\" sizes=\"auto, (max-width: 150px) 100vw, 150px\" \/><p id=\"caption-attachment-3391\" class=\"wp-caption-text\">Ficha para colorear animales acu\u00e1ticos oc\u00e9ano espa\u00f1ol<\/p><\/div>\n<ul>\n<li><a href=\"https:\/\/www.educaplanet.com\/educaplanet\/2017\/10\/partes-del-cuerpo-ficha-gratis\/\"><strong>Partes del cuerpo\u00a0<\/strong><\/a>\n<div id=\"attachment_2797\" style=\"width: 160px\" class=\"wp-caption aligncenter\"><img loading=\"lazy\" decoding=\"async\" aria-describedby=\"caption-attachment-2797\" class=\"size-thumbnail wp-image-2797\" src=\"https:\/\/www.educaplanet.com\/educaplanet\/wp-content\/uploads\/2017\/10\/cuerpo-humano-delante-e-150x150.png\" alt=\"partes del cuerpo cuerpo humano ficha\" width=\"150\" height=\"150\" srcset=\"https:\/\/www.educaplanet.com\/educaplanet\/wp-content\/uploads\/2017\/10\/cuerpo-humano-delante-e-150x150.png 150w, https:\/\/www.educaplanet.com\/educaplanet\/wp-content\/uploads\/2017\/10\/cuerpo-humano-delante-e-300x300.png 300w, https:\/\/www.educaplanet.com\/educaplanet\/wp-content\/uploads\/2017\/10\/cuerpo-humano-delante-e-100x100.png 100w\" sizes=\"auto, (max-width: 150px) 100vw, 150px\" \/><p id=\"caption-attachment-2797\" class=\"wp-caption-text\">Ficha en espa\u00f1ol<\/p><\/div><\/li>\n<\/ul>\n","protected":false},"excerpt":{"rendered":"<p>Con la aplicaci\u00f3n Primeras palabras Grin y Uipi los ni\u00f1os desde 3 a\u00f1os hasta 6 o 7 se iniciar\u00e1n en el proceso de lectura de palabras. En IPAD O IPHONE\u00a0VERSI\u00d3N GRATIS con COMPRAS O versi\u00f3n\u00a0COMPLETA sin in-apps &nbsp; En dispositivos ANDROID &#8211; GooglePlay &nbsp; PARA ORDENADORES WINDOWS &nbsp; Con juegos que estimulan su inteligencia y el aprendizaje temprano, permite el aprendizaje activo, trabaja el o\u00eddo y la pronunciaci\u00f3n de diferentes palabras. Aprender\u00e1n a deletrear y componer palabras fon\u00e9ticamente. Jugando con Grin y Uipi mejorar\u00e1n en todos estos aspectos: Mejora las habilidades lectoras practicando vocabulario que oyen en casa y en<\/p>\n","protected":false},"author":3,"featured_media":3902,"parent":0,"menu_order":0,"comment_status":"closed","ping_status":"closed","template":"","meta":{"_monsterinsights_skip_tracking":false,"_monsterinsights_sitenote_active":false,"_monsterinsights_sitenote_note":"","_monsterinsights_sitenote_category":0,"footnotes":""},"class_list":["post-3867","page","type-page","status-publish","has-post-thumbnail","hentry"],"yoast_head":"<!-- This site is optimized with the Yoast SEO plugin v27.2 - https:\/\/yoast.com\/product\/yoast-seo-wordpress\/ -->\n<title>PRIMERAS PALABRAS GRIN APRENDER A LEER<\/title>\n<meta name=\"description\" content=\"Primeras palabras Grin es una aplicaci\u00f3n para mejorar habilidades lectoras, con vocabulario de casa y del colegio con juegos interactivos de 3 a 6 a\u00f1os.\" \/>\n<meta name=\"robots\" content=\"index, follow, max-snippet:-1, max-image-preview:large, max-video-preview:-1\" \/>\n<link rel=\"canonical\" href=\"https:\/\/www.educaplanet.com\/educaplanet\/primeras-palabras-grin\/\" \/>\n<meta property=\"og:locale\" content=\"es_ES\" \/>\n<meta property=\"og:type\" content=\"article\" \/>\n<meta property=\"og:title\" content=\"PRIMERAS PALABRAS GRIN APRENDER A LEER\" \/>\n<meta property=\"og:description\" content=\"Primeras palabras Grin es una aplicaci\u00f3n para mejorar habilidades lectoras, con vocabulario de casa y del colegio con juegos interactivos de 3 a 6 a\u00f1os.\" \/>\n<meta property=\"og:url\" content=\"https:\/\/www.educaplanet.com\/educaplanet\/primeras-palabras-grin\/\" \/>\n<meta property=\"og:site_name\" content=\"EDUCAPLANET APPS\" \/>\n<meta property=\"article:publisher\" content=\"https:\/\/www.facebook.com\/educaplanet\" \/>\n<meta property=\"article:modified_time\" content=\"2019-05-13T09:32:42+00:00\" \/>\n<meta property=\"og:image\" content=\"https:\/\/www.educaplanet.com\/educaplanet\/wp-content\/uploads\/2019\/02\/english456_512.png\" \/>\n\t<meta property=\"og:image:width\" content=\"512\" \/>\n\t<meta property=\"og:image:height\" content=\"512\" \/>\n\t<meta property=\"og:image:type\" content=\"image\/png\" \/>\n<meta name=\"twitter:card\" content=\"summary_large_image\" \/>\n<meta name=\"twitter:site\" content=\"@educaplanet_es\" \/>\n<meta name=\"twitter:label1\" content=\"Tiempo de lectura\" \/>\n\t<meta name=\"twitter:data1\" content=\"3 minutos\" \/>\n<script type=\"application\/ld+json\" class=\"yoast-schema-graph\">{\"@context\":\"https:\/\/schema.org\",\"@graph\":[{\"@type\":\"WebPage\",\"@id\":\"https:\/\/www.educaplanet.com\/educaplanet\/primeras-palabras-grin\/\",\"url\":\"https:\/\/www.educaplanet.com\/educaplanet\/primeras-palabras-grin\/\",\"name\":\"PRIMERAS PALABRAS GRIN APRENDER A LEER\",\"isPartOf\":{\"@id\":\"https:\/\/www.educaplanet.com\/educaplanet\/#website\"},\"primaryImageOfPage\":{\"@id\":\"https:\/\/www.educaplanet.com\/educaplanet\/primeras-palabras-grin\/#primaryimage\"},\"image\":{\"@id\":\"https:\/\/www.educaplanet.com\/educaplanet\/primeras-palabras-grin\/#primaryimage\"},\"thumbnailUrl\":\"https:\/\/www.educaplanet.com\/educaplanet\/wp-content\/uploads\/2019\/02\/english456_512.png\",\"datePublished\":\"2019-02-15T19:17:21+00:00\",\"dateModified\":\"2019-05-13T09:32:42+00:00\",\"description\":\"Primeras palabras Grin es una aplicaci\u00f3n para mejorar habilidades lectoras, con vocabulario de casa y del colegio con juegos interactivos de 3 a 6 a\u00f1os.\",\"breadcrumb\":{\"@id\":\"https:\/\/www.educaplanet.com\/educaplanet\/primeras-palabras-grin\/#breadcrumb\"},\"inLanguage\":\"es\",\"potentialAction\":[{\"@type\":\"ReadAction\",\"target\":[\"https:\/\/www.educaplanet.com\/educaplanet\/primeras-palabras-grin\/\"]}]},{\"@type\":\"ImageObject\",\"inLanguage\":\"es\",\"@id\":\"https:\/\/www.educaplanet.com\/educaplanet\/primeras-palabras-grin\/#primaryimage\",\"url\":\"https:\/\/www.educaplanet.com\/educaplanet\/wp-content\/uploads\/2019\/02\/english456_512.png\",\"contentUrl\":\"https:\/\/www.educaplanet.com\/educaplanet\/wp-content\/uploads\/2019\/02\/english456_512.png\",\"width\":512,\"height\":512},{\"@type\":\"BreadcrumbList\",\"@id\":\"https:\/\/www.educaplanet.com\/educaplanet\/primeras-palabras-grin\/#breadcrumb\",\"itemListElement\":[{\"@type\":\"ListItem\",\"position\":1,\"name\":\"Portada\",\"item\":\"https:\/\/www.educaplanet.com\/educaplanet\/\"},{\"@type\":\"ListItem\",\"position\":2,\"name\":\"PRIMERAS PALABRAS GRIN\"}]},{\"@type\":\"WebSite\",\"@id\":\"https:\/\/www.educaplanet.com\/educaplanet\/#website\",\"url\":\"https:\/\/www.educaplanet.com\/educaplanet\/\",\"name\":\"EDUCAPLANET APPS\",\"description\":\"Apps y juegos educativos para ni\u00f1os y ni\u00f1as\",\"potentialAction\":[{\"@type\":\"SearchAction\",\"target\":{\"@type\":\"EntryPoint\",\"urlTemplate\":\"https:\/\/www.educaplanet.com\/educaplanet\/?s={search_term_string}\"},\"query-input\":{\"@type\":\"PropertyValueSpecification\",\"valueRequired\":true,\"valueName\":\"search_term_string\"}}],\"inLanguage\":\"es\"}]}<\/script>\n<!-- \/ Yoast SEO plugin. -->","yoast_head_json":{"title":"PRIMERAS PALABRAS GRIN APRENDER A LEER","description":"Primeras palabras Grin es una aplicaci\u00f3n para mejorar habilidades lectoras, con vocabulario de casa y del colegio con juegos interactivos de 3 a 6 a\u00f1os.","robots":{"index":"index","follow":"follow","max-snippet":"max-snippet:-1","max-image-preview":"max-image-preview:large","max-video-preview":"max-video-preview:-1"},"canonical":"https:\/\/www.educaplanet.com\/educaplanet\/primeras-palabras-grin\/","og_locale":"es_ES","og_type":"article","og_title":"PRIMERAS PALABRAS GRIN APRENDER A LEER","og_description":"Primeras palabras Grin es una aplicaci\u00f3n para mejorar habilidades lectoras, con vocabulario de casa y del colegio con juegos interactivos de 3 a 6 a\u00f1os.","og_url":"https:\/\/www.educaplanet.com\/educaplanet\/primeras-palabras-grin\/","og_site_name":"EDUCAPLANET APPS","article_publisher":"https:\/\/www.facebook.com\/educaplanet","article_modified_time":"2019-05-13T09:32:42+00:00","og_image":[{"width":512,"height":512,"url":"https:\/\/www.educaplanet.com\/educaplanet\/wp-content\/uploads\/2019\/02\/english456_512.png","type":"image\/png"}],"twitter_card":"summary_large_image","twitter_site":"@educaplanet_es","twitter_misc":{"Tiempo de lectura":"3 minutos"},"schema":{"@context":"https:\/\/schema.org","@graph":[{"@type":"WebPage","@id":"https:\/\/www.educaplanet.com\/educaplanet\/primeras-palabras-grin\/","url":"https:\/\/www.educaplanet.com\/educaplanet\/primeras-palabras-grin\/","name":"PRIMERAS PALABRAS GRIN APRENDER A LEER","isPartOf":{"@id":"https:\/\/www.educaplanet.com\/educaplanet\/#website"},"primaryImageOfPage":{"@id":"https:\/\/www.educaplanet.com\/educaplanet\/primeras-palabras-grin\/#primaryimage"},"image":{"@id":"https:\/\/www.educaplanet.com\/educaplanet\/primeras-palabras-grin\/#primaryimage"},"thumbnailUrl":"https:\/\/www.educaplanet.com\/educaplanet\/wp-content\/uploads\/2019\/02\/english456_512.png","datePublished":"2019-02-15T19:17:21+00:00","dateModified":"2019-05-13T09:32:42+00:00","description":"Primeras palabras Grin es una aplicaci\u00f3n para mejorar habilidades lectoras, con vocabulario de casa y del colegio con juegos interactivos de 3 a 6 a\u00f1os.","breadcrumb":{"@id":"https:\/\/www.educaplanet.com\/educaplanet\/primeras-palabras-grin\/#breadcrumb"},"inLanguage":"es","potentialAction":[{"@type":"ReadAction","target":["https:\/\/www.educaplanet.com\/educaplanet\/primeras-palabras-grin\/"]}]},{"@type":"ImageObject","inLanguage":"es","@id":"https:\/\/www.educaplanet.com\/educaplanet\/primeras-palabras-grin\/#primaryimage","url":"https:\/\/www.educaplanet.com\/educaplanet\/wp-content\/uploads\/2019\/02\/english456_512.png","contentUrl":"https:\/\/www.educaplanet.com\/educaplanet\/wp-content\/uploads\/2019\/02\/english456_512.png","width":512,"height":512},{"@type":"BreadcrumbList","@id":"https:\/\/www.educaplanet.com\/educaplanet\/primeras-palabras-grin\/#breadcrumb","itemListElement":[{"@type":"ListItem","position":1,"name":"Portada","item":"https:\/\/www.educaplanet.com\/educaplanet\/"},{"@type":"ListItem","position":2,"name":"PRIMERAS PALABRAS GRIN"}]},{"@type":"WebSite","@id":"https:\/\/www.educaplanet.com\/educaplanet\/#website","url":"https:\/\/www.educaplanet.com\/educaplanet\/","name":"EDUCAPLANET APPS","description":"Apps y juegos educativos para ni\u00f1os y ni\u00f1as","potentialAction":[{"@type":"SearchAction","target":{"@type":"EntryPoint","urlTemplate":"https:\/\/www.educaplanet.com\/educaplanet\/?s={search_term_string}"},"query-input":{"@type":"PropertyValueSpecification","valueRequired":true,"valueName":"search_term_string"}}],"inLanguage":"es"}]}},"_links":{"self":[{"href":"https:\/\/www.educaplanet.com\/educaplanet\/wp-json\/wp\/v2\/pages\/3867","targetHints":{"allow":["GET"]}}],"collection":[{"href":"https:\/\/www.educaplanet.com\/educaplanet\/wp-json\/wp\/v2\/pages"}],"about":[{"href":"https:\/\/www.educaplanet.com\/educaplanet\/wp-json\/wp\/v2\/types\/page"}],"author":[{"embeddable":true,"href":"https:\/\/www.educaplanet.com\/educaplanet\/wp-json\/wp\/v2\/users\/3"}],"replies":[{"embeddable":true,"href":"https:\/\/www.educaplanet.com\/educaplanet\/wp-json\/wp\/v2\/comments?post=3867"}],"version-history":[{"count":14,"href":"https:\/\/www.educaplanet.com\/educaplanet\/wp-json\/wp\/v2\/pages\/3867\/revisions"}],"predecessor-version":[{"id":3891,"href":"https:\/\/www.educaplanet.com\/educaplanet\/wp-json\/wp\/v2\/pages\/3867\/revisions\/3891"}],"wp:featuredmedia":[{"embeddable":true,"href":"https:\/\/www.educaplanet.com\/educaplanet\/wp-json\/wp\/v2\/media\/3902"}],"wp:attachment":[{"href":"https:\/\/www.educaplanet.com\/educaplanet\/wp-json\/wp\/v2\/media?parent=3867"}],"curies":[{"name":"wp","href":"https:\/\/api.w.org\/{rel}","templated":true}]}}