{"id":3964,"date":"2019-03-21T12:08:24","date_gmt":"2019-03-21T11:08:24","guid":{"rendered":"https:\/\/www.educaplanet.com\/educaplanet\/?page_id=3964"},"modified":"2019-10-21T08:13:26","modified_gmt":"2019-10-21T07:13:26","slug":"primeres-paraules-catala-llegir","status":"publish","type":"page","link":"https:\/\/www.educaplanet.com\/educaplanet\/primeres-paraules-catala-llegir\/","title":{"rendered":"primeres paraules catala llegir"},"content":{"rendered":"<h1>Primeres paraules catal\u00e0 \u00e9s una app per aprender a llegir en catal\u00e0 jugant des de tauletes, smartphones i ordinadors Windows.<\/h1>\n<p>Els nens des de 3 anys fins a 6 o 7 aprendran a dir les seves primeres paraules amb jocs que estimulen la seva intel\u00b7lig\u00e8ncia i l&#8217;aprenentatge primerenc.<\/p>\n<ul>\n<li><a href=\"https:\/\/itunes.apple.com\/us\/app\/primeres-paraules-catal%C3%A0\/id1456581186?mt=8\" target=\"_blank\" rel=\"noopener noreferrer\"><img loading=\"lazy\" decoding=\"async\" class=\"alignleft wp-image-4052 size-full\" src=\"https:\/\/www.educaplanet.com\/educaplanet\/wp-content\/uploads\/2019\/05\/palacat_appstore-itunes.png\" alt=\"Primeres paraules catala itunes \" width=\"203\" height=\"45\" \/><\/a>Per <a href=\"https:\/\/itunes.apple.com\/us\/app\/primeres-paraules-catal%C3%A0\/id1456581186?mt=8\"><strong>iPad o iPhone<\/strong><\/a> desde <strong>iTunes\n<p><\/strong><\/li>\n<li><img loading=\"lazy\" decoding=\"async\" class=\"size-full wp-image-4053 alignleft\" src=\"https:\/\/www.educaplanet.com\/educaplanet\/wp-content\/uploads\/2019\/05\/palacat_googleplay.png\" alt=\"Primeres Paraules catal\u00e0 GooglePlay\" width=\"204\" height=\"48\" \/>A dispositius <a href=\"https:\/\/play.google.com\/store\/apps\/details?id=air.educaplanet.leer.palacat\" target=\"_blank\" rel=\"noopener noreferrer\"><strong>Android desde GooglePlay<\/strong><\/a><\/li>\n<li><a href=\"http:\/\/www.educaplanet.com\/educaplanet\/juegos\/pc-mac\/\" target=\"_blank\" rel=\"noopener noreferrer\"><img loading=\"lazy\" decoding=\"async\" class=\"alignleft wp-image-4054 size-full\" src=\"https:\/\/www.educaplanet.com\/educaplanet\/wp-content\/uploads\/2019\/05\/palacat_windows.png\" alt=\"Primeres Paraules Windows\" width=\"204\" height=\"48\" \/><\/a><a href=\"http:\/\/www.educaplanet.com\/educaplanet\/juegos\/pc-mac\/\"><strong>Ordinadors Windows<\/strong> <\/a>(tamb\u00e9 si tenen PDI)<\/li>\n<\/ul>\n<h2><img loading=\"lazy\" decoding=\"async\" class=\"aligncenter size-large wp-image-4029\" src=\"https:\/\/www.educaplanet.com\/educaplanet\/wp-content\/uploads\/2019\/05\/paraules_especiales-1024x500-1024x500.png\" alt=\"Primeres paraules catal\u00e0 aplicaci\u00f3 lectoecriptura\" width=\"600\" height=\"293\" srcset=\"https:\/\/www.educaplanet.com\/educaplanet\/wp-content\/uploads\/2019\/05\/paraules_especiales-1024x500.png 1024w, https:\/\/www.educaplanet.com\/educaplanet\/wp-content\/uploads\/2019\/05\/paraules_especiales-1024x500-300x146.png 300w, https:\/\/www.educaplanet.com\/educaplanet\/wp-content\/uploads\/2019\/05\/paraules_especiales-1024x500-768x375.png 768w, https:\/\/www.educaplanet.com\/educaplanet\/wp-content\/uploads\/2019\/05\/paraules_especiales-1024x500-600x293.png 600w\" sizes=\"auto, (max-width: 600px) 100vw, 600px\" \/><\/h2>\n<h2>Primeres paraules en catal\u00e0 \u00e9s ideal per a iniciar-se en el m\u00f3n de la lectura, treballar l&#8217;o\u00efda i pronunciaci\u00f3 de diferents paraules.<\/h2>\n<p>Aprendran a lletrejar i compondre paraules fon\u00e8ticament.<\/p>\n<ul>\n<li>Millora les habilitats lectores practicant vocabulari que senten a casa i en el col\u00b7legi.<\/li>\n<li>Tamb\u00e9 millorar\u00e0 la flu\u00efdesa lectora.<\/li>\n<li>Mentre juguen, augmenta la seguretat i autoestima.<\/li>\n<li>Per finalitzar, ajuda a nens amb dificultats com a autisme, retard de la parla o altres trastorns de la parla d&#8217;una forma estimulant.<\/li>\n<\/ul>\n<p><img loading=\"lazy\" decoding=\"async\" class=\"aligncenter wp-image-4035 size-full\" src=\"https:\/\/www.educaplanet.com\/educaplanet\/wp-content\/uploads\/2019\/05\/primeres-paraules-cat-escena.png\" alt=\"primeres paraules catala escena\" width=\"500\" height=\"343\" srcset=\"https:\/\/www.educaplanet.com\/educaplanet\/wp-content\/uploads\/2019\/05\/primeres-paraules-cat-escena.png 500w, https:\/\/www.educaplanet.com\/educaplanet\/wp-content\/uploads\/2019\/05\/primeres-paraules-cat-escena-300x206.png 300w\" sizes=\"auto, (max-width: 500px) 100vw, 500px\" \/><\/p>\n<h3>Primeres paraules amb Grin i Uipi cont\u00e9 prop de 200 paraules repartides en diferents escenes:\u00a0colors, n\u00fameros, parts del cos, animals dom\u00e8stics, i molt m\u00e9s.<\/h3>\n<ul>\n<li>Hi ha jocs per als m\u00e9s petits: \u00e9s divertit tocar la pantalla i interactuar donant color als elements de les escena, aix\u00ed com el joc de memory (parelles) en mode \u00abbeb\u00e8\u00bb.<\/li>\n<li>Per als m\u00e9s majors es disposen 5 jocs diferents on practicaran vocabulari amb 2 nivells de dificultat en cada joc i des de diferents enfocaments.<\/li>\n<\/ul>\n<p><strong>GRAVA LA TEVA VEU<\/strong><br \/>\nPermet gravar la teva veu per a comparar. Una forma divertida d&#8217;aprendre noves paraules d&#8217;\u00fas quotidi\u00e0 per a un nen.<\/p>\n<p><img loading=\"lazy\" decoding=\"async\" class=\"aligncenter size-medium wp-image-4033\" src=\"https:\/\/www.educaplanet.com\/educaplanet\/wp-content\/uploads\/2019\/05\/grabar-300x219.png\" alt=\"primeres paraules catala gravar\" width=\"300\" height=\"219\" srcset=\"https:\/\/www.educaplanet.com\/educaplanet\/wp-content\/uploads\/2019\/05\/grabar-300x219.png 300w, https:\/\/www.educaplanet.com\/educaplanet\/wp-content\/uploads\/2019\/05\/grabar-768x561.png 768w, https:\/\/www.educaplanet.com\/educaplanet\/wp-content\/uploads\/2019\/05\/grabar-600x438.png 600w, https:\/\/www.educaplanet.com\/educaplanet\/wp-content\/uploads\/2019\/05\/grabar.png 973w\" sizes=\"auto, (max-width: 300px) 100vw, 300px\" \/><\/p>\n<p><strong>CARACTER\u00cdSTIQUES<\/strong><br \/>\nPARAULES ESCRITES I \u00c0UDIO: Escolta les paraules en catal\u00e0 amb en Uipi.<\/p>\n<p>3 TIPUS DE LLETRA: tria el tipus de lletra per a estimular la lectura.<\/p>\n<p>\u00b7 5 JOCS:<br \/>\n&#8211; Adhesius<br \/>\n&#8211; Lletrejar<br \/>\n&#8211; Buscar la paraula<br \/>\n&#8211; Buscar la imatge<br \/>\n&#8211; Parelles o memory<\/p>\n<p><img loading=\"lazy\" decoding=\"async\" class=\"aligncenter size-medium wp-image-4036\" src=\"https:\/\/www.educaplanet.com\/educaplanet\/wp-content\/uploads\/2019\/05\/primeres-paraules-catala-memory-300x206.png\" alt=\"primeres paraules catala parelles o memory\" width=\"300\" height=\"206\" srcset=\"https:\/\/www.educaplanet.com\/educaplanet\/wp-content\/uploads\/2019\/05\/primeres-paraules-catala-memory-300x206.png 300w, https:\/\/www.educaplanet.com\/educaplanet\/wp-content\/uploads\/2019\/05\/primeres-paraules-catala-memory.png 500w\" sizes=\"auto, (max-width: 300px) 100vw, 300px\" \/><\/p>\n<p>\u00b7 2 NIVELLS: cada joc amb ajuda visual o sense.<br \/>\n\u00b7 OBJECTIU L\u00daDIC: Atrapa fruites per a alimentar als petits aliens.\u00a0Assegura un aprenentatge positiu, encoratjant als jugadors.<\/p>\n<p><img loading=\"lazy\" decoding=\"async\" class=\"aligncenter size-medium wp-image-4034\" src=\"https:\/\/www.educaplanet.com\/educaplanet\/wp-content\/uploads\/2019\/05\/primeres-paraules-letrejar-300x206.png\" alt=\"Primeres paraules catala letrejar \" width=\"300\" height=\"206\" srcset=\"https:\/\/www.educaplanet.com\/educaplanet\/wp-content\/uploads\/2019\/05\/primeres-paraules-letrejar-300x206.png 300w, https:\/\/www.educaplanet.com\/educaplanet\/wp-content\/uploads\/2019\/05\/primeres-paraules-letrejar.png 500w\" sizes=\"auto, (max-width: 300px) 100vw, 300px\" \/><\/p>\n<p>INFORMES PER als PARES<br \/>\nDes de tots els men\u00fas accedeixes al resum dels jocs visitats recentment amb les puntuacions d&#8217;encerts i errors comesos.\u00a0I sempre amb l&#8217;opci\u00f3 d&#8217;enviar-los al correu electr\u00f2nic desitjat.<\/p>\n<p>Finalment, defensem que l&#8217;estimulaci\u00f3 primerenca ben entesa sempre \u00e9s \u00fatil per a tots i, especialment, en nens amb necessitats educatives especials.<\/p>\n<p><iframe loading=\"lazy\" src=\"https:\/\/www.youtube.com\/embed\/K8gW8NVtIX0\" width=\"560\" height=\"315\" frameborder=\"0\" allowfullscreen=\"allowfullscreen\"><\/iframe><\/p>\n","protected":false},"excerpt":{"rendered":"<p>Primeres paraules catal\u00e0 \u00e9s una app per aprender a llegir en catal\u00e0 jugant des de tauletes, smartphones i ordinadors Windows. Els nens des de 3 anys fins a 6 o 7 aprendran a dir les seves primeres paraules amb jocs que estimulen la seva intel\u00b7lig\u00e8ncia i l&#8217;aprenentatge primerenc. Per iPad o iPhone desde iTunes A dispositius Android desde GooglePlay Ordinadors Windows (tamb\u00e9 si tenen PDI) Primeres paraules en catal\u00e0 \u00e9s ideal per a iniciar-se en el m\u00f3n de la lectura, treballar l&#8217;o\u00efda i pronunciaci\u00f3 de diferents paraules. Aprendran a lletrejar i compondre paraules fon\u00e8ticament. Millora les habilitats lectores practicant vocabulari<\/p>\n","protected":false},"author":3,"featured_media":0,"parent":0,"menu_order":0,"comment_status":"closed","ping_status":"closed","template":"","meta":{"_monsterinsights_skip_tracking":false,"_monsterinsights_sitenote_active":false,"_monsterinsights_sitenote_note":"","_monsterinsights_sitenote_category":0,"footnotes":""},"class_list":["post-3964","page","type-page","status-publish","hentry"],"yoast_head":"<!-- This site is optimized with the Yoast SEO plugin v27.2 - https:\/\/yoast.com\/product\/yoast-seo-wordpress\/ -->\n<title>Primeres paraules catala - jocs interactius per aprendre a llegir<\/title>\n<meta name=\"description\" content=\"Primeres paraules catala - una apliciaci\u00f3 per practicar vocabulari i aprendre a llegir a prop de 200 paraules en catal\u00e0 jugant en tableta, smartphone o PC.\" \/>\n<meta name=\"robots\" content=\"index, follow, max-snippet:-1, max-image-preview:large, max-video-preview:-1\" \/>\n<link rel=\"canonical\" href=\"https:\/\/www.educaplanet.com\/educaplanet\/primeres-paraules-catala-llegir\/\" \/>\n<meta property=\"og:locale\" content=\"es_ES\" \/>\n<meta property=\"og:type\" content=\"article\" \/>\n<meta property=\"og:title\" content=\"Primeres paraules catala - jocs interactius per aprendre a llegir\" \/>\n<meta property=\"og:description\" content=\"Primeres paraules catala - una apliciaci\u00f3 per practicar vocabulari i aprendre a llegir a prop de 200 paraules en catal\u00e0 jugant en tableta, smartphone o PC.\" \/>\n<meta property=\"og:url\" content=\"https:\/\/www.educaplanet.com\/educaplanet\/primeres-paraules-catala-llegir\/\" \/>\n<meta property=\"og:site_name\" content=\"EDUCAPLANET APPS\" \/>\n<meta property=\"article:publisher\" content=\"https:\/\/www.facebook.com\/educaplanet\" \/>\n<meta property=\"article:modified_time\" content=\"2019-10-21T07:13:26+00:00\" \/>\n<meta property=\"og:image\" content=\"https:\/\/www.educaplanet.com\/educaplanet\/wp-content\/uploads\/2019\/05\/palacat_appstore-itunes.png\" \/>\n<meta name=\"twitter:card\" content=\"summary_large_image\" \/>\n<meta name=\"twitter:site\" content=\"@educaplanet_es\" \/>\n<meta name=\"twitter:label1\" content=\"Tiempo de lectura\" \/>\n\t<meta name=\"twitter:data1\" content=\"2 minutos\" \/>\n<script type=\"application\/ld+json\" class=\"yoast-schema-graph\">{\"@context\":\"https:\/\/schema.org\",\"@graph\":[{\"@type\":\"WebPage\",\"@id\":\"https:\/\/www.educaplanet.com\/educaplanet\/primeres-paraules-catala-llegir\/\",\"url\":\"https:\/\/www.educaplanet.com\/educaplanet\/primeres-paraules-catala-llegir\/\",\"name\":\"Primeres paraules catala - jocs interactius per aprendre a llegir\",\"isPartOf\":{\"@id\":\"https:\/\/www.educaplanet.com\/educaplanet\/#website\"},\"primaryImageOfPage\":{\"@id\":\"https:\/\/www.educaplanet.com\/educaplanet\/primeres-paraules-catala-llegir\/#primaryimage\"},\"image\":{\"@id\":\"https:\/\/www.educaplanet.com\/educaplanet\/primeres-paraules-catala-llegir\/#primaryimage\"},\"thumbnailUrl\":\"https:\/\/www.educaplanet.com\/educaplanet\/wp-content\/uploads\/2019\/05\/palacat_appstore-itunes.png\",\"datePublished\":\"2019-03-21T11:08:24+00:00\",\"dateModified\":\"2019-10-21T07:13:26+00:00\",\"description\":\"Primeres paraules catala - una apliciaci\u00f3 per practicar vocabulari i aprendre a llegir a prop de 200 paraules en catal\u00e0 jugant en tableta, smartphone o PC.\",\"breadcrumb\":{\"@id\":\"https:\/\/www.educaplanet.com\/educaplanet\/primeres-paraules-catala-llegir\/#breadcrumb\"},\"inLanguage\":\"es\",\"potentialAction\":[{\"@type\":\"ReadAction\",\"target\":[\"https:\/\/www.educaplanet.com\/educaplanet\/primeres-paraules-catala-llegir\/\"]}]},{\"@type\":\"ImageObject\",\"inLanguage\":\"es\",\"@id\":\"https:\/\/www.educaplanet.com\/educaplanet\/primeres-paraules-catala-llegir\/#primaryimage\",\"url\":\"https:\/\/www.educaplanet.com\/educaplanet\/wp-content\/uploads\/2019\/05\/palacat_appstore-itunes.png\",\"contentUrl\":\"https:\/\/www.educaplanet.com\/educaplanet\/wp-content\/uploads\/2019\/05\/palacat_appstore-itunes.png\",\"width\":203,\"height\":45,\"caption\":\"Primeres paraules catala itunes\"},{\"@type\":\"BreadcrumbList\",\"@id\":\"https:\/\/www.educaplanet.com\/educaplanet\/primeres-paraules-catala-llegir\/#breadcrumb\",\"itemListElement\":[{\"@type\":\"ListItem\",\"position\":1,\"name\":\"Portada\",\"item\":\"https:\/\/www.educaplanet.com\/educaplanet\/\"},{\"@type\":\"ListItem\",\"position\":2,\"name\":\"primeres paraules catala llegir\"}]},{\"@type\":\"WebSite\",\"@id\":\"https:\/\/www.educaplanet.com\/educaplanet\/#website\",\"url\":\"https:\/\/www.educaplanet.com\/educaplanet\/\",\"name\":\"EDUCAPLANET APPS\",\"description\":\"Apps y juegos educativos para ni\u00f1os y ni\u00f1as\",\"potentialAction\":[{\"@type\":\"SearchAction\",\"target\":{\"@type\":\"EntryPoint\",\"urlTemplate\":\"https:\/\/www.educaplanet.com\/educaplanet\/?s={search_term_string}\"},\"query-input\":{\"@type\":\"PropertyValueSpecification\",\"valueRequired\":true,\"valueName\":\"search_term_string\"}}],\"inLanguage\":\"es\"}]}<\/script>\n<!-- \/ Yoast SEO plugin. -->","yoast_head_json":{"title":"Primeres paraules catala - jocs interactius per aprendre a llegir","description":"Primeres paraules catala - una apliciaci\u00f3 per practicar vocabulari i aprendre a llegir a prop de 200 paraules en catal\u00e0 jugant en tableta, smartphone o PC.","robots":{"index":"index","follow":"follow","max-snippet":"max-snippet:-1","max-image-preview":"max-image-preview:large","max-video-preview":"max-video-preview:-1"},"canonical":"https:\/\/www.educaplanet.com\/educaplanet\/primeres-paraules-catala-llegir\/","og_locale":"es_ES","og_type":"article","og_title":"Primeres paraules catala - jocs interactius per aprendre a llegir","og_description":"Primeres paraules catala - una apliciaci\u00f3 per practicar vocabulari i aprendre a llegir a prop de 200 paraules en catal\u00e0 jugant en tableta, smartphone o PC.","og_url":"https:\/\/www.educaplanet.com\/educaplanet\/primeres-paraules-catala-llegir\/","og_site_name":"EDUCAPLANET APPS","article_publisher":"https:\/\/www.facebook.com\/educaplanet","article_modified_time":"2019-10-21T07:13:26+00:00","og_image":[{"url":"https:\/\/www.educaplanet.com\/educaplanet\/wp-content\/uploads\/2019\/05\/palacat_appstore-itunes.png","type":"","width":"","height":""}],"twitter_card":"summary_large_image","twitter_site":"@educaplanet_es","twitter_misc":{"Tiempo de lectura":"2 minutos"},"schema":{"@context":"https:\/\/schema.org","@graph":[{"@type":"WebPage","@id":"https:\/\/www.educaplanet.com\/educaplanet\/primeres-paraules-catala-llegir\/","url":"https:\/\/www.educaplanet.com\/educaplanet\/primeres-paraules-catala-llegir\/","name":"Primeres paraules catala - jocs interactius per aprendre a llegir","isPartOf":{"@id":"https:\/\/www.educaplanet.com\/educaplanet\/#website"},"primaryImageOfPage":{"@id":"https:\/\/www.educaplanet.com\/educaplanet\/primeres-paraules-catala-llegir\/#primaryimage"},"image":{"@id":"https:\/\/www.educaplanet.com\/educaplanet\/primeres-paraules-catala-llegir\/#primaryimage"},"thumbnailUrl":"https:\/\/www.educaplanet.com\/educaplanet\/wp-content\/uploads\/2019\/05\/palacat_appstore-itunes.png","datePublished":"2019-03-21T11:08:24+00:00","dateModified":"2019-10-21T07:13:26+00:00","description":"Primeres paraules catala - una apliciaci\u00f3 per practicar vocabulari i aprendre a llegir a prop de 200 paraules en catal\u00e0 jugant en tableta, smartphone o PC.","breadcrumb":{"@id":"https:\/\/www.educaplanet.com\/educaplanet\/primeres-paraules-catala-llegir\/#breadcrumb"},"inLanguage":"es","potentialAction":[{"@type":"ReadAction","target":["https:\/\/www.educaplanet.com\/educaplanet\/primeres-paraules-catala-llegir\/"]}]},{"@type":"ImageObject","inLanguage":"es","@id":"https:\/\/www.educaplanet.com\/educaplanet\/primeres-paraules-catala-llegir\/#primaryimage","url":"https:\/\/www.educaplanet.com\/educaplanet\/wp-content\/uploads\/2019\/05\/palacat_appstore-itunes.png","contentUrl":"https:\/\/www.educaplanet.com\/educaplanet\/wp-content\/uploads\/2019\/05\/palacat_appstore-itunes.png","width":203,"height":45,"caption":"Primeres paraules catala itunes"},{"@type":"BreadcrumbList","@id":"https:\/\/www.educaplanet.com\/educaplanet\/primeres-paraules-catala-llegir\/#breadcrumb","itemListElement":[{"@type":"ListItem","position":1,"name":"Portada","item":"https:\/\/www.educaplanet.com\/educaplanet\/"},{"@type":"ListItem","position":2,"name":"primeres paraules catala llegir"}]},{"@type":"WebSite","@id":"https:\/\/www.educaplanet.com\/educaplanet\/#website","url":"https:\/\/www.educaplanet.com\/educaplanet\/","name":"EDUCAPLANET APPS","description":"Apps y juegos educativos para ni\u00f1os y ni\u00f1as","potentialAction":[{"@type":"SearchAction","target":{"@type":"EntryPoint","urlTemplate":"https:\/\/www.educaplanet.com\/educaplanet\/?s={search_term_string}"},"query-input":{"@type":"PropertyValueSpecification","valueRequired":true,"valueName":"search_term_string"}}],"inLanguage":"es"}]}},"_links":{"self":[{"href":"https:\/\/www.educaplanet.com\/educaplanet\/wp-json\/wp\/v2\/pages\/3964","targetHints":{"allow":["GET"]}}],"collection":[{"href":"https:\/\/www.educaplanet.com\/educaplanet\/wp-json\/wp\/v2\/pages"}],"about":[{"href":"https:\/\/www.educaplanet.com\/educaplanet\/wp-json\/wp\/v2\/types\/page"}],"author":[{"embeddable":true,"href":"https:\/\/www.educaplanet.com\/educaplanet\/wp-json\/wp\/v2\/users\/3"}],"replies":[{"embeddable":true,"href":"https:\/\/www.educaplanet.com\/educaplanet\/wp-json\/wp\/v2\/comments?post=3964"}],"version-history":[{"count":7,"href":"https:\/\/www.educaplanet.com\/educaplanet\/wp-json\/wp\/v2\/pages\/3964\/revisions"}],"predecessor-version":[{"id":4357,"href":"https:\/\/www.educaplanet.com\/educaplanet\/wp-json\/wp\/v2\/pages\/3964\/revisions\/4357"}],"wp:attachment":[{"href":"https:\/\/www.educaplanet.com\/educaplanet\/wp-json\/wp\/v2\/media?parent=3964"}],"curies":[{"name":"wp","href":"https:\/\/api.w.org\/{rel}","templated":true}]}}