{"id":989,"date":"2015-04-27T08:28:21","date_gmt":"2015-04-27T08:28:21","guid":{"rendered":"http:\/\/www.educaplanet.com\/educaplanet\/?page_id=989"},"modified":"2017-05-17T07:18:58","modified_gmt":"2017-05-17T06:18:58","slug":"kely-sumas","status":"publish","type":"page","link":"https:\/\/www.educaplanet.com\/educaplanet\/kely-sumas\/","title":{"rendered":"KELY: App sumar y restar"},"content":{"rendered":"<h1>\u00a1Vamos a repasar y aprender a contar, sumar y restar!<\/h1>\n<p>Cuando estamos en <strong>Preescolar<\/strong> es el momento de ganar confianza con las matem\u00e1ticas. Empezamos a sumar y restar a los 5 a\u00f1os de una forma\u00a0<strong>divertida<\/strong> e <strong>intuitiva<\/strong>.<\/p>\n<p>Adem\u00e1s podemos tener a dos hermanos jugando a ratitos porque permite hasta <strong>3 usuarios<\/strong> diferentes. Como pap\u00e1s y mam\u00e1s podemos ver sus progresos e informes.<\/p>\n<h2>Hemos mejorado y ampliado la app de Kely en esta otra:\u00a0<a href=\"http:\/\/www.educaplanet.com\/educaplanet\/producto\/matematicas-456\/\">MATEM\u00c1TICAS CON GRIN 456<\/a>. Os animo a descargarla y probar\u00a0GRATIS.<\/h2>\n<p><a href=\"http:\/\/www.educaplanet.com\/educaplanet\/wp-content\/uploads\/2016\/12\/mates456-itunes.png\" target=\"_blank\" rel=\"noopener noreferrer\" rel=\"wp-prettyPhoto[989]\"><img loading=\"lazy\" decoding=\"async\" class=\"alignnone wp-image-1821 size-full\" src=\"http:\/\/www.educaplanet.com\/educaplanet\/wp-content\/uploads\/2016\/12\/mates456-itunes.png\" alt=\"Matem\u00e1ticas con Grin 456 ejercicios\" width=\"203\" height=\"46\" \/><\/a><\/p>\n<div><a href=\"http:\/\/www.educaplanet.com\/educaplanet\/wp-content\/uploads\/2016\/12\/mates456-googleplay.png\" rel=\"wp-prettyPhoto[989]\"><img loading=\"lazy\" decoding=\"async\" class=\"alignnone wp-image-1820 size-full\" title=\"Kely app sumar y restar de 4 a 7 a\u00f1os\" src=\"http:\/\/www.educaplanet.com\/educaplanet\/wp-content\/uploads\/2016\/12\/mates456-googleplay.png\" alt=\"matem\u00e1ticas 456 googleplay repaso\" width=\"204\" height=\"47\" \/><\/a><\/div>\n<div><\/div>\n<div><a href=\"http:\/\/www.educaplanet.com\/educaplanet\/juegos\/pc-mac\/\"><img loading=\"lazy\" decoding=\"async\" class=\"alignnone wp-image-1196 size-full\" src=\"http:\/\/www.educaplanet.com\/educaplanet\/wp-content\/uploads\/2015\/04\/kely_sumas_descarga.png\" alt=\"Kely sumar restar descarga PC\" width=\"203\" height=\"47\" \/><\/a><\/div>\n<p>De los\u00a0<strong>60 niveles<\/strong> ordenados seg\u00fan su dificultad, debemos elegir una de las 5 misiones propuestas, pues cada una\u00a0tiene\u00a0un objetivo concreto. Pulsa en la imagen para acceder a la <a href=\"http:\/\/www.educaplanet.com\/educaplanet\/2015\/07\/guias-didacticas-aplicaciones\/\" target=\"_blank\" rel=\"noopener noreferrer\"><strong>GU\u00cdA DID\u00c1CTICA<\/strong><\/a>.<\/p>\n<p>Recomendamos empezar por un nivel sencillo para ir tomando confianza y que sea percibido como un juego.<\/p>\n<h3>Aqu\u00ed os presentamos los juegos de MATEM\u00c1TICAS CON GRIN 456 pues es m\u00e1s completo que la app de Kely.<\/h3>\n<p><iframe loading=\"lazy\" src=\"https:\/\/www.youtube.com\/embed\/VjV5MBaenYU?list=PLDhI3xyocFF8MVq0HkymJW4Ea2sFcHX6T\" width=\"560\" height=\"315\" frameborder=\"0\" allowfullscreen=\"allowfullscreen\"><\/iframe><\/p>\n<div id=\"attachment_2397\" style=\"width: 310px\" class=\"wp-caption aligncenter\"><a href=\"http:\/\/www.educaplanet.com\/educaplanet\/producto\/pack-2-productos-mates-456-mates-678\/\"><img loading=\"lazy\" decoding=\"async\" aria-describedby=\"caption-attachment-2397\" class=\"wp-image-2397 size-medium\" src=\"http:\/\/www.educaplanet.com\/educaplanet\/wp-content\/uploads\/2017\/04\/resta-ejercicios-interactivos-primaria-repaso-300x220.png\" alt=\"resta ejercicios interactivos primaria repaso\" width=\"300\" height=\"220\" srcset=\"https:\/\/www.educaplanet.com\/educaplanet\/wp-content\/uploads\/2017\/04\/resta-ejercicios-interactivos-primaria-repaso-300x220.png 300w, https:\/\/www.educaplanet.com\/educaplanet\/wp-content\/uploads\/2017\/04\/resta-ejercicios-interactivos-primaria-repaso.png 500w\" sizes=\"auto, (max-width: 300px) 100vw, 300px\" \/><\/a><p id=\"caption-attachment-2397\" class=\"wp-caption-text\"><em>Si busc\u00e1is m\u00e1s ejercicios, descargad MATEM\u00c1TICAS CON GRIN 456 o 678<\/em><\/p><\/div>\n<p>Recuerda que puedes contactar con nosotros para cualquier duda o mejora a trav\u00e9s de la p\u00e1gina de contacto o en las distintas redes sociales: Facebook o Twitter son las m\u00e1s apropiadas.<\/p>\n<ul>\n<li>MISI\u00d3N 1 se trabajan las sumas y restas hasta el<strong> n\u00famero 5<\/strong>.<\/li>\n<li>En la Segunda MISI\u00d3N encontramos sumas y restas hasta el <strong>n\u00famero 10<\/strong>.<\/li>\n<li>En el tercer nivel o MISI\u00d3N 3 veremos ejercicios de sumas y restas hasta el<strong> n\u00famero 20<\/strong>.<\/li>\n<li>La 4\u00aa MISI\u00d3N trabajamos sumas y restas hasta el <strong>n\u00famero 100<\/strong>.<\/li>\n<li>En la MISI\u00d3N 5 se centra en <strong>centenas y millares<\/strong>.<\/li>\n<\/ul>\n<h3><a href=\"http:\/\/www.educaplanet.com\/educaplanet\/matematicas-grin-456\/\"><img loading=\"lazy\" decoding=\"async\" class=\"alignleft wp-image-993 size-medium\" src=\"http:\/\/www.educaplanet.com\/educaplanet\/wp-content\/uploads\/2015\/04\/luciernaga_kely_sumas_restas_app-300x206.png\" alt=\"kely sumas y restas - luci\u00e9rnagas \" width=\"300\" height=\"206\" \/><\/a>CONSEJOS PADRES O TUTORES<\/h3>\n<p>Hay que invitarles a que lo resuelvan a medida que sean capaces de hacerlo, pero recordar siempre que aprender es y tiene que ser divertido.<\/p>\n<p>Como padres o tutores, recomendamos que se adapte la dificultad a las habilidades del ni\u00f1o. En ning\u00fan caso presionar excesivamente a que completen el nivel o pasen al siguiente.<\/p>\n<h3>HABILIDADES<\/h3>\n<div><img loading=\"lazy\" decoding=\"async\" class=\"alignleft wp-image-994 size-medium\" src=\"http:\/\/www.educaplanet.com\/educaplanet\/wp-content\/uploads\/2015\/04\/murcielago_restas_kely_matematicas_app-300x206.png\" alt=\"Kely sumas y restas operaciones murcielago alien\" width=\"300\" height=\"206\" \/>\u2605 Memorizaci\u00f3n<br \/>\n\u2605 C\u00e1lculo mental<br \/>\n\u2605 Estimaci\u00f3n<br \/>\n\u2605 Razonamiento<br \/>\n\u2605 Discriminaci\u00f3n<br \/>\n\u2605 Asociaci\u00f3n<br \/>\n\u2605 Comprensi\u00f3n<br \/>\n\u2605 Lectura<\/div>\n<div>\n<div><\/div>\n<div><strong>En la pantalla inicial hay varias opciones que podemos modificar:<\/strong><br \/>\n&#8211; Bot\u00f3n para <strong>activar\/desactivar la m\u00fasica<\/strong> de fondo. En el cole recomendamos jugar sin\u00a0la m\u00fasica y tambi\u00e9n para alumnos de educaci\u00f3n especial.<br \/>\n&#8211; <strong>Jugar ampliando pantalla<\/strong>; es una opci\u00f3n pensada para m\u00f3viles, donde aunque se puede deformar un poco la imagen, conseguimos sacarle m\u00e1ximo partido a\u00a0la pantalla.<\/div>\n<\/div>\n<div>\u00a0<img loading=\"lazy\" decoding=\"async\" class=\"alignleft wp-image-1068 size-medium\" src=\"http:\/\/www.educaplanet.com\/educaplanet\/wp-content\/uploads\/2015\/04\/abeja_kely_sumas_reastas_matematicas_app-300x206.png\" alt=\"Juegos de matem\u00e1ticas - c\u00e1lculo mental sumar y restar - recursos colegios\" width=\"300\" height=\"206\" \/><\/div>\n<h3>PROGRESOS<\/h3>\n<div>Puede crear hasta tres perfiles de ni\u00f1os diferentes y para cada uno de ellos puede consultar los progresos para cada nivel as\u00ed como los aciertos y errores y el porcentaje resuelto que se representa en forma de estrellas y monedas.<\/div>\n<div><\/div>\n<div><img loading=\"lazy\" decoding=\"async\" class=\"alignleft wp-image-1069 size-medium\" src=\"http:\/\/www.educaplanet.com\/educaplanet\/wp-content\/uploads\/2015\/04\/problemas_kely_sumas_restas_app-300x206.png\" alt=\"Problemas de sumas y restas, matem\u00e1ticas Primer Ciclo Primaria\" width=\"300\" height=\"206\" srcset=\"https:\/\/www.educaplanet.com\/educaplanet\/wp-content\/uploads\/2015\/04\/problemas_kely_sumas_restas_app-300x206.png 300w, https:\/\/www.educaplanet.com\/educaplanet\/wp-content\/uploads\/2015\/04\/problemas_kely_sumas_restas_app-600x412.png 600w, https:\/\/www.educaplanet.com\/educaplanet\/wp-content\/uploads\/2015\/04\/problemas_kely_sumas_restas_app.png 1000w\" sizes=\"auto, (max-width: 300px) 100vw, 300px\" \/>Las <strong>MONEDAS \u00a0<\/strong>son una forma divertida de motivar a los peque\u00f1os a que sigan jugando. Cuando tenga algunas en la bolsa, pulse encima para meterlas en la m\u00e1quina. As\u00ed llenaremos lo botes de las p\u00f3cimas y los aliens crecer\u00e1n.<\/div>\n<p>Para los padres podemos tener una vista\u00a0m\u00e1s completa de los progresos pulse el bot\u00f3n <strong>PROGRESOS<\/strong> en la nave alien o en la pantalla tikis.\u00a0 Tambi\u00e9n recomendamos al terminar una sesi\u00f3n pasar por el bot\u00f3n <strong>INFORMES\u00a0<\/strong>para saber lo \u00faltimo que han hecho.<\/p>\n<p><a href=\"https:\/\/itunes.apple.com\/es\/developer\/educaplanet-s-l\/id877524343\" target=\"_blank\" rel=\"noopener noreferrer\"><img loading=\"lazy\" decoding=\"async\" class=\" wp-image-991 size-full alignleft\" src=\"http:\/\/www.educaplanet.com\/educaplanet\/wp-content\/uploads\/2015\/04\/kely_sumas_appstore.png\" alt=\"Kely app sumar y restar de 4 a 7 a\u00f1os\" width=\"202\" height=\"46\" \/><\/a><\/p>\n<p>&nbsp;<\/p>\n<p>&nbsp;<\/p>\n<div><a href=\"https:\/\/play.google.com\/store\/apps\/developer?id=Educaplanet+S.L.&amp;hl=es\"><img loading=\"lazy\" decoding=\"async\" class=\"alignnone wp-image-992 size-full\" title=\"Kely app sumar y restar de 4 a 7 a\u00f1os\" src=\"http:\/\/www.educaplanet.com\/educaplanet\/wp-content\/uploads\/2015\/04\/kely_sumas_googleplay.png\" alt=\"Kely app sumar y restar de 4 a 7 a\u00f1os en Android\" width=\"203\" height=\"47\" \/><\/a><\/div>\n<div><\/div>\n<div><a href=\"http:\/\/www.educaplanet.com\/educaplanet\/juegos\/pc-mac\/\"><img loading=\"lazy\" decoding=\"async\" class=\"alignnone wp-image-1196 size-full\" src=\"http:\/\/www.educaplanet.com\/educaplanet\/wp-content\/uploads\/2015\/04\/kely_sumas_descarga.png\" alt=\"Kely sumar restar descarga PC\" width=\"203\" height=\"47\" \/><\/a><\/div>\n<div>Y si busc\u00e1is material para imprimir, mirad nuestros recursos en papel:<\/div>\n<ul>\n<li><a href=\"http:\/\/www.educaplanet.com\/educaplanet\/2015\/05\/poster-suma\/\">P\u00f3ster<\/a>\u00a0sumar<\/li>\n<li>Poster restar<\/li>\n<li>sumas con <a href=\"http:\/\/www.educaplanet.com\/educaplanet\/2016\/07\/domino-sumas\/\">domin\u00f3<\/a><\/li>\n<li><a href=\"http:\/\/www.educaplanet.com\/educaplanet\/2015\/09\/ejercicios-sumar-restar\/\">problemas de texto<\/a><\/li>\n<\/ul>\n<div><a href=\"http:\/\/www.educaplanet.com\/educaplanet\/2015\/05\/poster-suma\/\"><img loading=\"lazy\" decoding=\"async\" class=\"alignnone wp-image-1081 size-full\" src=\"http:\/\/www.educaplanet.com\/educaplanet\/wp-content\/uploads\/2015\/05\/sumas_poster_recurso_aula.png\" alt=\"sumar poster recursos aula\" width=\"380\" height=\"514\" srcset=\"https:\/\/www.educaplanet.com\/educaplanet\/wp-content\/uploads\/2015\/05\/sumas_poster_recurso_aula.png 380w, https:\/\/www.educaplanet.com\/educaplanet\/wp-content\/uploads\/2015\/05\/sumas_poster_recurso_aula-222x300.png 222w\" sizes=\"auto, (max-width: 380px) 100vw, 380px\" \/><\/a><\/div>\n<p>&nbsp;<\/p>\n<p>&nbsp;<\/p>\n","protected":false},"excerpt":{"rendered":"<p>\u00a1Vamos a repasar y aprender a contar, sumar y restar! Cuando estamos en Preescolar es el momento de ganar confianza con las matem\u00e1ticas. Empezamos a sumar y restar a los 5 a\u00f1os de una forma\u00a0divertida e intuitiva. Adem\u00e1s podemos tener a dos hermanos jugando a ratitos porque permite hasta 3 usuarios diferentes. Como pap\u00e1s y mam\u00e1s podemos ver sus progresos e informes. Hemos mejorado y ampliado la app de Kely en esta otra:\u00a0MATEM\u00c1TICAS CON GRIN 456. Os animo a descargarla y probar\u00a0GRATIS. De los\u00a060 niveles ordenados seg\u00fan su dificultad, debemos elegir una de las 5 misiones propuestas, pues cada una\u00a0tiene\u00a0un<\/p>\n","protected":false},"author":3,"featured_media":993,"parent":0,"menu_order":0,"comment_status":"open","ping_status":"open","template":"","meta":{"_monsterinsights_skip_tracking":false,"_monsterinsights_sitenote_active":false,"_monsterinsights_sitenote_note":"","_monsterinsights_sitenote_category":0,"footnotes":""},"class_list":["post-989","page","type-page","status-publish","has-post-thumbnail","hentry"],"yoast_head":"<!-- This site is optimized with the Yoast SEO plugin v27.2 - https:\/\/yoast.com\/product\/yoast-seo-wordpress\/ -->\n<title>KELY: APP SUMAR Y RESTAR - cientos de ejercicios<\/title>\n<meta name=\"description\" content=\"KELY SUMAS aplicaci\u00f3n para aprender y repasar sumar y restar desde 4 a 7 a\u00f1os; c\u00e1lculo mental, operaciones y problemas para ni\u00f1os y ni\u00f1as.\" \/>\n<meta name=\"robots\" content=\"index, follow, max-snippet:-1, max-image-preview:large, max-video-preview:-1\" \/>\n<link rel=\"canonical\" href=\"https:\/\/www.educaplanet.com\/educaplanet\/kely-sumas\/\" \/>\n<meta property=\"og:locale\" content=\"es_ES\" \/>\n<meta property=\"og:type\" content=\"article\" \/>\n<meta property=\"og:title\" content=\"KELY: APP SUMAR Y RESTAR - cientos de ejercicios\" \/>\n<meta property=\"og:description\" content=\"KELY SUMAS aplicaci\u00f3n para aprender y repasar sumar y restar desde 4 a 7 a\u00f1os; c\u00e1lculo mental, operaciones y problemas para ni\u00f1os y ni\u00f1as.\" \/>\n<meta property=\"og:url\" content=\"https:\/\/www.educaplanet.com\/educaplanet\/kely-sumas\/\" \/>\n<meta property=\"og:site_name\" content=\"EDUCAPLANET APPS\" \/>\n<meta property=\"article:publisher\" content=\"https:\/\/www.facebook.com\/educaplanet\" \/>\n<meta property=\"article:modified_time\" content=\"2017-05-17T06:18:58+00:00\" \/>\n<meta property=\"og:image\" content=\"https:\/\/www.educaplanet.com\/educaplanet\/wp-content\/uploads\/2015\/04\/luciernaga_kely_sumas_restas_app-e1430122299356.png\" \/>\n\t<meta property=\"og:image:width\" content=\"500\" \/>\n\t<meta property=\"og:image:height\" content=\"343\" \/>\n\t<meta property=\"og:image:type\" content=\"image\/png\" \/>\n<meta name=\"twitter:card\" content=\"summary_large_image\" \/>\n<meta name=\"twitter:site\" content=\"@educaplanet_es\" \/>\n<meta name=\"twitter:label1\" content=\"Tiempo de lectura\" \/>\n\t<meta name=\"twitter:data1\" content=\"3 minutos\" \/>\n<script type=\"application\/ld+json\" class=\"yoast-schema-graph\">{\"@context\":\"https:\/\/schema.org\",\"@graph\":[{\"@type\":\"WebPage\",\"@id\":\"https:\/\/www.educaplanet.com\/educaplanet\/kely-sumas\/\",\"url\":\"https:\/\/www.educaplanet.com\/educaplanet\/kely-sumas\/\",\"name\":\"KELY: APP SUMAR Y RESTAR - cientos de ejercicios\",\"isPartOf\":{\"@id\":\"https:\/\/www.educaplanet.com\/educaplanet\/#website\"},\"primaryImageOfPage\":{\"@id\":\"https:\/\/www.educaplanet.com\/educaplanet\/kely-sumas\/#primaryimage\"},\"image\":{\"@id\":\"https:\/\/www.educaplanet.com\/educaplanet\/kely-sumas\/#primaryimage\"},\"thumbnailUrl\":\"https:\/\/www.educaplanet.com\/educaplanet\/wp-content\/uploads\/2015\/04\/luciernaga_kely_sumas_restas_app-e1430122299356.png\",\"datePublished\":\"2015-04-27T08:28:21+00:00\",\"dateModified\":\"2017-05-17T06:18:58+00:00\",\"description\":\"KELY SUMAS aplicaci\u00f3n para aprender y repasar sumar y restar desde 4 a 7 a\u00f1os; c\u00e1lculo mental, operaciones y problemas para ni\u00f1os y ni\u00f1as.\",\"breadcrumb\":{\"@id\":\"https:\/\/www.educaplanet.com\/educaplanet\/kely-sumas\/#breadcrumb\"},\"inLanguage\":\"es\",\"potentialAction\":[{\"@type\":\"ReadAction\",\"target\":[\"https:\/\/www.educaplanet.com\/educaplanet\/kely-sumas\/\"]}]},{\"@type\":\"ImageObject\",\"inLanguage\":\"es\",\"@id\":\"https:\/\/www.educaplanet.com\/educaplanet\/kely-sumas\/#primaryimage\",\"url\":\"https:\/\/www.educaplanet.com\/educaplanet\/wp-content\/uploads\/2015\/04\/luciernaga_kely_sumas_restas_app-e1430122299356.png\",\"contentUrl\":\"https:\/\/www.educaplanet.com\/educaplanet\/wp-content\/uploads\/2015\/04\/luciernaga_kely_sumas_restas_app-e1430122299356.png\",\"width\":500,\"height\":343,\"caption\":\"kely sumas y restas - luci\u00e9rnagas\"},{\"@type\":\"BreadcrumbList\",\"@id\":\"https:\/\/www.educaplanet.com\/educaplanet\/kely-sumas\/#breadcrumb\",\"itemListElement\":[{\"@type\":\"ListItem\",\"position\":1,\"name\":\"Portada\",\"item\":\"https:\/\/www.educaplanet.com\/educaplanet\/\"},{\"@type\":\"ListItem\",\"position\":2,\"name\":\"KELY: App sumar y restar\"}]},{\"@type\":\"WebSite\",\"@id\":\"https:\/\/www.educaplanet.com\/educaplanet\/#website\",\"url\":\"https:\/\/www.educaplanet.com\/educaplanet\/\",\"name\":\"EDUCAPLANET APPS\",\"description\":\"Apps y juegos educativos para ni\u00f1os y ni\u00f1as\",\"potentialAction\":[{\"@type\":\"SearchAction\",\"target\":{\"@type\":\"EntryPoint\",\"urlTemplate\":\"https:\/\/www.educaplanet.com\/educaplanet\/?s={search_term_string}\"},\"query-input\":{\"@type\":\"PropertyValueSpecification\",\"valueRequired\":true,\"valueName\":\"search_term_string\"}}],\"inLanguage\":\"es\"}]}<\/script>\n<!-- \/ Yoast SEO plugin. -->","yoast_head_json":{"title":"KELY: APP SUMAR Y RESTAR - cientos de ejercicios","description":"KELY SUMAS aplicaci\u00f3n para aprender y repasar sumar y restar desde 4 a 7 a\u00f1os; c\u00e1lculo mental, operaciones y problemas para ni\u00f1os y ni\u00f1as.","robots":{"index":"index","follow":"follow","max-snippet":"max-snippet:-1","max-image-preview":"max-image-preview:large","max-video-preview":"max-video-preview:-1"},"canonical":"https:\/\/www.educaplanet.com\/educaplanet\/kely-sumas\/","og_locale":"es_ES","og_type":"article","og_title":"KELY: APP SUMAR Y RESTAR - cientos de ejercicios","og_description":"KELY SUMAS aplicaci\u00f3n para aprender y repasar sumar y restar desde 4 a 7 a\u00f1os; c\u00e1lculo mental, operaciones y problemas para ni\u00f1os y ni\u00f1as.","og_url":"https:\/\/www.educaplanet.com\/educaplanet\/kely-sumas\/","og_site_name":"EDUCAPLANET APPS","article_publisher":"https:\/\/www.facebook.com\/educaplanet","article_modified_time":"2017-05-17T06:18:58+00:00","og_image":[{"width":500,"height":343,"url":"https:\/\/www.educaplanet.com\/educaplanet\/wp-content\/uploads\/2015\/04\/luciernaga_kely_sumas_restas_app-e1430122299356.png","type":"image\/png"}],"twitter_card":"summary_large_image","twitter_site":"@educaplanet_es","twitter_misc":{"Tiempo de lectura":"3 minutos"},"schema":{"@context":"https:\/\/schema.org","@graph":[{"@type":"WebPage","@id":"https:\/\/www.educaplanet.com\/educaplanet\/kely-sumas\/","url":"https:\/\/www.educaplanet.com\/educaplanet\/kely-sumas\/","name":"KELY: APP SUMAR Y RESTAR - cientos de ejercicios","isPartOf":{"@id":"https:\/\/www.educaplanet.com\/educaplanet\/#website"},"primaryImageOfPage":{"@id":"https:\/\/www.educaplanet.com\/educaplanet\/kely-sumas\/#primaryimage"},"image":{"@id":"https:\/\/www.educaplanet.com\/educaplanet\/kely-sumas\/#primaryimage"},"thumbnailUrl":"https:\/\/www.educaplanet.com\/educaplanet\/wp-content\/uploads\/2015\/04\/luciernaga_kely_sumas_restas_app-e1430122299356.png","datePublished":"2015-04-27T08:28:21+00:00","dateModified":"2017-05-17T06:18:58+00:00","description":"KELY SUMAS aplicaci\u00f3n para aprender y repasar sumar y restar desde 4 a 7 a\u00f1os; c\u00e1lculo mental, operaciones y problemas para ni\u00f1os y ni\u00f1as.","breadcrumb":{"@id":"https:\/\/www.educaplanet.com\/educaplanet\/kely-sumas\/#breadcrumb"},"inLanguage":"es","potentialAction":[{"@type":"ReadAction","target":["https:\/\/www.educaplanet.com\/educaplanet\/kely-sumas\/"]}]},{"@type":"ImageObject","inLanguage":"es","@id":"https:\/\/www.educaplanet.com\/educaplanet\/kely-sumas\/#primaryimage","url":"https:\/\/www.educaplanet.com\/educaplanet\/wp-content\/uploads\/2015\/04\/luciernaga_kely_sumas_restas_app-e1430122299356.png","contentUrl":"https:\/\/www.educaplanet.com\/educaplanet\/wp-content\/uploads\/2015\/04\/luciernaga_kely_sumas_restas_app-e1430122299356.png","width":500,"height":343,"caption":"kely sumas y restas - luci\u00e9rnagas"},{"@type":"BreadcrumbList","@id":"https:\/\/www.educaplanet.com\/educaplanet\/kely-sumas\/#breadcrumb","itemListElement":[{"@type":"ListItem","position":1,"name":"Portada","item":"https:\/\/www.educaplanet.com\/educaplanet\/"},{"@type":"ListItem","position":2,"name":"KELY: App sumar y restar"}]},{"@type":"WebSite","@id":"https:\/\/www.educaplanet.com\/educaplanet\/#website","url":"https:\/\/www.educaplanet.com\/educaplanet\/","name":"EDUCAPLANET APPS","description":"Apps y juegos educativos para ni\u00f1os y ni\u00f1as","potentialAction":[{"@type":"SearchAction","target":{"@type":"EntryPoint","urlTemplate":"https:\/\/www.educaplanet.com\/educaplanet\/?s={search_term_string}"},"query-input":{"@type":"PropertyValueSpecification","valueRequired":true,"valueName":"search_term_string"}}],"inLanguage":"es"}]}},"_links":{"self":[{"href":"https:\/\/www.educaplanet.com\/educaplanet\/wp-json\/wp\/v2\/pages\/989","targetHints":{"allow":["GET"]}}],"collection":[{"href":"https:\/\/www.educaplanet.com\/educaplanet\/wp-json\/wp\/v2\/pages"}],"about":[{"href":"https:\/\/www.educaplanet.com\/educaplanet\/wp-json\/wp\/v2\/types\/page"}],"author":[{"embeddable":true,"href":"https:\/\/www.educaplanet.com\/educaplanet\/wp-json\/wp\/v2\/users\/3"}],"replies":[{"embeddable":true,"href":"https:\/\/www.educaplanet.com\/educaplanet\/wp-json\/wp\/v2\/comments?post=989"}],"version-history":[{"count":7,"href":"https:\/\/www.educaplanet.com\/educaplanet\/wp-json\/wp\/v2\/pages\/989\/revisions"}],"predecessor-version":[{"id":1823,"href":"https:\/\/www.educaplanet.com\/educaplanet\/wp-json\/wp\/v2\/pages\/989\/revisions\/1823"}],"wp:featuredmedia":[{"embeddable":true,"href":"https:\/\/www.educaplanet.com\/educaplanet\/wp-json\/wp\/v2\/media\/993"}],"wp:attachment":[{"href":"https:\/\/www.educaplanet.com\/educaplanet\/wp-json\/wp\/v2\/media?parent=989"}],"curies":[{"name":"wp","href":"https:\/\/api.w.org\/{rel}","templated":true}]}}