{"id":1885,"date":"2017-01-27T10:00:10","date_gmt":"2017-01-27T09:00:10","guid":{"rendered":"http:\/\/www.educaplanet.com\/educaplanet\/?post_type=product&#038;p=1885"},"modified":"2019-10-16T19:56:23","modified_gmt":"2019-10-16T18:56:23","slug":"matematicas-456","status":"publish","type":"product","link":"https:\/\/www.educaplanet.com\/educaplanet\/producto\/matematicas-456\/","title":{"rendered":"MATEM\u00c1TICAS CON GRIN 456"},"content":{"rendered":"<h1><span style=\"color: #444444;\">Matem\u00e1ticas\u00a0456 con Grin: Un refuerzo divertido de la asignatura de mates dirigido a los peques de la casa.<\/span><\/h1>\n<p><strong>EDAD RECOMENDADA:<\/strong><\/p>\n<ul>\n<li><span style=\"color: #444444;\">Desde 4 a 6 o 7 a\u00f1os, matem\u00e1ticas 456 son muchos juegos para las vacaciones o para empezar el curso bien preparado.\u00a0<\/span><\/li>\n<\/ul>\n<p><strong>CONTENIDO:<\/strong><\/p>\n<ul>\n<li>Descargue el <strong><a href=\"http:\/\/www.educaplanet.com\/educaplanet\/juegos\/pc-mac\/\">archivo ejecutable<\/a><\/strong> y consulte las instrucciones para instalar.<a href=\"http:\/\/www.educaplanet.com\/educaplanet\/juegos\/pc-mac\/\"><br \/>\n<\/a><\/li>\n<\/ul>\n<p><a href=\"http:\/\/www.educaplanet.com\/educaplanet\/juegos\/pc-mac\/\"><img loading=\"lazy\" decoding=\"async\" class=\"aligncenter size-full wp-image-1831\" src=\"http:\/\/www.educaplanet.com\/educaplanet\/wp-content\/uploads\/2016\/12\/bot_descarga_mates456.png\" alt=\"Descarga Matematicas con Grin PC\" width=\"204\" height=\"48\" \/><\/a><\/p>\n<div class=\"gmail_default\">\u2013 contar por niveles hasta 100.<\/div>\n<div class=\"gmail_default\">\u2013 geometr\u00eda: tri\u00e1ngulo, cuadrado, c\u00edrculo, rect\u00e1ngulo.<\/div>\n<div class=\"gmail_default\">\u2013 series l\u00f3gicas y num\u00e9ricas<\/div>\n<div class=\"gmail_default\">\u2013 n\u00fameros: graf\u00eda y cantidad.<\/div>\n<div class=\"gmail_default\">\u2013 operaciones verticales de sumas y restas.<\/div>\n<div class=\"gmail_default\">\u2013 monedas: identificar hasta 1 \u20ac.<\/div>\n<div class=\"gmail_default\">\u2013 el reloj y las horas en punto e y media.<\/div>\n<div class=\"gmail_default\">\u2013 c\u00e1lculo mental de sunas y restas hasta 100.<\/div>\n<div class=\"gmail_default\">\u2013 lectura y problemas de sumas y restas.<\/div>\n<div class=\"gmail_default\">\u2013 escribir n\u00fameros (trazar)<\/div>\n<div class=\"gmail_default\">\u2013 memoria<\/div>\n<p>Si buscas una manera de repasar de forma interactiva y divertida en casa o en el aula, para ni\u00f1os desde Infantil a Primero de Primaria, Matem\u00e1ticas 456 es tu soluci\u00f3n.<\/p>\n<h2><strong>\u00bfC\u00d3MO FUNCIONA LA COMPRA?<\/strong><\/h2>\n<ul>\n<li>Una vez realice el pago, recibir\u00e1\u00a0un correo electr\u00f3nico con un c\u00f3digo de activaci\u00f3n (o varios, seg\u00fan lo que compre) y las instrucciones para usarlos dentro de la aplicaci\u00f3n que puede instalar y probar ya. Cuando los introduzca podr\u00e1 acceder al contenido completo.\u00a0*<em>Sirve para todos los dispositivos, recomendado para PC,MAC.<\/em>\n<div class=\"gmail_default\"><i><span style=\"color: #666666;\">* Son\u00a0<span class=\"m_3050689065131101174gmail-m_125490463695519662gmail-m_-346329296954338090gmail-m_2459446606841164479gmail-m_1855230947392347688m_4238918057109431696gmail-m_-6211210900081834726gmail-il\">c\u00f3digos<\/span>\u00a0<span class=\"m_3050689065131101174gmail-m_125490463695519662gmail-m_-346329296954338090gmail-m_2459446606841164479gmail-m_1855230947392347688m_4238918057109431696gmail-m_-6211210900081834726gmail-il\">\u00fanicos<\/span>, de un solo uso para un dispositivo concreto (ya sea PC, iPad o tableta).<\/span><\/i><\/div>\n<div class=\"gmail_default\"><i><span style=\"color: #666666;\">** Para usarlo YA tiene que tener un usuario creado y funcionando.\u00a0<\/span><\/i><\/div>\n<div class=\"gmail_default\"><i><span style=\"color: #666666;\">*** Si tiene una cuenta de otra de nuestras aplicaciones pulse \u00ab\u00bfYa tiene una cuenta?\u00bb en la pantalla de registro.\u00a0<\/span><\/i><\/div>\n<\/li>\n<\/ul>\n<h3>DESCUENTOS<\/h3>\n<p>Nuestra tienda ofrece descuentos autom\u00e1ticos seg\u00fan el n\u00famero de licencias adquiridas. \u00a0A\u00f1ada m\u00e1s licencias seg\u00fan el n\u00famero de dispositivos donde quiera la aplicaci\u00f3n y ver\u00e1 c\u00f3mo se aplica el descuento.<br \/>\n<span style=\"color: #808080;\"><em>**Si no encaja con lo que usted necesita, contacte con <a href=\"mailto:info@educaplanet.com\">info@educaplanet.com<\/a><\/em><\/span><\/p>\n<ul>\n<li>2 LICENCIAS: 20% de descuento.<\/li>\n<li>5 LICENCIAS: 30% de descuento.<\/li>\n<li>10 LICENCIAS: 40% de descuento.<\/li>\n<\/ul>\n<h2 class=\"gmail_default\"><img loading=\"lazy\" decoding=\"async\" class=\"aligncenter size-medium wp-image-1945\" src=\"http:\/\/www.educaplanet.com\/educaplanet\/wp-content\/uploads\/2017\/01\/diploma-email-244x300.png\" alt=\"diploma matematicas 456 \" width=\"244\" height=\"300\" srcset=\"https:\/\/www.educaplanet.com\/educaplanet\/wp-content\/uploads\/2017\/01\/diploma-email-244x300.png 244w, https:\/\/www.educaplanet.com\/educaplanet\/wp-content\/uploads\/2017\/01\/diploma-email-300x368.png 300w, https:\/\/www.educaplanet.com\/educaplanet\/wp-content\/uploads\/2017\/01\/diploma-email.png 444w\" sizes=\"auto, (max-width: 244px) 100vw, 244px\" \/><\/h2>\n<div class=\"gmail_default\"><\/div>\n<p><strong>OTRAS CARACTER\u00cdSTICAS DE LA APP:<\/strong><\/p>\n<p>\u00b7 Se pueden gestionar hasta 3 ni\u00f1os diferentes, ver sus progresos e informes.<br \/>\n\u00b7 Es f\u00e1cil de usar, muy intuitivo por lo que no requiere asistencia de padres.<br \/>\n\u00b7 Cuenta con efectos de sonido, m\u00fasica y gr\u00e1ficos coloridos.<br \/>\n\u00b7 Con progresos y premios divertidos: Imprime y colecciona todos los diplomas de nuestros amigos.<\/p>\n<p>Tenemos a su disposici\u00f3n las <a href=\"http:\/\/www.educaplanet.com\/educaplanet\/2015\/07\/guias-didacticas-aplicaciones\/\">GU\u00cdAS DID\u00c1CTICAS<\/a>\u00a0para sacarle el m\u00e1ximo provecho a los juegos.<\/p>\n<ul>\n<li>Si tienes tableta o smartphone puedes adquirir nuestras apps desde tu tienda de apps: iTunes (iPad o iPhone) o Google Play si es un dispositivo Android.<\/li>\n<\/ul>\n<p><a href=\"https:\/\/itunes.apple.com\/es\/app\/matematicas-con-grin\/id1022305732?mt=8\"><img loading=\"lazy\" decoding=\"async\" class=\"aligncenter size-full wp-image-1821\" src=\"http:\/\/www.educaplanet.com\/educaplanet\/wp-content\/uploads\/2016\/12\/mates456-itunes.png\" alt=\"Matem\u00e1ticas con Grin 456 ejercicios \" width=\"203\" height=\"46\" \/><\/a><\/p>\n<p><a href=\"https:\/\/play.google.com\/store\/apps\/details?id=air.educaplanet.grin.mates1\"><img loading=\"lazy\" decoding=\"async\" class=\"aligncenter size-full wp-image-1820\" src=\"http:\/\/www.educaplanet.com\/educaplanet\/wp-content\/uploads\/2016\/12\/mates456-googleplay.png\" alt=\"matem\u00e1ticas 456 googleplay repaso\" width=\"204\" height=\"47\" \/><\/a><\/p>\n<p>&nbsp;<\/p>\n","protected":false},"excerpt":{"rendered":"<p>Matem\u00e1ticas\u00a0456 con Grin: Un refuerzo divertido de la asignatura de mates dirigido a los peques de la casa. EDAD RECOMENDADA: Desde 4 a 6 o 7 a\u00f1os, matem\u00e1ticas 456 son muchos juegos para las vacaciones o para empezar el curso bien preparado.\u00a0 CONTENIDO: Descargue el archivo ejecutable y consulte las instrucciones para instalar. \u2013 contar por niveles hasta 100. \u2013 geometr\u00eda: tri\u00e1ngulo, cuadrado, c\u00edrculo, rect\u00e1ngulo. \u2013 series l\u00f3gicas y num\u00e9ricas \u2013 n\u00fameros: graf\u00eda y cantidad. \u2013 operaciones verticales de sumas y restas. \u2013 monedas: identificar hasta 1 \u20ac. \u2013 el reloj y las horas en punto e y media. \u2013<\/p>\n","protected":false},"featured_media":1922,"comment_status":"open","ping_status":"closed","template":"","meta":{"_monsterinsights_skip_tracking":false,"_monsterinsights_sitenote_active":false,"_monsterinsights_sitenote_note":"","_monsterinsights_sitenote_category":0},"product_brand":[],"product_cat":[146],"product_tag":[],"class_list":{"0":"post-1885","1":"product","2":"type-product","3":"status-publish","4":"has-post-thumbnail","6":"product_cat-sin-categoria","8":"first","9":"instock","10":"sale","11":"taxable","12":"shipping-taxable","13":"purchasable","14":"product-type-variable","15":"has-default-attributes"},"yoast_head":"<!-- This site is optimized with the Yoast SEO plugin v27.2 - https:\/\/yoast.com\/product\/yoast-seo-wordpress\/ -->\n<title>Matem\u00e1ticas 456 con Grin un juego interactivo infantil de repaso<\/title>\n<meta name=\"description\" content=\"Matem\u00e1ticas 456 con Grin. De 4 a 7 a\u00f1os. Miles de ejercicios: contar, trazar, geometr\u00eda, problemas, las horas, monedas, operaciones de sumas y restas, etc\" \/>\n<meta name=\"robots\" content=\"index, follow, max-snippet:-1, max-image-preview:large, max-video-preview:-1\" \/>\n<link rel=\"canonical\" href=\"https:\/\/www.educaplanet.com\/educaplanet\/producto\/matematicas-456\/\" \/>\n<meta property=\"og:locale\" content=\"es_ES\" \/>\n<meta property=\"og:type\" content=\"article\" \/>\n<meta property=\"og:title\" content=\"Matem\u00e1ticas 456 con Grin un juego interactivo infantil de repaso\" \/>\n<meta property=\"og:description\" content=\"Matem\u00e1ticas 456 con Grin. De 4 a 7 a\u00f1os. Miles de ejercicios: contar, trazar, geometr\u00eda, problemas, las horas, monedas, operaciones de sumas y restas, etc\" \/>\n<meta property=\"og:url\" content=\"https:\/\/www.educaplanet.com\/educaplanet\/producto\/matematicas-456\/\" \/>\n<meta property=\"og:site_name\" content=\"EDUCAPLANET APPS\" \/>\n<meta property=\"article:publisher\" content=\"https:\/\/www.facebook.com\/educaplanet\" \/>\n<meta property=\"article:modified_time\" content=\"2019-10-16T18:56:23+00:00\" \/>\n<meta property=\"og:image\" content=\"https:\/\/www.educaplanet.com\/educaplanet\/wp-content\/uploads\/2017\/01\/grinmath512.png\" \/>\n\t<meta property=\"og:image:width\" content=\"512\" \/>\n\t<meta property=\"og:image:height\" content=\"512\" \/>\n\t<meta property=\"og:image:type\" content=\"image\/png\" \/>\n<meta name=\"twitter:card\" content=\"summary_large_image\" \/>\n<meta name=\"twitter:site\" content=\"@educaplanet_es\" \/>\n<meta name=\"twitter:label1\" content=\"Tiempo de lectura\" \/>\n\t<meta name=\"twitter:data1\" content=\"2 minutos\" \/>\n<script type=\"application\/ld+json\" class=\"yoast-schema-graph\">{\"@context\":\"https:\/\/schema.org\",\"@graph\":[{\"@type\":\"WebPage\",\"@id\":\"https:\/\/www.educaplanet.com\/educaplanet\/producto\/matematicas-456\/\",\"url\":\"https:\/\/www.educaplanet.com\/educaplanet\/producto\/matematicas-456\/\",\"name\":\"Matem\u00e1ticas 456 con Grin un juego interactivo infantil de repaso\",\"isPartOf\":{\"@id\":\"https:\/\/www.educaplanet.com\/educaplanet\/#website\"},\"primaryImageOfPage\":{\"@id\":\"https:\/\/www.educaplanet.com\/educaplanet\/producto\/matematicas-456\/#primaryimage\"},\"image\":{\"@id\":\"https:\/\/www.educaplanet.com\/educaplanet\/producto\/matematicas-456\/#primaryimage\"},\"thumbnailUrl\":\"https:\/\/www.educaplanet.com\/educaplanet\/wp-content\/uploads\/2017\/01\/grinmath512.png\",\"datePublished\":\"2017-01-27T09:00:10+00:00\",\"dateModified\":\"2019-10-16T18:56:23+00:00\",\"description\":\"Matem\u00e1ticas 456 con Grin. De 4 a 7 a\u00f1os. Miles de ejercicios: contar, trazar, geometr\u00eda, problemas, las horas, monedas, operaciones de sumas y restas, etc\",\"breadcrumb\":{\"@id\":\"https:\/\/www.educaplanet.com\/educaplanet\/producto\/matematicas-456\/#breadcrumb\"},\"inLanguage\":\"es\",\"potentialAction\":[{\"@type\":\"ReadAction\",\"target\":[\"https:\/\/www.educaplanet.com\/educaplanet\/producto\/matematicas-456\/\"]}]},{\"@type\":\"ImageObject\",\"inLanguage\":\"es\",\"@id\":\"https:\/\/www.educaplanet.com\/educaplanet\/producto\/matematicas-456\/#primaryimage\",\"url\":\"https:\/\/www.educaplanet.com\/educaplanet\/wp-content\/uploads\/2017\/01\/grinmath512.png\",\"contentUrl\":\"https:\/\/www.educaplanet.com\/educaplanet\/wp-content\/uploads\/2017\/01\/grinmath512.png\",\"width\":512,\"height\":512,\"caption\":\"Matem\u00e1ticas con Grin 456 juegos\"},{\"@type\":\"BreadcrumbList\",\"@id\":\"https:\/\/www.educaplanet.com\/educaplanet\/producto\/matematicas-456\/#breadcrumb\",\"itemListElement\":[{\"@type\":\"ListItem\",\"position\":1,\"name\":\"Portada\",\"item\":\"https:\/\/www.educaplanet.com\/educaplanet\/\"},{\"@type\":\"ListItem\",\"position\":2,\"name\":\"Tienda\",\"item\":\"https:\/\/www.educaplanet.com\/educaplanet\/tienda\/\"},{\"@type\":\"ListItem\",\"position\":3,\"name\":\"MATEM\u00c1TICAS CON GRIN 456\"}]},{\"@type\":\"WebSite\",\"@id\":\"https:\/\/www.educaplanet.com\/educaplanet\/#website\",\"url\":\"https:\/\/www.educaplanet.com\/educaplanet\/\",\"name\":\"EDUCAPLANET APPS\",\"description\":\"Apps y juegos educativos para ni\u00f1os y ni\u00f1as\",\"potentialAction\":[{\"@type\":\"SearchAction\",\"target\":{\"@type\":\"EntryPoint\",\"urlTemplate\":\"https:\/\/www.educaplanet.com\/educaplanet\/?s={search_term_string}\"},\"query-input\":{\"@type\":\"PropertyValueSpecification\",\"valueRequired\":true,\"valueName\":\"search_term_string\"}}],\"inLanguage\":\"es\"}]}<\/script>\n<!-- \/ Yoast SEO plugin. -->","yoast_head_json":{"title":"Matem\u00e1ticas 456 con Grin un juego interactivo infantil de repaso","description":"Matem\u00e1ticas 456 con Grin. De 4 a 7 a\u00f1os. Miles de ejercicios: contar, trazar, geometr\u00eda, problemas, las horas, monedas, operaciones de sumas y restas, etc","robots":{"index":"index","follow":"follow","max-snippet":"max-snippet:-1","max-image-preview":"max-image-preview:large","max-video-preview":"max-video-preview:-1"},"canonical":"https:\/\/www.educaplanet.com\/educaplanet\/producto\/matematicas-456\/","og_locale":"es_ES","og_type":"article","og_title":"Matem\u00e1ticas 456 con Grin un juego interactivo infantil de repaso","og_description":"Matem\u00e1ticas 456 con Grin. De 4 a 7 a\u00f1os. Miles de ejercicios: contar, trazar, geometr\u00eda, problemas, las horas, monedas, operaciones de sumas y restas, etc","og_url":"https:\/\/www.educaplanet.com\/educaplanet\/producto\/matematicas-456\/","og_site_name":"EDUCAPLANET APPS","article_publisher":"https:\/\/www.facebook.com\/educaplanet","article_modified_time":"2019-10-16T18:56:23+00:00","og_image":[{"width":512,"height":512,"url":"https:\/\/www.educaplanet.com\/educaplanet\/wp-content\/uploads\/2017\/01\/grinmath512.png","type":"image\/png"}],"twitter_card":"summary_large_image","twitter_site":"@educaplanet_es","twitter_misc":{"Tiempo de lectura":"2 minutos"},"schema":{"@context":"https:\/\/schema.org","@graph":[{"@type":"WebPage","@id":"https:\/\/www.educaplanet.com\/educaplanet\/producto\/matematicas-456\/","url":"https:\/\/www.educaplanet.com\/educaplanet\/producto\/matematicas-456\/","name":"Matem\u00e1ticas 456 con Grin un juego interactivo infantil de repaso","isPartOf":{"@id":"https:\/\/www.educaplanet.com\/educaplanet\/#website"},"primaryImageOfPage":{"@id":"https:\/\/www.educaplanet.com\/educaplanet\/producto\/matematicas-456\/#primaryimage"},"image":{"@id":"https:\/\/www.educaplanet.com\/educaplanet\/producto\/matematicas-456\/#primaryimage"},"thumbnailUrl":"https:\/\/www.educaplanet.com\/educaplanet\/wp-content\/uploads\/2017\/01\/grinmath512.png","datePublished":"2017-01-27T09:00:10+00:00","dateModified":"2019-10-16T18:56:23+00:00","description":"Matem\u00e1ticas 456 con Grin. De 4 a 7 a\u00f1os. Miles de ejercicios: contar, trazar, geometr\u00eda, problemas, las horas, monedas, operaciones de sumas y restas, etc","breadcrumb":{"@id":"https:\/\/www.educaplanet.com\/educaplanet\/producto\/matematicas-456\/#breadcrumb"},"inLanguage":"es","potentialAction":[{"@type":"ReadAction","target":["https:\/\/www.educaplanet.com\/educaplanet\/producto\/matematicas-456\/"]}]},{"@type":"ImageObject","inLanguage":"es","@id":"https:\/\/www.educaplanet.com\/educaplanet\/producto\/matematicas-456\/#primaryimage","url":"https:\/\/www.educaplanet.com\/educaplanet\/wp-content\/uploads\/2017\/01\/grinmath512.png","contentUrl":"https:\/\/www.educaplanet.com\/educaplanet\/wp-content\/uploads\/2017\/01\/grinmath512.png","width":512,"height":512,"caption":"Matem\u00e1ticas con Grin 456 juegos"},{"@type":"BreadcrumbList","@id":"https:\/\/www.educaplanet.com\/educaplanet\/producto\/matematicas-456\/#breadcrumb","itemListElement":[{"@type":"ListItem","position":1,"name":"Portada","item":"https:\/\/www.educaplanet.com\/educaplanet\/"},{"@type":"ListItem","position":2,"name":"Tienda","item":"https:\/\/www.educaplanet.com\/educaplanet\/tienda\/"},{"@type":"ListItem","position":3,"name":"MATEM\u00c1TICAS CON GRIN 456"}]},{"@type":"WebSite","@id":"https:\/\/www.educaplanet.com\/educaplanet\/#website","url":"https:\/\/www.educaplanet.com\/educaplanet\/","name":"EDUCAPLANET APPS","description":"Apps y juegos educativos para ni\u00f1os y ni\u00f1as","potentialAction":[{"@type":"SearchAction","target":{"@type":"EntryPoint","urlTemplate":"https:\/\/www.educaplanet.com\/educaplanet\/?s={search_term_string}"},"query-input":{"@type":"PropertyValueSpecification","valueRequired":true,"valueName":"search_term_string"}}],"inLanguage":"es"}]}},"_links":{"self":[{"href":"https:\/\/www.educaplanet.com\/educaplanet\/wp-json\/wp\/v2\/product\/1885","targetHints":{"allow":["GET"]}}],"collection":[{"href":"https:\/\/www.educaplanet.com\/educaplanet\/wp-json\/wp\/v2\/product"}],"about":[{"href":"https:\/\/www.educaplanet.com\/educaplanet\/wp-json\/wp\/v2\/types\/product"}],"replies":[{"embeddable":true,"href":"https:\/\/www.educaplanet.com\/educaplanet\/wp-json\/wp\/v2\/comments?post=1885"}],"wp:featuredmedia":[{"embeddable":true,"href":"https:\/\/www.educaplanet.com\/educaplanet\/wp-json\/wp\/v2\/media\/1922"}],"wp:attachment":[{"href":"https:\/\/www.educaplanet.com\/educaplanet\/wp-json\/wp\/v2\/media?parent=1885"}],"wp:term":[{"taxonomy":"product_brand","embeddable":true,"href":"https:\/\/www.educaplanet.com\/educaplanet\/wp-json\/wp\/v2\/product_brand?post=1885"},{"taxonomy":"product_cat","embeddable":true,"href":"https:\/\/www.educaplanet.com\/educaplanet\/wp-json\/wp\/v2\/product_cat?post=1885"},{"taxonomy":"product_tag","embeddable":true,"href":"https:\/\/www.educaplanet.com\/educaplanet\/wp-json\/wp\/v2\/product_tag?post=1885"}],"curies":[{"name":"wp","href":"https:\/\/api.w.org\/{rel}","templated":true}]}}