{"id":2879,"date":"2017-11-27T12:26:28","date_gmt":"2017-11-27T11:26:28","guid":{"rendered":"https:\/\/www.educaplanet.com\/educaplanet\/?post_type=product&#038;p=2879"},"modified":"2019-01-04T15:48:54","modified_gmt":"2019-01-04T14:48:54","slug":"pack-3-productos-leo-ingles-mates-456","status":"publish","type":"product","link":"https:\/\/www.educaplanet.com\/educaplanet\/producto\/pack-3-productos-leo-ingles-mates-456\/","title":{"rendered":"PACK 3 PRODUCTOS: Leo, Ingl\u00e9s y Mates 456"},"content":{"rendered":"<h1>Pack 3 productos:\u00a0Leo, Mates e Ingl\u00e9s 456<\/h1>\n<p><img loading=\"lazy\" decoding=\"async\" class=\"aligncenter wp-image-2891 size-medium\" src=\"https:\/\/www.educaplanet.com\/educaplanet\/wp-content\/uploads\/2017\/11\/oferta-3apps-256x300.png\" alt=\"Pack 3 productos aplicaciones para ni\u00f1os educativas\" width=\"256\" height=\"300\" srcset=\"https:\/\/www.educaplanet.com\/educaplanet\/wp-content\/uploads\/2017\/11\/oferta-3apps-256x300.png 256w, https:\/\/www.educaplanet.com\/educaplanet\/wp-content\/uploads\/2017\/11\/oferta-3apps.png 276w\" sizes=\"auto, (max-width: 256px) 100vw, 256px\" \/><\/p>\n<p><strong>EDAD RECOMENDADA:<\/strong><\/p>\n<ul>\n<li>Si tu peque tiene 4, 5 o 6 a\u00f1os, te recomendamos adquieras el pack 3 productos pues cubre los contenidos de lectoescritura, matem\u00e1ticas e iniciaci\u00f3n a ingl\u00e9s desde Infantil hasta Primero de Primaria.<\/li>\n<\/ul>\n<p><strong>CONTENIDO:<\/strong><\/p>\n<ul>\n<li>Descargue los\u00a0<a href=\"http:\/\/www.educaplanet.com\/educaplanet\/juegos\/pc-mac\/\">archivos ejecutables<\/a>\u00a0y consulte las instrucciones para instalar.<\/li>\n<\/ul>\n<p>Un repaso a todo lo que se trabaja en el aula para ni\u00f1os y ni\u00f1as entre los 4 y los 6 a\u00f1os.\u00a0Estos dos\u00a0productos\u00a0interactivos son muy completos con llenos de ejercicios y de juegos de letras, s\u00edlabas, palabras, frases, sumas, restas, contar, identificar n\u00fameros, formas, horas, etc.<\/p>\n<h2><strong>\u00bfC\u00d3MO FUNCIONA LA COMPRA?<\/strong><\/h2>\n<ul>\n<li>Una vez realice el pago, recibir\u00e1\u00a0un correo electr\u00f3nico con un c\u00f3digo de activaci\u00f3n (o varios, seg\u00fan lo que compre) y las instrucciones para usarlos dentro de la aplicaci\u00f3n que puede instalar. Cuando los introduzca podr\u00e1 acceder al contenido completo. *<em>Sirve para todos los dispositivos, recomendado para PC.<br \/>\n<\/em><\/p>\n<div class=\"gmail_default\"><i><span style=\"color: #666666;\">* Son\u00a0<span class=\"m_3050689065131101174gmail-m_125490463695519662gmail-m_-346329296954338090gmail-m_2459446606841164479gmail-m_1855230947392347688m_4238918057109431696gmail-m_-6211210900081834726gmail-il\">c\u00f3digos<\/span>\u00a0<span class=\"m_3050689065131101174gmail-m_125490463695519662gmail-m_-346329296954338090gmail-m_2459446606841164479gmail-m_1855230947392347688m_4238918057109431696gmail-m_-6211210900081834726gmail-il\">\u00fanicos<\/span>, de un solo uso para un dispositivo concreto (ya sea PC, iPad o tableta).<\/span><\/i><\/div>\n<div class=\"gmail_default\"><i><span style=\"color: #666666;\">** Para usarlo YA tiene que tener un usuario creado y funcionando.\u00a0<\/span><\/i><\/div>\n<div class=\"gmail_default\"><i><span style=\"color: #666666;\">*** Si tiene una cuenta de otra de nuestras aplicaciones pulse \u00ab\u00bfYa tiene una cuenta?\u00bb en la pantalla de registro.\u00a0<\/span><\/i><\/div>\n<\/li>\n<\/ul>\n<h3>DESCUENTOS<\/h3>\n<p>Nuestra tienda ofrece descuentos autom\u00e1ticos seg\u00fan el n\u00famero de licencias adquiridas. \u00a0A\u00f1ada m\u00e1s licencias seg\u00fan el n\u00famero de dispositivos donde quiera la aplicaci\u00f3n y ver\u00e1 c\u00f3mo se aplica el descuento.<br \/>\n<span style=\"color: #808080;\"><em>**Si no encaja con lo que usted necesita, contacte con <a href=\"mailto:info@educaplanet.com\">info@educaplanet.com<\/a><\/em><\/span><\/p>\n<ul>\n<li>2 LICENCIAS: 20% de descuento.<\/li>\n<li>5 LICENCIAS: 30% de descuento.<\/li>\n<li>10 LICENCIAS: 40% de descuento.<\/li>\n<\/ul>\n<p><strong>OTRAS CARACTER\u00cdSTICAS DE LA APP:<\/strong><\/p>\n<p>\u00b7 En cada app se pueden gestionar hasta 3 ni\u00f1os diferentes, ver sus progresos e informes.<br \/>\n\u00b7 Son\u00a0f\u00e1ciles de usar, muy intuitivo por lo que no requiere asistencia de padres.<br \/>\n\u00b7 Cuentan con efectos de sonido, m\u00fasica y gr\u00e1ficos coloridos.<br \/>\n\u00b7 Con progresos y premios divertidos.<\/p>\n<p>Tenemos a su disposici\u00f3n las <a href=\"http:\/\/www.educaplanet.com\/educaplanet\/2015\/07\/guias-didacticas-aplicaciones\/\">GU\u00cdAS DID\u00c1CTICAS<\/a>\u00a0para sacarle el m\u00e1ximo provecho a los juegos.<\/p>\n<ul>\n<li>Si tienes tableta o smartphone puedes adquirir nuestras apps desde tu tienda de apps: <a href=\"https:\/\/itunes.apple.com\/es\/developer\/educaplanet-s.l.\/id877524343\">iTunes <\/a>(iPad o iPhone) o <a href=\"https:\/\/play.google.com\/store\/apps\/developer?id=Educaplanet+S.L.&amp;hl=es\">Google Play<\/a> si es un dispositivo Android, pero por separado. All\u00ed no hay ofertas.<\/li>\n<\/ul>\n","protected":false},"excerpt":{"rendered":"<p>Pack 3 productos:\u00a0Leo, Mates e Ingl\u00e9s 456 EDAD RECOMENDADA: Si tu peque tiene 4, 5 o 6 a\u00f1os, te recomendamos adquieras el pack 3 productos pues cubre los contenidos de lectoescritura, matem\u00e1ticas e iniciaci\u00f3n a ingl\u00e9s desde Infantil hasta Primero de Primaria. CONTENIDO: Descargue los\u00a0archivos ejecutables\u00a0y consulte las instrucciones para instalar. Un repaso a todo lo que se trabaja en el aula para ni\u00f1os y ni\u00f1as entre los 4 y los 6 a\u00f1os.\u00a0Estos dos\u00a0productos\u00a0interactivos son muy completos con llenos de ejercicios y de juegos de letras, s\u00edlabas, palabras, frases, sumas, restas, contar, identificar n\u00fameros, formas, horas, etc. \u00bfC\u00d3MO FUNCIONA LA<\/p>\n","protected":false},"featured_media":2891,"comment_status":"open","ping_status":"closed","template":"","meta":{"_monsterinsights_skip_tracking":false,"_monsterinsights_sitenote_active":false,"_monsterinsights_sitenote_note":"","_monsterinsights_sitenote_category":0},"product_brand":[],"product_cat":[146],"product_tag":[],"class_list":{"0":"post-2879","1":"product","2":"type-product","3":"status-publish","4":"has-post-thumbnail","6":"product_cat-sin-categoria","8":"first","9":"instock","10":"sale","11":"downloadable","12":"virtual","13":"taxable","14":"purchasable","15":"product-type-simple"},"yoast_head":"<!-- This site is optimized with the Yoast SEO plugin v27.2 - https:\/\/yoast.com\/product\/yoast-seo-wordpress\/ -->\n<title>Pack 3 productos: Leo, Mates456 y English 456 - juegos infantil<\/title>\n<meta name=\"description\" content=\"Pack 3 productos: Leo con Grin y Matem\u00e1ticas con Grin 456 y English 456. Juegos interactivos para ni\u00f1os y ni\u00f1as de 4 a 6 - 7 a\u00f1os.\" \/>\n<meta name=\"robots\" content=\"index, follow, max-snippet:-1, max-image-preview:large, max-video-preview:-1\" \/>\n<link rel=\"canonical\" href=\"https:\/\/www.educaplanet.com\/educaplanet\/producto\/pack-3-productos-leo-ingles-mates-456\/\" \/>\n<meta property=\"og:locale\" content=\"es_ES\" \/>\n<meta property=\"og:type\" content=\"article\" \/>\n<meta property=\"og:title\" content=\"Pack 3 productos: Leo, Mates456 y English 456 - juegos infantil\" \/>\n<meta property=\"og:description\" content=\"Pack 3 productos: Leo con Grin y Matem\u00e1ticas con Grin 456 y English 456. Juegos interactivos para ni\u00f1os y ni\u00f1as de 4 a 6 - 7 a\u00f1os.\" \/>\n<meta property=\"og:url\" content=\"https:\/\/www.educaplanet.com\/educaplanet\/producto\/pack-3-productos-leo-ingles-mates-456\/\" \/>\n<meta property=\"og:site_name\" content=\"EDUCAPLANET APPS\" \/>\n<meta property=\"article:publisher\" content=\"https:\/\/www.facebook.com\/educaplanet\" \/>\n<meta property=\"article:modified_time\" content=\"2019-01-04T14:48:54+00:00\" \/>\n<meta property=\"og:image\" content=\"https:\/\/www.educaplanet.com\/educaplanet\/wp-content\/uploads\/2017\/11\/oferta-3apps.png\" \/>\n\t<meta property=\"og:image:width\" content=\"276\" \/>\n\t<meta property=\"og:image:height\" content=\"324\" \/>\n\t<meta property=\"og:image:type\" content=\"image\/png\" \/>\n<meta name=\"twitter:card\" content=\"summary_large_image\" \/>\n<meta name=\"twitter:site\" content=\"@educaplanet_es\" \/>\n<meta name=\"twitter:label1\" content=\"Tiempo de lectura\" \/>\n\t<meta name=\"twitter:data1\" content=\"2 minutos\" \/>\n<script type=\"application\/ld+json\" class=\"yoast-schema-graph\">{\"@context\":\"https:\/\/schema.org\",\"@graph\":[{\"@type\":\"WebPage\",\"@id\":\"https:\/\/www.educaplanet.com\/educaplanet\/producto\/pack-3-productos-leo-ingles-mates-456\/\",\"url\":\"https:\/\/www.educaplanet.com\/educaplanet\/producto\/pack-3-productos-leo-ingles-mates-456\/\",\"name\":\"Pack 3 productos: Leo, Mates456 y English 456 - juegos infantil\",\"isPartOf\":{\"@id\":\"https:\/\/www.educaplanet.com\/educaplanet\/#website\"},\"primaryImageOfPage\":{\"@id\":\"https:\/\/www.educaplanet.com\/educaplanet\/producto\/pack-3-productos-leo-ingles-mates-456\/#primaryimage\"},\"image\":{\"@id\":\"https:\/\/www.educaplanet.com\/educaplanet\/producto\/pack-3-productos-leo-ingles-mates-456\/#primaryimage\"},\"thumbnailUrl\":\"https:\/\/www.educaplanet.com\/educaplanet\/wp-content\/uploads\/2017\/11\/oferta-3apps.png\",\"datePublished\":\"2017-11-27T11:26:28+00:00\",\"dateModified\":\"2019-01-04T14:48:54+00:00\",\"description\":\"Pack 3 productos: Leo con Grin y Matem\u00e1ticas con Grin 456 y English 456. Juegos interactivos para ni\u00f1os y ni\u00f1as de 4 a 6 - 7 a\u00f1os.\",\"breadcrumb\":{\"@id\":\"https:\/\/www.educaplanet.com\/educaplanet\/producto\/pack-3-productos-leo-ingles-mates-456\/#breadcrumb\"},\"inLanguage\":\"es\",\"potentialAction\":[{\"@type\":\"ReadAction\",\"target\":[\"https:\/\/www.educaplanet.com\/educaplanet\/producto\/pack-3-productos-leo-ingles-mates-456\/\"]}]},{\"@type\":\"ImageObject\",\"inLanguage\":\"es\",\"@id\":\"https:\/\/www.educaplanet.com\/educaplanet\/producto\/pack-3-productos-leo-ingles-mates-456\/#primaryimage\",\"url\":\"https:\/\/www.educaplanet.com\/educaplanet\/wp-content\/uploads\/2017\/11\/oferta-3apps.png\",\"contentUrl\":\"https:\/\/www.educaplanet.com\/educaplanet\/wp-content\/uploads\/2017\/11\/oferta-3apps.png\",\"width\":276,\"height\":324,\"caption\":\"oferta 3 aplicaciones Educaplanet\"},{\"@type\":\"BreadcrumbList\",\"@id\":\"https:\/\/www.educaplanet.com\/educaplanet\/producto\/pack-3-productos-leo-ingles-mates-456\/#breadcrumb\",\"itemListElement\":[{\"@type\":\"ListItem\",\"position\":1,\"name\":\"Portada\",\"item\":\"https:\/\/www.educaplanet.com\/educaplanet\/\"},{\"@type\":\"ListItem\",\"position\":2,\"name\":\"Tienda\",\"item\":\"https:\/\/www.educaplanet.com\/educaplanet\/tienda\/\"},{\"@type\":\"ListItem\",\"position\":3,\"name\":\"PACK 3 PRODUCTOS: Leo, Ingl\u00e9s y Mates 456\"}]},{\"@type\":\"WebSite\",\"@id\":\"https:\/\/www.educaplanet.com\/educaplanet\/#website\",\"url\":\"https:\/\/www.educaplanet.com\/educaplanet\/\",\"name\":\"EDUCAPLANET APPS\",\"description\":\"Apps y juegos educativos para ni\u00f1os y ni\u00f1as\",\"potentialAction\":[{\"@type\":\"SearchAction\",\"target\":{\"@type\":\"EntryPoint\",\"urlTemplate\":\"https:\/\/www.educaplanet.com\/educaplanet\/?s={search_term_string}\"},\"query-input\":{\"@type\":\"PropertyValueSpecification\",\"valueRequired\":true,\"valueName\":\"search_term_string\"}}],\"inLanguage\":\"es\"}]}<\/script>\n<!-- \/ Yoast SEO plugin. -->","yoast_head_json":{"title":"Pack 3 productos: Leo, Mates456 y English 456 - juegos infantil","description":"Pack 3 productos: Leo con Grin y Matem\u00e1ticas con Grin 456 y English 456. Juegos interactivos para ni\u00f1os y ni\u00f1as de 4 a 6 - 7 a\u00f1os.","robots":{"index":"index","follow":"follow","max-snippet":"max-snippet:-1","max-image-preview":"max-image-preview:large","max-video-preview":"max-video-preview:-1"},"canonical":"https:\/\/www.educaplanet.com\/educaplanet\/producto\/pack-3-productos-leo-ingles-mates-456\/","og_locale":"es_ES","og_type":"article","og_title":"Pack 3 productos: Leo, Mates456 y English 456 - juegos infantil","og_description":"Pack 3 productos: Leo con Grin y Matem\u00e1ticas con Grin 456 y English 456. Juegos interactivos para ni\u00f1os y ni\u00f1as de 4 a 6 - 7 a\u00f1os.","og_url":"https:\/\/www.educaplanet.com\/educaplanet\/producto\/pack-3-productos-leo-ingles-mates-456\/","og_site_name":"EDUCAPLANET APPS","article_publisher":"https:\/\/www.facebook.com\/educaplanet","article_modified_time":"2019-01-04T14:48:54+00:00","og_image":[{"width":276,"height":324,"url":"https:\/\/www.educaplanet.com\/educaplanet\/wp-content\/uploads\/2017\/11\/oferta-3apps.png","type":"image\/png"}],"twitter_card":"summary_large_image","twitter_site":"@educaplanet_es","twitter_misc":{"Tiempo de lectura":"2 minutos"},"schema":{"@context":"https:\/\/schema.org","@graph":[{"@type":"WebPage","@id":"https:\/\/www.educaplanet.com\/educaplanet\/producto\/pack-3-productos-leo-ingles-mates-456\/","url":"https:\/\/www.educaplanet.com\/educaplanet\/producto\/pack-3-productos-leo-ingles-mates-456\/","name":"Pack 3 productos: Leo, Mates456 y English 456 - juegos infantil","isPartOf":{"@id":"https:\/\/www.educaplanet.com\/educaplanet\/#website"},"primaryImageOfPage":{"@id":"https:\/\/www.educaplanet.com\/educaplanet\/producto\/pack-3-productos-leo-ingles-mates-456\/#primaryimage"},"image":{"@id":"https:\/\/www.educaplanet.com\/educaplanet\/producto\/pack-3-productos-leo-ingles-mates-456\/#primaryimage"},"thumbnailUrl":"https:\/\/www.educaplanet.com\/educaplanet\/wp-content\/uploads\/2017\/11\/oferta-3apps.png","datePublished":"2017-11-27T11:26:28+00:00","dateModified":"2019-01-04T14:48:54+00:00","description":"Pack 3 productos: Leo con Grin y Matem\u00e1ticas con Grin 456 y English 456. Juegos interactivos para ni\u00f1os y ni\u00f1as de 4 a 6 - 7 a\u00f1os.","breadcrumb":{"@id":"https:\/\/www.educaplanet.com\/educaplanet\/producto\/pack-3-productos-leo-ingles-mates-456\/#breadcrumb"},"inLanguage":"es","potentialAction":[{"@type":"ReadAction","target":["https:\/\/www.educaplanet.com\/educaplanet\/producto\/pack-3-productos-leo-ingles-mates-456\/"]}]},{"@type":"ImageObject","inLanguage":"es","@id":"https:\/\/www.educaplanet.com\/educaplanet\/producto\/pack-3-productos-leo-ingles-mates-456\/#primaryimage","url":"https:\/\/www.educaplanet.com\/educaplanet\/wp-content\/uploads\/2017\/11\/oferta-3apps.png","contentUrl":"https:\/\/www.educaplanet.com\/educaplanet\/wp-content\/uploads\/2017\/11\/oferta-3apps.png","width":276,"height":324,"caption":"oferta 3 aplicaciones Educaplanet"},{"@type":"BreadcrumbList","@id":"https:\/\/www.educaplanet.com\/educaplanet\/producto\/pack-3-productos-leo-ingles-mates-456\/#breadcrumb","itemListElement":[{"@type":"ListItem","position":1,"name":"Portada","item":"https:\/\/www.educaplanet.com\/educaplanet\/"},{"@type":"ListItem","position":2,"name":"Tienda","item":"https:\/\/www.educaplanet.com\/educaplanet\/tienda\/"},{"@type":"ListItem","position":3,"name":"PACK 3 PRODUCTOS: Leo, Ingl\u00e9s y Mates 456"}]},{"@type":"WebSite","@id":"https:\/\/www.educaplanet.com\/educaplanet\/#website","url":"https:\/\/www.educaplanet.com\/educaplanet\/","name":"EDUCAPLANET APPS","description":"Apps y juegos educativos para ni\u00f1os y ni\u00f1as","potentialAction":[{"@type":"SearchAction","target":{"@type":"EntryPoint","urlTemplate":"https:\/\/www.educaplanet.com\/educaplanet\/?s={search_term_string}"},"query-input":{"@type":"PropertyValueSpecification","valueRequired":true,"valueName":"search_term_string"}}],"inLanguage":"es"}]}},"_links":{"self":[{"href":"https:\/\/www.educaplanet.com\/educaplanet\/wp-json\/wp\/v2\/product\/2879","targetHints":{"allow":["GET"]}}],"collection":[{"href":"https:\/\/www.educaplanet.com\/educaplanet\/wp-json\/wp\/v2\/product"}],"about":[{"href":"https:\/\/www.educaplanet.com\/educaplanet\/wp-json\/wp\/v2\/types\/product"}],"replies":[{"embeddable":true,"href":"https:\/\/www.educaplanet.com\/educaplanet\/wp-json\/wp\/v2\/comments?post=2879"}],"wp:featuredmedia":[{"embeddable":true,"href":"https:\/\/www.educaplanet.com\/educaplanet\/wp-json\/wp\/v2\/media\/2891"}],"wp:attachment":[{"href":"https:\/\/www.educaplanet.com\/educaplanet\/wp-json\/wp\/v2\/media?parent=2879"}],"wp:term":[{"taxonomy":"product_brand","embeddable":true,"href":"https:\/\/www.educaplanet.com\/educaplanet\/wp-json\/wp\/v2\/product_brand?post=2879"},{"taxonomy":"product_cat","embeddable":true,"href":"https:\/\/www.educaplanet.com\/educaplanet\/wp-json\/wp\/v2\/product_cat?post=2879"},{"taxonomy":"product_tag","embeddable":true,"href":"https:\/\/www.educaplanet.com\/educaplanet\/wp-json\/wp\/v2\/product_tag?post=2879"}],"curies":[{"name":"wp","href":"https:\/\/api.w.org\/{rel}","templated":true}]}}