{"id":2880,"date":"2017-11-27T13:15:31","date_gmt":"2017-11-27T12:15:31","guid":{"rendered":"https:\/\/www.educaplanet.com\/educaplanet\/?post_type=product&#038;p=2880"},"modified":"2019-01-04T21:10:57","modified_gmt":"2019-01-04T20:10:57","slug":"english-456-aprender-ingles-para-ninos","status":"publish","type":"product","link":"https:\/\/www.educaplanet.com\/educaplanet\/producto\/english-456-aprender-ingles-para-ninos\/","title":{"rendered":"English 456 Aprender ingl\u00e9s para ni\u00f1os"},"content":{"rendered":"<h1>English 456 Aprender ingles para ni\u00f1os<\/h1>\n<p><img loading=\"lazy\" decoding=\"async\" class=\"aligncenter wp-image-2888 size-full\" src=\"https:\/\/www.educaplanet.com\/educaplanet\/wp-content\/uploads\/2017\/11\/english456_180.png\" alt=\"english 456 aprender ingles para ni\u00f1os \" width=\"180\" height=\"180\" srcset=\"https:\/\/www.educaplanet.com\/educaplanet\/wp-content\/uploads\/2017\/11\/english456_180.png 180w, https:\/\/www.educaplanet.com\/educaplanet\/wp-content\/uploads\/2017\/11\/english456_180-100x100.png 100w, https:\/\/www.educaplanet.com\/educaplanet\/wp-content\/uploads\/2017\/11\/english456_180-150x150.png 150w\" sizes=\"auto, (max-width: 180px) 100vw, 180px\" \/><\/p>\n<p><strong>EDAD RECOMENDADA ENGLISH 456:<\/strong><\/p>\n<ul>\n<li>Si tu peque tiene 3, 4, 5 o 6 a\u00f1os, desde Infantil hasta Primero de Primaria.<\/li>\n<\/ul>\n<p><strong>CONTENIDO:<\/strong><\/p>\n<ul>\n<li>Descargue los\u00a0<a href=\"http:\/\/www.educaplanet.com\/educaplanet\/juegos\/pc-mac\/\">archivos ejecutables<\/a>\u00a0y consulte las instrucciones para instalar.<\/li>\n<\/ul>\n<p>English 456, aprender ingles para ni\u00f1os, es un acercamiento divertido al vocabulario com\u00fan a un ni\u00f1o peque\u00f1o. Contiene unas 200 palabras repartidas en cinco zonas: la casa, partes del cuerpo, la escuela, de paseo y los animales; y cuenta con dos juegos para trabajar las palabras y su ortograf\u00eda (spelling games).<\/p>\n<h2><strong>\u00bfC\u00d3MO FUNCIONA LA COMPRA?<\/strong><\/h2>\n<ul>\n<li>Una vez realice el pago, recibir\u00e1\u00a0un correo electr\u00f3nico con un c\u00f3digo de activaci\u00f3n (o varios, seg\u00fan lo que compre) y las instrucciones para usarlos dentro de la aplicaci\u00f3n que puede instalar. Cuando los introduzca podr\u00e1 acceder al contenido completo. *<em>Sirve para todos los dispositivos, recomendado para PC.<br \/>\n<\/em><\/p>\n<div class=\"gmail_default\"><i><span style=\"color: #666666;\">* Son\u00a0<span class=\"m_3050689065131101174gmail-m_125490463695519662gmail-m_-346329296954338090gmail-m_2459446606841164479gmail-m_1855230947392347688m_4238918057109431696gmail-m_-6211210900081834726gmail-il\">c\u00f3digos<\/span>\u00a0<span class=\"m_3050689065131101174gmail-m_125490463695519662gmail-m_-346329296954338090gmail-m_2459446606841164479gmail-m_1855230947392347688m_4238918057109431696gmail-m_-6211210900081834726gmail-il\">\u00fanicos<\/span>, de un solo uso para un dispositivo concreto (ya sea PC, iPad o tableta).<\/span><\/i><\/div>\n<div class=\"gmail_default\"><i><span style=\"color: #666666;\">** Para usarlo YA tiene que tener un usuario creado y funcionando.\u00a0<\/span><\/i><\/div>\n<div class=\"gmail_default\"><i><span style=\"color: #666666;\">*** Si tiene una cuenta de otra de nuestras aplicaciones pulse \u00ab\u00bfYa tiene una cuenta?\u00bb en la pantalla de registro.\u00a0<\/span><\/i><\/div>\n<\/li>\n<\/ul>\n<h3>DESCUENTOS<\/h3>\n<p>Nuestra tienda ofrece descuentos autom\u00e1ticos seg\u00fan el n\u00famero de licencias adquiridas. \u00a0A\u00f1ada m\u00e1s licencias seg\u00fan el n\u00famero de dispositivos donde quiera la aplicaci\u00f3n y ver\u00e1 c\u00f3mo se aplica el descuento.<br \/>\n<span style=\"color: #808080;\"><em>**Si no encaja con lo que usted necesita, contacte con <a href=\"mailto:info@educaplanet.com\">info@educaplanet.com<\/a><\/em><\/span><\/p>\n<ul>\n<li>2 LICENCIAS: 20% de descuento.<\/li>\n<li>5 LICENCIAS: 30% de descuento.<\/li>\n<li>10 LICENCIAS: 40% de descuento.<\/li>\n<\/ul>\n<p><strong>OTRAS CARACTER\u00cdSTICAS DE LA APP:<\/strong><\/p>\n<p>\u00b7 En cada app se pueden gestionar hasta 3 ni\u00f1os diferentes, ver sus progresos e informes.<br \/>\n\u00b7 Son\u00a0f\u00e1ciles de usar, muy intuitivo por lo que no requiere asistencia de padres.<br \/>\n\u00b7 Cuentan con efectos de sonido, m\u00fasica y gr\u00e1ficos coloridos.<br \/>\n\u00b7 Con progresos y premios divertidos.<\/p>\n<p>Tenemos a su disposici\u00f3n las <a href=\"http:\/\/www.educaplanet.com\/educaplanet\/2015\/07\/guias-didacticas-aplicaciones\/\">GU\u00cdAS DID\u00c1CTICAS<\/a>\u00a0para sacarle el m\u00e1ximo provecho a los juegos.<\/p>\n<ul>\n<li>Si tienes tableta o smartphone puedes adquirir nuestras apps desde tu tienda de apps:<br \/>\n&#8211;\u00a0<a href=\"https:\/\/itunes.apple.com\/es\/developer\/educaplanet-s.l.\/id877524343\">iTunes <\/a>(iPad o iPhone)<br \/>\n&#8211;\u00a0\u00a0<a href=\"https:\/\/play.google.com\/store\/apps\/developer?id=Educaplanet+S.L.&amp;hl=es\">Google Play<\/a> si es un dispositivo Android.<\/li>\n<\/ul>\n","protected":false},"excerpt":{"rendered":"<p>English 456 Aprender ingles para ni\u00f1os EDAD RECOMENDADA ENGLISH 456: Si tu peque tiene 3, 4, 5 o 6 a\u00f1os, desde Infantil hasta Primero de Primaria. CONTENIDO: Descargue los\u00a0archivos ejecutables\u00a0y consulte las instrucciones para instalar. English 456, aprender ingles para ni\u00f1os, es un acercamiento divertido al vocabulario com\u00fan a un ni\u00f1o peque\u00f1o. Contiene unas 200 palabras repartidas en cinco zonas: la casa, partes del cuerpo, la escuela, de paseo y los animales; y cuenta con dos juegos para trabajar las palabras y su ortograf\u00eda (spelling games). \u00bfC\u00d3MO FUNCIONA LA COMPRA? Una vez realice el pago, recibir\u00e1\u00a0un correo electr\u00f3nico con un<\/p>\n","protected":false},"featured_media":2889,"comment_status":"open","ping_status":"closed","template":"","meta":{"_monsterinsights_skip_tracking":false,"_monsterinsights_sitenote_active":false,"_monsterinsights_sitenote_note":"","_monsterinsights_sitenote_category":0},"product_brand":[],"product_cat":[146],"product_tag":[],"class_list":{"0":"post-2880","1":"product","2":"type-product","3":"status-publish","4":"has-post-thumbnail","6":"product_cat-sin-categoria","8":"first","9":"instock","10":"sale","11":"downloadable","12":"virtual","13":"taxable","14":"purchasable","15":"product-type-simple"},"yoast_head":"<!-- This site is optimized with the Yoast SEO plugin v27.2 - https:\/\/yoast.com\/product\/yoast-seo-wordpress\/ -->\n<title>English 456 aprender ingl\u00e9s para ni\u00f1os - juegos y licencias para ordenador<\/title>\n<meta name=\"description\" content=\"English 456 aprender ingles para ni\u00f1os. Juegos interactivos para ni\u00f1os y ni\u00f1as entre 4 y 6 - 7 a\u00f1os de vocabulario en ingl\u00e9s.\" \/>\n<meta name=\"robots\" content=\"index, follow, max-snippet:-1, max-image-preview:large, max-video-preview:-1\" \/>\n<link rel=\"canonical\" href=\"https:\/\/www.educaplanet.com\/educaplanet\/producto\/english-456-aprender-ingles-para-ninos\/\" \/>\n<meta property=\"og:locale\" content=\"es_ES\" \/>\n<meta property=\"og:type\" content=\"article\" \/>\n<meta property=\"og:title\" content=\"English 456 aprender ingl\u00e9s para ni\u00f1os - juegos y licencias para ordenador\" \/>\n<meta property=\"og:description\" content=\"English 456 aprender ingles para ni\u00f1os. Juegos interactivos para ni\u00f1os y ni\u00f1as entre 4 y 6 - 7 a\u00f1os de vocabulario en ingl\u00e9s.\" \/>\n<meta property=\"og:url\" content=\"https:\/\/www.educaplanet.com\/educaplanet\/producto\/english-456-aprender-ingles-para-ninos\/\" \/>\n<meta property=\"og:site_name\" content=\"EDUCAPLANET APPS\" \/>\n<meta property=\"article:publisher\" content=\"https:\/\/www.facebook.com\/educaplanet\" \/>\n<meta property=\"article:modified_time\" content=\"2019-01-04T20:10:57+00:00\" \/>\n<meta property=\"og:image\" content=\"https:\/\/www.educaplanet.com\/educaplanet\/wp-content\/uploads\/2017\/11\/english456_512.png\" \/>\n\t<meta property=\"og:image:width\" content=\"512\" \/>\n\t<meta property=\"og:image:height\" content=\"512\" \/>\n\t<meta property=\"og:image:type\" content=\"image\/png\" \/>\n<meta name=\"twitter:card\" content=\"summary_large_image\" \/>\n<meta name=\"twitter:site\" content=\"@educaplanet_es\" \/>\n<meta name=\"twitter:label1\" content=\"Tiempo de lectura\" \/>\n\t<meta name=\"twitter:data1\" content=\"2 minutos\" \/>\n<script type=\"application\/ld+json\" class=\"yoast-schema-graph\">{\"@context\":\"https:\/\/schema.org\",\"@graph\":[{\"@type\":\"WebPage\",\"@id\":\"https:\/\/www.educaplanet.com\/educaplanet\/producto\/english-456-aprender-ingles-para-ninos\/\",\"url\":\"https:\/\/www.educaplanet.com\/educaplanet\/producto\/english-456-aprender-ingles-para-ninos\/\",\"name\":\"English 456 aprender ingl\u00e9s para ni\u00f1os - juegos y licencias para ordenador\",\"isPartOf\":{\"@id\":\"https:\/\/www.educaplanet.com\/educaplanet\/#website\"},\"primaryImageOfPage\":{\"@id\":\"https:\/\/www.educaplanet.com\/educaplanet\/producto\/english-456-aprender-ingles-para-ninos\/#primaryimage\"},\"image\":{\"@id\":\"https:\/\/www.educaplanet.com\/educaplanet\/producto\/english-456-aprender-ingles-para-ninos\/#primaryimage\"},\"thumbnailUrl\":\"https:\/\/www.educaplanet.com\/educaplanet\/wp-content\/uploads\/2017\/11\/english456_512.png\",\"datePublished\":\"2017-11-27T12:15:31+00:00\",\"dateModified\":\"2019-01-04T20:10:57+00:00\",\"description\":\"English 456 aprender ingles para ni\u00f1os. Juegos interactivos para ni\u00f1os y ni\u00f1as entre 4 y 6 - 7 a\u00f1os de vocabulario en ingl\u00e9s.\",\"breadcrumb\":{\"@id\":\"https:\/\/www.educaplanet.com\/educaplanet\/producto\/english-456-aprender-ingles-para-ninos\/#breadcrumb\"},\"inLanguage\":\"es\",\"potentialAction\":[{\"@type\":\"ReadAction\",\"target\":[\"https:\/\/www.educaplanet.com\/educaplanet\/producto\/english-456-aprender-ingles-para-ninos\/\"]}]},{\"@type\":\"ImageObject\",\"inLanguage\":\"es\",\"@id\":\"https:\/\/www.educaplanet.com\/educaplanet\/producto\/english-456-aprender-ingles-para-ninos\/#primaryimage\",\"url\":\"https:\/\/www.educaplanet.com\/educaplanet\/wp-content\/uploads\/2017\/11\/english456_512.png\",\"contentUrl\":\"https:\/\/www.educaplanet.com\/educaplanet\/wp-content\/uploads\/2017\/11\/english456_512.png\",\"width\":512,\"height\":512,\"caption\":\"english 456 aprender ingles\"},{\"@type\":\"BreadcrumbList\",\"@id\":\"https:\/\/www.educaplanet.com\/educaplanet\/producto\/english-456-aprender-ingles-para-ninos\/#breadcrumb\",\"itemListElement\":[{\"@type\":\"ListItem\",\"position\":1,\"name\":\"Portada\",\"item\":\"https:\/\/www.educaplanet.com\/educaplanet\/\"},{\"@type\":\"ListItem\",\"position\":2,\"name\":\"Tienda\",\"item\":\"https:\/\/www.educaplanet.com\/educaplanet\/tienda\/\"},{\"@type\":\"ListItem\",\"position\":3,\"name\":\"English 456 Aprender ingl\u00e9s para ni\u00f1os\"}]},{\"@type\":\"WebSite\",\"@id\":\"https:\/\/www.educaplanet.com\/educaplanet\/#website\",\"url\":\"https:\/\/www.educaplanet.com\/educaplanet\/\",\"name\":\"EDUCAPLANET APPS\",\"description\":\"Apps y juegos educativos para ni\u00f1os y ni\u00f1as\",\"potentialAction\":[{\"@type\":\"SearchAction\",\"target\":{\"@type\":\"EntryPoint\",\"urlTemplate\":\"https:\/\/www.educaplanet.com\/educaplanet\/?s={search_term_string}\"},\"query-input\":{\"@type\":\"PropertyValueSpecification\",\"valueRequired\":true,\"valueName\":\"search_term_string\"}}],\"inLanguage\":\"es\"}]}<\/script>\n<!-- \/ Yoast SEO plugin. -->","yoast_head_json":{"title":"English 456 aprender ingl\u00e9s para ni\u00f1os - juegos y licencias para ordenador","description":"English 456 aprender ingles para ni\u00f1os. Juegos interactivos para ni\u00f1os y ni\u00f1as entre 4 y 6 - 7 a\u00f1os de vocabulario en ingl\u00e9s.","robots":{"index":"index","follow":"follow","max-snippet":"max-snippet:-1","max-image-preview":"max-image-preview:large","max-video-preview":"max-video-preview:-1"},"canonical":"https:\/\/www.educaplanet.com\/educaplanet\/producto\/english-456-aprender-ingles-para-ninos\/","og_locale":"es_ES","og_type":"article","og_title":"English 456 aprender ingl\u00e9s para ni\u00f1os - juegos y licencias para ordenador","og_description":"English 456 aprender ingles para ni\u00f1os. Juegos interactivos para ni\u00f1os y ni\u00f1as entre 4 y 6 - 7 a\u00f1os de vocabulario en ingl\u00e9s.","og_url":"https:\/\/www.educaplanet.com\/educaplanet\/producto\/english-456-aprender-ingles-para-ninos\/","og_site_name":"EDUCAPLANET APPS","article_publisher":"https:\/\/www.facebook.com\/educaplanet","article_modified_time":"2019-01-04T20:10:57+00:00","og_image":[{"width":512,"height":512,"url":"https:\/\/www.educaplanet.com\/educaplanet\/wp-content\/uploads\/2017\/11\/english456_512.png","type":"image\/png"}],"twitter_card":"summary_large_image","twitter_site":"@educaplanet_es","twitter_misc":{"Tiempo de lectura":"2 minutos"},"schema":{"@context":"https:\/\/schema.org","@graph":[{"@type":"WebPage","@id":"https:\/\/www.educaplanet.com\/educaplanet\/producto\/english-456-aprender-ingles-para-ninos\/","url":"https:\/\/www.educaplanet.com\/educaplanet\/producto\/english-456-aprender-ingles-para-ninos\/","name":"English 456 aprender ingl\u00e9s para ni\u00f1os - juegos y licencias para ordenador","isPartOf":{"@id":"https:\/\/www.educaplanet.com\/educaplanet\/#website"},"primaryImageOfPage":{"@id":"https:\/\/www.educaplanet.com\/educaplanet\/producto\/english-456-aprender-ingles-para-ninos\/#primaryimage"},"image":{"@id":"https:\/\/www.educaplanet.com\/educaplanet\/producto\/english-456-aprender-ingles-para-ninos\/#primaryimage"},"thumbnailUrl":"https:\/\/www.educaplanet.com\/educaplanet\/wp-content\/uploads\/2017\/11\/english456_512.png","datePublished":"2017-11-27T12:15:31+00:00","dateModified":"2019-01-04T20:10:57+00:00","description":"English 456 aprender ingles para ni\u00f1os. Juegos interactivos para ni\u00f1os y ni\u00f1as entre 4 y 6 - 7 a\u00f1os de vocabulario en ingl\u00e9s.","breadcrumb":{"@id":"https:\/\/www.educaplanet.com\/educaplanet\/producto\/english-456-aprender-ingles-para-ninos\/#breadcrumb"},"inLanguage":"es","potentialAction":[{"@type":"ReadAction","target":["https:\/\/www.educaplanet.com\/educaplanet\/producto\/english-456-aprender-ingles-para-ninos\/"]}]},{"@type":"ImageObject","inLanguage":"es","@id":"https:\/\/www.educaplanet.com\/educaplanet\/producto\/english-456-aprender-ingles-para-ninos\/#primaryimage","url":"https:\/\/www.educaplanet.com\/educaplanet\/wp-content\/uploads\/2017\/11\/english456_512.png","contentUrl":"https:\/\/www.educaplanet.com\/educaplanet\/wp-content\/uploads\/2017\/11\/english456_512.png","width":512,"height":512,"caption":"english 456 aprender ingles"},{"@type":"BreadcrumbList","@id":"https:\/\/www.educaplanet.com\/educaplanet\/producto\/english-456-aprender-ingles-para-ninos\/#breadcrumb","itemListElement":[{"@type":"ListItem","position":1,"name":"Portada","item":"https:\/\/www.educaplanet.com\/educaplanet\/"},{"@type":"ListItem","position":2,"name":"Tienda","item":"https:\/\/www.educaplanet.com\/educaplanet\/tienda\/"},{"@type":"ListItem","position":3,"name":"English 456 Aprender ingl\u00e9s para ni\u00f1os"}]},{"@type":"WebSite","@id":"https:\/\/www.educaplanet.com\/educaplanet\/#website","url":"https:\/\/www.educaplanet.com\/educaplanet\/","name":"EDUCAPLANET APPS","description":"Apps y juegos educativos para ni\u00f1os y ni\u00f1as","potentialAction":[{"@type":"SearchAction","target":{"@type":"EntryPoint","urlTemplate":"https:\/\/www.educaplanet.com\/educaplanet\/?s={search_term_string}"},"query-input":{"@type":"PropertyValueSpecification","valueRequired":true,"valueName":"search_term_string"}}],"inLanguage":"es"}]}},"_links":{"self":[{"href":"https:\/\/www.educaplanet.com\/educaplanet\/wp-json\/wp\/v2\/product\/2880","targetHints":{"allow":["GET"]}}],"collection":[{"href":"https:\/\/www.educaplanet.com\/educaplanet\/wp-json\/wp\/v2\/product"}],"about":[{"href":"https:\/\/www.educaplanet.com\/educaplanet\/wp-json\/wp\/v2\/types\/product"}],"replies":[{"embeddable":true,"href":"https:\/\/www.educaplanet.com\/educaplanet\/wp-json\/wp\/v2\/comments?post=2880"}],"wp:featuredmedia":[{"embeddable":true,"href":"https:\/\/www.educaplanet.com\/educaplanet\/wp-json\/wp\/v2\/media\/2889"}],"wp:attachment":[{"href":"https:\/\/www.educaplanet.com\/educaplanet\/wp-json\/wp\/v2\/media?parent=2880"}],"wp:term":[{"taxonomy":"product_brand","embeddable":true,"href":"https:\/\/www.educaplanet.com\/educaplanet\/wp-json\/wp\/v2\/product_brand?post=2880"},{"taxonomy":"product_cat","embeddable":true,"href":"https:\/\/www.educaplanet.com\/educaplanet\/wp-json\/wp\/v2\/product_cat?post=2880"},{"taxonomy":"product_tag","embeddable":true,"href":"https:\/\/www.educaplanet.com\/educaplanet\/wp-json\/wp\/v2\/product_tag?post=2880"}],"curies":[{"name":"wp","href":"https:\/\/api.w.org\/{rel}","templated":true}]}}