{"id":1000,"date":"2015-04-27T10:53:01","date_gmt":"2015-04-27T10:53:01","guid":{"rendered":"http:\/\/www.educaplanet.com\/educaplanet\/?page_id=1000"},"modified":"2018-12-03T09:23:39","modified_gmt":"2018-12-03T08:23:39","slug":"pc-mac","status":"publish","type":"page","link":"https:\/\/www.educaplanet.com\/educaplanet_test\/juegos\/pc-mac\/","title":{"rendered":"PC MAC"},"content":{"rendered":"<h1>Nuestras aplicaciones educativas pueden usarse desde ordenadores de mesa como un PC Windows o un ordenador MAC.<\/h1>\n<h1><img loading=\"lazy\" decoding=\"async\" class=\"wp-image-932 size-medium aligncenter\" title=\"Aprender a leer desde PC juegos ni\u00f1os\" src=\"http:\/\/www.educaplanet.com\/educaplanet\/wp-content\/uploads\/2015\/04\/menutikis_placeit-300x225.jpg\" alt=\"Aprender a leer desde PC juegos ni\u00f1os\" width=\"300\" height=\"225\" srcset=\"https:\/\/www.educaplanet.com\/educaplanet_test\/wp-content\/uploads\/2015\/04\/menutikis_placeit-300x225.jpg 300w, https:\/\/www.educaplanet.com\/educaplanet_test\/wp-content\/uploads\/2015\/04\/menutikis_placeit.jpg 400w\" sizes=\"auto, (max-width: 300px) 100vw, 300px\" \/><\/h1>\n<p>Descargue\u00a0 un archivo instalable (.exe) para su PC o computadora y, tras la instalaci\u00f3n, quedar\u00e1 en su ordenador con un acceso directo desde el escritorio.\u00a0Todos nuestros juegos contienen algunos niveles gratis para probar antes de comprar.<\/p>\n<p><strong>Pasos para instalar en ORDENADORES PC con WINDOWS:\u00a0<\/strong><\/p>\n<p>1. Primero descargar el<strong> archivo de instalaci\u00f3n<\/strong> (.exe)<br \/>\n2. Despu\u00e9s instalarlo y probar el contenido gratis.<br \/>\n3. Comprar un c\u00f3digo de activaci\u00f3n en nuestra Tienda Online para acceder a todo el contenido<\/p>\n<h2 style=\"text-align: center;\">\u00a1DESCARGA LOS JUEGOS GRATIS Y PRUEBA VARIAS\u00a0LECCIONES!<\/h2>\n<p>En este momento tenemos disponibles las siguientes aplicaciones (pulsando sobre el enlace comienza la descarga del archivo exe):<\/p>\n<ul>\n<li><strong><a href=\"http:\/\/www.educaplanet.com\/descargas\/Setup-LeoConGrin-Educaplanet331.exe\" target=\"_blank\" rel=\"noopener noreferrer\">LEO CON GRIN<\/a>.exe\u00a0<\/strong>(Ver. 3.3.1) Septiembre 2018<\/li>\n<li><strong><a href=\"http:\/\/www.educaplanet.com\/descargas\/Setup-AprenderLeer2-Educaplanet155.exe\">APRENDER A LEER 2 CON GRIN y UIPI<\/a> <\/strong>(v. 1.5.5) Noviembre 2018<\/li>\n<li><strong><a href=\"http:\/\/www.educaplanet.com\/descargas\/Setup-Matesgrin456-Educaplanet225.exe\">MATEM\u00c1TICAS CON GRIN 456<\/a>.exe<\/strong> (V. 2.2.) Noviembre 2018<\/li>\n<li><strong><a href=\"http:\/\/www.educaplanet.com\/descargas\/Setup-Matesgrin678-Educaplanet-180.exe\">MATEM\u00c1TICAS CON GRIN II 678<\/a>.exe<\/strong> (V. 1.8.0) Noviembre 2018<\/li>\n<li><strong><a href=\"http:\/\/www.educaplanet.com\/descargas\/SetupKelySumaryRestarEducaplanet.exe\" target=\"_blank\" rel=\"noopener noreferrer\">KELY SUMAR Y RESTAR<\/a>.exe\u00a0<\/strong>(Ver. 1.1.5)<\/li>\n<li><strong><a href=\"http:\/\/www.educaplanet.com\/descargas\/SetupTikimatesEducaplanet.exe\" target=\"_blank\" rel=\"noopener noreferrer\">TIKIMATES. Las tablas de multiplicar<\/a>.exe\u00a0<\/strong>(Ver. 1.2.3)<\/li>\n<li><strong><a href=\"http:\/\/www.educaplanet.com\/descargas\/Setup-English456-Educaplanet117.exe\">ENGLISH 456 Aprender ingl\u00e9s para ni\u00f1os<\/a>.exe<\/strong> (V. 1.1.7) 27 Febrero 2018<\/li>\n<\/ul>\n<h4>\u00a0Archivo para ordenadores MAC (Apple):<\/h4>\n<ul>\n<li><a href=\"http:\/\/www.educaplanet.com\/descargas\/Setup-LeoConGrin-Educaplanet214.dmg\"><strong>LEO CON GRIN.dmg<\/strong><\/a> \u00a0para ordenadores MAC(ver. 2.1.4)<\/li>\n<li><strong><a href=\"http:\/\/www.educaplanet.com\/descargas\/Setup-Matesgrin456-Educaplanet117.dmg\">MATEM\u00c1TICAS CON GRIN.dmg<\/a><\/strong> para ordenadores MAC (ver. 1.1.7)<\/li>\n<\/ul>\n<h4><strong>PRECIOS:\u00a0Consultar precios\u00a0<a href=\"http:\/\/www.educaplanet.com\/educaplanet\/tienda\/\">TIENDA<\/a><br \/>\ny\u00a0<\/strong><strong><a href=\"http:\/\/www.educaplanet.com\/educaplanet\/tienda\/\">COMPRAR C\u00d3DIGO DE ACTIVACI\u00d3N<\/a><\/strong><\/h4>\n<ul>\n<li>\u00abLeo con Grin\u00bb 1 Licencia para\u00a0ordenador<\/li>\n<li>\u00abMatem\u00e1ticas con Grin 456\u00bb 1 Licencia para PC<\/li>\n<li>\u00abKely sumar y restar\u00bb 1 Licencia para PC<\/li>\n<li>\u00abTikimates multiplicar y dividir\u00bb 1 Licencia para PC<\/li>\n<li><strong>PACK<\/strong>\u00a0LEO+MATES 456 (4-6 a\u00f1os)<\/li>\n<li><strong>PACK<\/strong>\u00a0MATES 456 +MATES 678 (4-8 a\u00f1os)<\/li>\n<li><strong>PACK3<\/strong>\u00a0LEO+MATES 456 +ENGLISH 456 (4-6 a\u00f1os): 14,99 \u20ac<\/li>\n<li>ENGLISH 456 1 licencia para Pc Windows<\/li>\n<\/ul>\n<p><img loading=\"lazy\" decoding=\"async\" class=\"aligncenter size-medium wp-image-1001\" src=\"https:\/\/www.educaplanet.com\/educaplanet\/wp-content\/uploads\/2015\/04\/placeit_ordenador_jugar_mates-300x225.jpg\" alt=\"Jugar sumar y restar desde el ordenador recursos matem\u00e1ticas\" width=\"300\" height=\"225\" srcset=\"https:\/\/www.educaplanet.com\/educaplanet_test\/wp-content\/uploads\/2015\/04\/placeit_ordenador_jugar_mates-300x225.jpg 300w, https:\/\/www.educaplanet.com\/educaplanet_test\/wp-content\/uploads\/2015\/04\/placeit_ordenador_jugar_mates.jpg 400w\" sizes=\"auto, (max-width: 300px) 100vw, 300px\" \/><\/p>\n<ul>\n<li><strong>\u00bfLe interesan varias\u00a0licencias? Para aulas con varios ordenadores o tabletas:<\/strong><br \/>\nTenemos <a href=\"http:\/\/www.educaplanet.com\/educaplanet\/tienda\/\">descuentos <\/a>especiales por n\u00famero de licencias (a partir de 2 licencias y tambi\u00e9n para 5 o 10) y n\u00famero de productos. Consulte nuestra <a href=\"http:\/\/www.educaplanet.com\/educaplanet\/tienda\/\">TIENDA ONLINE <\/a>o p\u00eddanos presupuestos sin compromiso.<\/li>\n<\/ul>\n<h3><a href=\"mailto:info@educaplanet.com\"><img loading=\"lazy\" decoding=\"async\" class=\"alignleft wp-image-1056\" src=\"http:\/\/www.educaplanet.com\/educaplanet\/wp-content\/uploads\/2015\/04\/bot-compra.png\" alt=\"\u00bfC\u00f3mo comprar la aplicaci\u00f3n para ordenador?\" width=\"72\" height=\"70\" \/><\/a><strong>3 M\u00c9TODOS DE PAGO PARA LAS APPS\u00a0EN TIENDA ONLINE<\/strong><\/h3>\n<ol>\n<li>Puede realizar una <strong>transferencia a la cuenta bancaria<\/strong> de Educaplanet s.l.<br \/>\nES49 0081 0652 2600 0183 4186 Banc Sabadell<\/li>\n<\/ol>\n<p>2. Mediante <strong>PayPal<\/strong> a la direcci\u00f3n info@educaplanet.com.<\/p>\n<p>3. Con tarjeta bancaria.<\/p>\n<p>&nbsp;<\/p>\n<p><strong>\u00bfNecesita saber los precios en otras divisas?<\/strong><br \/>\nPuede usar este conversor: <a href=\"http:\/\/themoneyconverter.com\/ES\/\" target=\"_blank\" rel=\"noopener noreferrer\">moneyconverter<\/a><\/p>\n<p>&nbsp;<\/p>\n<h4>AVISOS QUE APARECEN AL INSTALAR:<\/h4>\n<p>Antes de empezar, recuerde que su software <strong>antivirus<\/strong> debe permitir la instalaci\u00f3n del software.<\/p>\n<p>Tambi\u00e9n conviene tener instalada la \u00faltima versi\u00f3n de <strong><a href=\"https:\/\/get.adobe.com\/es\/air\/\" target=\"_blank\" rel=\"noopener noreferrer\">Adobe Air<\/a><\/strong>.<\/p>\n<p>Por \u00faltimo es posible que\u00a0<em><strong>Smartscreen<\/strong>\u00a0 de Windows\u00a0<\/em>avise de que es peligroso instalar programas. Estas capturas son de Windows 8. Para continuar pulse sobre \u201c<em>M\u00e1s informaci\u00f3n<\/em>\u201d y luego elija \u00ab<em>Ejecutar de todas formas<\/em>\u00ab. Espere mientras se realiza la instalaci\u00f3n.<\/p>\n<p><a href=\"http:\/\/www.educaplanet.com\/educaplanet\/wp-content\/uploads\/2015\/04\/avisos_windows_exe_masinformacion_p.png\" rel=\"wp-prettyPhoto[1000]\"><img loading=\"lazy\" decoding=\"async\" class=\"aligncenter wp-image-1055 size-medium\" src=\"http:\/\/www.educaplanet.com\/educaplanet\/wp-content\/uploads\/2015\/04\/avisos_windows_exe_masinformacion_p-300x107.png\" alt=\"Aviso Smartscreen Instalaci\u00f3n ejecutable Educaplanet\" width=\"300\" height=\"107\" srcset=\"https:\/\/www.educaplanet.com\/educaplanet_test\/wp-content\/uploads\/2015\/04\/avisos_windows_exe_masinformacion_p-300x107.png 300w, https:\/\/www.educaplanet.com\/educaplanet_test\/wp-content\/uploads\/2015\/04\/avisos_windows_exe_masinformacion_p.png 421w\" sizes=\"auto, (max-width: 300px) 100vw, 300px\" \/><\/a><\/p>\n<p>&nbsp;<\/p>\n<p><img loading=\"lazy\" decoding=\"async\" class=\" size-medium wp-image-1054 aligncenter\" src=\"http:\/\/www.educaplanet.com\/educaplanet\/wp-content\/uploads\/2015\/04\/avisos_windows_exe_ejecutar_p-300x108.png\" alt=\"Aviso Smartscreen Instalaci\u00f3n ejecutable Educaplanet\" width=\"300\" height=\"108\" srcset=\"https:\/\/www.educaplanet.com\/educaplanet_test\/wp-content\/uploads\/2015\/04\/avisos_windows_exe_ejecutar_p-300x108.png 300w, https:\/\/www.educaplanet.com\/educaplanet_test\/wp-content\/uploads\/2015\/04\/avisos_windows_exe_ejecutar_p.png 415w\" sizes=\"auto, (max-width: 300px) 100vw, 300px\" \/><\/p>\n<p>&nbsp;<\/p>\n<p><strong><a href=\"http:\/\/www.educaplanet.com\/educaplanet\/wp-content\/uploads\/2015\/04\/surface-leo2.jpg\" rel=\"wp-prettyPhoto[1000]\"><img loading=\"lazy\" decoding=\"async\" class=\"size-medium wp-image-1677 alignleft\" src=\"http:\/\/www.educaplanet.com\/educaplanet\/wp-content\/uploads\/2015\/04\/surface-leo2-300x300.jpg\" alt=\"Leo con GRIN en Windows Surface\" width=\"300\" height=\"300\" srcset=\"https:\/\/www.educaplanet.com\/educaplanet_test\/wp-content\/uploads\/2015\/04\/surface-leo2-300x300.jpg 300w, https:\/\/www.educaplanet.com\/educaplanet_test\/wp-content\/uploads\/2015\/04\/surface-leo2-100x100.jpg 100w, https:\/\/www.educaplanet.com\/educaplanet_test\/wp-content\/uploads\/2015\/04\/surface-leo2-600x600.jpg 600w, https:\/\/www.educaplanet.com\/educaplanet_test\/wp-content\/uploads\/2015\/04\/surface-leo2-150x150.jpg 150w, https:\/\/www.educaplanet.com\/educaplanet_test\/wp-content\/uploads\/2015\/04\/surface-leo2-1024x1024.jpg 1024w, https:\/\/www.educaplanet.com\/educaplanet_test\/wp-content\/uploads\/2015\/04\/surface-leo2.jpg 1200w\" sizes=\"auto, (max-width: 300px) 100vw, 300px\" \/><\/a>**WINDOWS SURFACE\u00a0<\/strong><\/p>\n<p>Hemos comprobado que se puede instalar en las tabletas de Windows Surface normales (no en el modelo RT).<\/p>\n<p>El \u00fanico inconveniente es que se necesita conectar un teclado f\u00edsico para poder crear la cuenta y la contrase\u00f1a.<\/p>\n<p>&nbsp;<\/p>\n<p>&nbsp;<\/p>\n<p>&nbsp;<\/p>\n<p>&nbsp;<\/p>\n<p>&nbsp;<\/p>\n","protected":false},"excerpt":{"rendered":"<p>Nuestras aplicaciones educativas pueden usarse desde ordenadores de mesa como un PC Windows o un ordenador MAC. Descargue\u00a0 un archivo instalable (.exe) para su PC o computadora y, tras la instalaci\u00f3n, quedar\u00e1 en su ordenador con un acceso directo desde el escritorio.\u00a0Todos nuestros juegos contienen algunos niveles gratis para probar antes de comprar. Pasos para instalar en ORDENADORES PC con WINDOWS:\u00a0 1. Primero descargar el archivo de instalaci\u00f3n (.exe) 2. Despu\u00e9s instalarlo y probar el contenido gratis. 3. Comprar un c\u00f3digo de activaci\u00f3n en nuestra Tienda Online para acceder a todo el contenido \u00a1DESCARGA LOS JUEGOS GRATIS Y PRUEBA VARIAS\u00a0LECCIONES!<\/p>\n","protected":false},"author":3,"featured_media":1001,"parent":116,"menu_order":0,"comment_status":"open","ping_status":"open","template":"","meta":{"_monsterinsights_skip_tracking":false,"_monsterinsights_sitenote_active":false,"_monsterinsights_sitenote_note":"","_monsterinsights_sitenote_category":0,"footnotes":""},"class_list":["post-1000","page","type-page","status-publish","has-post-thumbnail","hentry"],"yoast_head":"<!-- This site is optimized with the Yoast SEO plugin v27.2 - https:\/\/yoast.com\/product\/yoast-seo-wordpress\/ -->\n<title>Aplicaciones educativas para ordenadores PC Windows o MAC<\/title>\n<meta name=\"description\" content=\"Nuestras aplicaciones para aprender a leer y escribir y matem\u00e1ticas se instalan en ordenadores de mesa o port\u00e1tiles PC Windows y MAC.\" \/>\n<meta name=\"robots\" content=\"index, follow, max-snippet:-1, max-image-preview:large, max-video-preview:-1\" \/>\n<link rel=\"canonical\" href=\"https:\/\/www.educaplanet.com\/educaplanet_test\/juegos\/pc-mac\/\" \/>\n<meta property=\"og:locale\" content=\"es_ES\" \/>\n<meta property=\"og:type\" content=\"article\" \/>\n<meta property=\"og:title\" content=\"Aplicaciones educativas para ordenadores PC Windows o MAC\" \/>\n<meta property=\"og:description\" content=\"Nuestras aplicaciones para aprender a leer y escribir y matem\u00e1ticas se instalan en ordenadores de mesa o port\u00e1tiles PC Windows y MAC.\" \/>\n<meta property=\"og:url\" content=\"https:\/\/www.educaplanet.com\/educaplanet_test\/juegos\/pc-mac\/\" \/>\n<meta property=\"og:site_name\" content=\"EDUCAPLANET APPS\" \/>\n<meta property=\"article:publisher\" content=\"https:\/\/www.facebook.com\/educaplanet\" \/>\n<meta property=\"article:modified_time\" content=\"2018-12-03T08:23:39+00:00\" \/>\n<meta property=\"og:image\" content=\"https:\/\/www.educaplanet.com\/educaplanet_test\/wp-content\/uploads\/2015\/04\/placeit_ordenador_jugar_mates.jpg\" \/>\n\t<meta property=\"og:image:width\" content=\"400\" \/>\n\t<meta property=\"og:image:height\" content=\"300\" \/>\n\t<meta property=\"og:image:type\" content=\"image\/jpeg\" \/>\n<meta name=\"twitter:card\" content=\"summary_large_image\" \/>\n<meta name=\"twitter:site\" content=\"@educaplanet_es\" \/>\n<meta name=\"twitter:label1\" content=\"Tiempo de lectura\" \/>\n\t<meta name=\"twitter:data1\" content=\"2 minutos\" \/>\n<script type=\"application\/ld+json\" class=\"yoast-schema-graph\">{\"@context\":\"https:\/\/schema.org\",\"@graph\":[{\"@type\":\"WebPage\",\"@id\":\"https:\/\/www.educaplanet.com\/educaplanet_test\/juegos\/pc-mac\/\",\"url\":\"https:\/\/www.educaplanet.com\/educaplanet_test\/juegos\/pc-mac\/\",\"name\":\"Aplicaciones educativas para ordenadores PC Windows o MAC\",\"isPartOf\":{\"@id\":\"https:\/\/www.educaplanet.com\/educaplanet_test\/#website\"},\"primaryImageOfPage\":{\"@id\":\"https:\/\/www.educaplanet.com\/educaplanet_test\/juegos\/pc-mac\/#primaryimage\"},\"image\":{\"@id\":\"https:\/\/www.educaplanet.com\/educaplanet_test\/juegos\/pc-mac\/#primaryimage\"},\"thumbnailUrl\":\"https:\/\/www.educaplanet.com\/educaplanet_test\/wp-content\/uploads\/2015\/04\/placeit_ordenador_jugar_mates.jpg\",\"datePublished\":\"2015-04-27T10:53:01+00:00\",\"dateModified\":\"2018-12-03T08:23:39+00:00\",\"description\":\"Nuestras aplicaciones para aprender a leer y escribir y matem\u00e1ticas se instalan en ordenadores de mesa o port\u00e1tiles PC Windows y MAC.\",\"breadcrumb\":{\"@id\":\"https:\/\/www.educaplanet.com\/educaplanet_test\/juegos\/pc-mac\/#breadcrumb\"},\"inLanguage\":\"es\",\"potentialAction\":[{\"@type\":\"ReadAction\",\"target\":[\"https:\/\/www.educaplanet.com\/educaplanet_test\/juegos\/pc-mac\/\"]}]},{\"@type\":\"ImageObject\",\"inLanguage\":\"es\",\"@id\":\"https:\/\/www.educaplanet.com\/educaplanet_test\/juegos\/pc-mac\/#primaryimage\",\"url\":\"https:\/\/www.educaplanet.com\/educaplanet_test\/wp-content\/uploads\/2015\/04\/placeit_ordenador_jugar_mates.jpg\",\"contentUrl\":\"https:\/\/www.educaplanet.com\/educaplanet_test\/wp-content\/uploads\/2015\/04\/placeit_ordenador_jugar_mates.jpg\",\"width\":400,\"height\":300,\"caption\":\"Jugar sumar y restar desde el ordenador recursos matem\u00e1ticas\"},{\"@type\":\"BreadcrumbList\",\"@id\":\"https:\/\/www.educaplanet.com\/educaplanet_test\/juegos\/pc-mac\/#breadcrumb\",\"itemListElement\":[{\"@type\":\"ListItem\",\"position\":1,\"name\":\"Portada\",\"item\":\"https:\/\/www.educaplanet.com\/educaplanet_test\/\"},{\"@type\":\"ListItem\",\"position\":2,\"name\":\"JUEGOS\",\"item\":\"https:\/\/www.educaplanet.com\/educaplanet_test\/juegos\/\"},{\"@type\":\"ListItem\",\"position\":3,\"name\":\"PC MAC\"}]},{\"@type\":\"WebSite\",\"@id\":\"https:\/\/www.educaplanet.com\/educaplanet_test\/#website\",\"url\":\"https:\/\/www.educaplanet.com\/educaplanet_test\/\",\"name\":\"EDUCAPLANET APPS\",\"description\":\"Apps y juegos educativos para ni\u00f1os y ni\u00f1as\",\"potentialAction\":[{\"@type\":\"SearchAction\",\"target\":{\"@type\":\"EntryPoint\",\"urlTemplate\":\"https:\/\/www.educaplanet.com\/educaplanet_test\/?s={search_term_string}\"},\"query-input\":{\"@type\":\"PropertyValueSpecification\",\"valueRequired\":true,\"valueName\":\"search_term_string\"}}],\"inLanguage\":\"es\"}]}<\/script>\n<!-- \/ Yoast SEO plugin. -->","yoast_head_json":{"title":"Aplicaciones educativas para ordenadores PC Windows o MAC","description":"Nuestras aplicaciones para aprender a leer y escribir y matem\u00e1ticas se instalan en ordenadores de mesa o port\u00e1tiles PC Windows y MAC.","robots":{"index":"index","follow":"follow","max-snippet":"max-snippet:-1","max-image-preview":"max-image-preview:large","max-video-preview":"max-video-preview:-1"},"canonical":"https:\/\/www.educaplanet.com\/educaplanet_test\/juegos\/pc-mac\/","og_locale":"es_ES","og_type":"article","og_title":"Aplicaciones educativas para ordenadores PC Windows o MAC","og_description":"Nuestras aplicaciones para aprender a leer y escribir y matem\u00e1ticas se instalan en ordenadores de mesa o port\u00e1tiles PC Windows y MAC.","og_url":"https:\/\/www.educaplanet.com\/educaplanet_test\/juegos\/pc-mac\/","og_site_name":"EDUCAPLANET APPS","article_publisher":"https:\/\/www.facebook.com\/educaplanet","article_modified_time":"2018-12-03T08:23:39+00:00","og_image":[{"width":400,"height":300,"url":"https:\/\/www.educaplanet.com\/educaplanet_test\/wp-content\/uploads\/2015\/04\/placeit_ordenador_jugar_mates.jpg","type":"image\/jpeg"}],"twitter_card":"summary_large_image","twitter_site":"@educaplanet_es","twitter_misc":{"Tiempo de lectura":"2 minutos"},"schema":{"@context":"https:\/\/schema.org","@graph":[{"@type":"WebPage","@id":"https:\/\/www.educaplanet.com\/educaplanet_test\/juegos\/pc-mac\/","url":"https:\/\/www.educaplanet.com\/educaplanet_test\/juegos\/pc-mac\/","name":"Aplicaciones educativas para ordenadores PC Windows o MAC","isPartOf":{"@id":"https:\/\/www.educaplanet.com\/educaplanet_test\/#website"},"primaryImageOfPage":{"@id":"https:\/\/www.educaplanet.com\/educaplanet_test\/juegos\/pc-mac\/#primaryimage"},"image":{"@id":"https:\/\/www.educaplanet.com\/educaplanet_test\/juegos\/pc-mac\/#primaryimage"},"thumbnailUrl":"https:\/\/www.educaplanet.com\/educaplanet_test\/wp-content\/uploads\/2015\/04\/placeit_ordenador_jugar_mates.jpg","datePublished":"2015-04-27T10:53:01+00:00","dateModified":"2018-12-03T08:23:39+00:00","description":"Nuestras aplicaciones para aprender a leer y escribir y matem\u00e1ticas se instalan en ordenadores de mesa o port\u00e1tiles PC Windows y MAC.","breadcrumb":{"@id":"https:\/\/www.educaplanet.com\/educaplanet_test\/juegos\/pc-mac\/#breadcrumb"},"inLanguage":"es","potentialAction":[{"@type":"ReadAction","target":["https:\/\/www.educaplanet.com\/educaplanet_test\/juegos\/pc-mac\/"]}]},{"@type":"ImageObject","inLanguage":"es","@id":"https:\/\/www.educaplanet.com\/educaplanet_test\/juegos\/pc-mac\/#primaryimage","url":"https:\/\/www.educaplanet.com\/educaplanet_test\/wp-content\/uploads\/2015\/04\/placeit_ordenador_jugar_mates.jpg","contentUrl":"https:\/\/www.educaplanet.com\/educaplanet_test\/wp-content\/uploads\/2015\/04\/placeit_ordenador_jugar_mates.jpg","width":400,"height":300,"caption":"Jugar sumar y restar desde el ordenador recursos matem\u00e1ticas"},{"@type":"BreadcrumbList","@id":"https:\/\/www.educaplanet.com\/educaplanet_test\/juegos\/pc-mac\/#breadcrumb","itemListElement":[{"@type":"ListItem","position":1,"name":"Portada","item":"https:\/\/www.educaplanet.com\/educaplanet_test\/"},{"@type":"ListItem","position":2,"name":"JUEGOS","item":"https:\/\/www.educaplanet.com\/educaplanet_test\/juegos\/"},{"@type":"ListItem","position":3,"name":"PC MAC"}]},{"@type":"WebSite","@id":"https:\/\/www.educaplanet.com\/educaplanet_test\/#website","url":"https:\/\/www.educaplanet.com\/educaplanet_test\/","name":"EDUCAPLANET APPS","description":"Apps y juegos educativos para ni\u00f1os y ni\u00f1as","potentialAction":[{"@type":"SearchAction","target":{"@type":"EntryPoint","urlTemplate":"https:\/\/www.educaplanet.com\/educaplanet_test\/?s={search_term_string}"},"query-input":{"@type":"PropertyValueSpecification","valueRequired":true,"valueName":"search_term_string"}}],"inLanguage":"es"}]}},"_links":{"self":[{"href":"https:\/\/www.educaplanet.com\/educaplanet_test\/wp-json\/wp\/v2\/pages\/1000","targetHints":{"allow":["GET"]}}],"collection":[{"href":"https:\/\/www.educaplanet.com\/educaplanet_test\/wp-json\/wp\/v2\/pages"}],"about":[{"href":"https:\/\/www.educaplanet.com\/educaplanet_test\/wp-json\/wp\/v2\/types\/page"}],"author":[{"embeddable":true,"href":"https:\/\/www.educaplanet.com\/educaplanet_test\/wp-json\/wp\/v2\/users\/3"}],"replies":[{"embeddable":true,"href":"https:\/\/www.educaplanet.com\/educaplanet_test\/wp-json\/wp\/v2\/comments?post=1000"}],"version-history":[{"count":48,"href":"https:\/\/www.educaplanet.com\/educaplanet_test\/wp-json\/wp\/v2\/pages\/1000\/revisions"}],"predecessor-version":[{"id":3737,"href":"https:\/\/www.educaplanet.com\/educaplanet_test\/wp-json\/wp\/v2\/pages\/1000\/revisions\/3737"}],"up":[{"embeddable":true,"href":"https:\/\/www.educaplanet.com\/educaplanet_test\/wp-json\/wp\/v2\/pages\/116"}],"wp:featuredmedia":[{"embeddable":true,"href":"https:\/\/www.educaplanet.com\/educaplanet_test\/wp-json\/wp\/v2\/media\/1001"}],"wp:attachment":[{"href":"https:\/\/www.educaplanet.com\/educaplanet_test\/wp-json\/wp\/v2\/media?parent=1000"}],"curies":[{"name":"wp","href":"https:\/\/api.w.org\/{rel}","templated":true}]}}