{"id":1816,"date":"2016-12-09T12:21:29","date_gmt":"2016-12-09T12:21:29","guid":{"rendered":"http:\/\/www.educaplanet.com\/educaplanet\/?page_id=1816"},"modified":"2018-11-27T12:58:47","modified_gmt":"2018-11-27T11:58:47","slug":"matematicas-grin-456","status":"publish","type":"page","link":"https:\/\/www.educaplanet.com\/educaplanet_test\/matematicas-grin-456\/","title":{"rendered":"MATEM\u00c1TICAS CON GRIN 456"},"content":{"rendered":"<h1>Matem\u00e1ticas con Grin 456 es nuestra app m\u00e1s completa para ni\u00f1os y ni\u00f1as de 4, 5 hasta 6 o 7 a\u00f1os.<\/h1>\n<p><img loading=\"lazy\" decoding=\"async\" class=\"aligncenter size-medium wp-image-1817\" src=\"http:\/\/www.educaplanet.com\/educaplanet\/wp-content\/uploads\/2016\/12\/menu-contenidos-p-300x206.png\" alt=\"Matem\u00e1ticas con Grin 456\" width=\"300\" height=\"206\" srcset=\"https:\/\/www.educaplanet.com\/educaplanet_test\/wp-content\/uploads\/2016\/12\/menu-contenidos-p-300x206.png 300w, https:\/\/www.educaplanet.com\/educaplanet_test\/wp-content\/uploads\/2016\/12\/menu-contenidos-p.png 500w\" sizes=\"auto, (max-width: 300px) 100vw, 300px\" \/><\/p>\n<p style=\"text-align: center;\">En dispositivos <a href=\"https:\/\/play.google.com\/store\/apps\/details?id=air.educaplanet.grin.mates1\" target=\"_blank\" rel=\"noopener\"><strong>Android<\/strong><\/a>:<br \/>\n<a href=\"https:\/\/play.google.com\/store\/apps\/details?id=air.educaplanet.grin.mates1\" target=\"_blank\" rel=\"noopener\"><img loading=\"lazy\" decoding=\"async\" class=\"aligncenter wp-image-1820 size-full\" src=\"http:\/\/www.educaplanet.com\/educaplanet\/wp-content\/uploads\/2016\/12\/mates456-googleplay.png\" alt=\"Matem\u00e1ticas con Grin 456\" width=\"204\" height=\"47\" \/><\/a><\/p>\n<p style=\"text-align: center;\">En dispositivos <a href=\"https:\/\/itunes.apple.com\/es\/app\/matematicas-con-grin\/id1022305732?mt=8\" target=\"_blank\" rel=\"noopener\">Apple <\/a>(iPad o iPhone):\u00a0<a href=\"https:\/\/itunes.apple.com\/es\/app\/matematicas-con-grin\/id1022305732?mt=8\" target=\"_blank\" rel=\"noopener\"><img loading=\"lazy\" decoding=\"async\" class=\"aligncenter wp-image-1821 size-full\" src=\"http:\/\/www.educaplanet.com\/educaplanet\/wp-content\/uploads\/2016\/12\/mates456-itunes.png\" alt=\"Matem\u00e1ticas con Grin 456\" width=\"203\" height=\"46\" \/><\/a><\/p>\n<p style=\"text-align: center;\">En ordenador\u00a0<a href=\"http:\/\/www.educaplanet.com\/educaplanet\/juegos\/pc-mac\/\">PC Windows &#8211; MAC<\/a>:<br \/>\n<a href=\"http:\/\/www.educaplanet.com\/educaplanet\/juegos\/pc-mac\/\"><img loading=\"lazy\" decoding=\"async\" class=\"aligncenter wp-image-1831 size-full\" src=\"http:\/\/www.educaplanet.com\/educaplanet\/wp-content\/uploads\/2016\/12\/bot_descarga_mates456.png\" alt=\"Descarga Matematicas con Grin PC\" width=\"204\" height=\"48\" \/><\/a><\/p>\n<p style=\"text-align: center;\">En Kindle Fire de <a href=\"https:\/\/www.amazon.es\/Matem%C3%A1ticas-Grin-n%C3%BAmeros-sumar-restar\/dp\/B07BHKNYCH\/ref=sr_1_2?ie=UTF8&amp;qid=1522844050&amp;sr=8-2&amp;keywords=Educaplanet+S.L.\">Amazon<\/a><\/p>\n<p><a href=\"https:\/\/www.amazon.es\/Matem%C3%A1ticas-Grin-n%C3%BAmeros-sumar-restar\/dp\/B07BHKNYCH\/ref=sr_1_2?ie=UTF8&amp;qid=1522844050&amp;sr=8-2&amp;keywords=Educaplanet+S.L.\" target=\"_blank\" rel=\"noopener\"><img loading=\"lazy\" decoding=\"async\" class=\"aligncenter wp-image-3223 size-full\" src=\"https:\/\/www.educaplanet.com\/educaplanet\/wp-content\/uploads\/2018\/04\/bot_amazon_mates456.png\" alt=\"App kindle fire matematicas 456\" width=\"192\" height=\"48\" \/><\/a><\/p>\n<p>Si buscas un refuerzo de la asignatura de matem\u00e1ticas, quieres repasar durante las vacaciones o quieres que tu peque se prepare para empezar el curso bien, nada mejor que nuestra aplicaci\u00f3n MATEM\u00c1TICAS CON GRIN 456:<\/p>\n<p>NUMERACI\u00d3N Y CONTEO: Identificar n\u00fameros en tabla del 100, relacionar n\u00fameros y cantidad, trazar\/escribir los n\u00fameros, equilibrar balanzas (sumas visuales), comparar n\u00fameros y cantidades, memoria, series num\u00e9ricas y l\u00f3gicas, medir.<\/p>\n<p>GEOMETR\u00cdA: Dibujar formas b\u00e1sicas, identificar figuras 2D, series l\u00f3gicas con formas, figuras 3D.<\/p>\n<p>DINERO: Identificar monedas: c\u00e9ntimos y euro.<\/p>\n<p>TIEMPO: Horas en punto, y media, y cuarto.<\/p>\n<p>C\u00c1LCULO MENTAL: Sumas y restas con 34 niveles (hasta n\u00ba 100).<br \/>\nOPERACIONES VERTICAL: Sumas y restas con 17 niveles llevando y sin llevar.<\/p>\n<p>PROBLEMAS CON TEXTO: 5 niveles para leer y responder a los problemas de sumas y restas.<\/p>\n<p>Cada ni\u00f1o es \u00fanico por eso hemos creado una aplicaci\u00f3n llena de juegos y actividades diferentes con muchos niveles para poder adaptarlo a cada peque. Un entorno seguro para tus hijos donde poner en practica diferentes habilidades seg\u00fan la edad o seg\u00fan el contenido.<\/p>\n<div id=\"attachment_1818\" style=\"width: 310px\" class=\"wp-caption aligncenter\"><img loading=\"lazy\" decoding=\"async\" aria-describedby=\"caption-attachment-1818\" class=\"size-medium wp-image-1818\" src=\"http:\/\/www.educaplanet.com\/educaplanet\/wp-content\/uploads\/2016\/12\/tabla20-p-300x206.png\" alt=\"La tabla del 100 \" width=\"300\" height=\"206\" srcset=\"https:\/\/www.educaplanet.com\/educaplanet_test\/wp-content\/uploads\/2016\/12\/tabla20-p-300x206.png 300w, https:\/\/www.educaplanet.com\/educaplanet_test\/wp-content\/uploads\/2016\/12\/tabla20-p.png 500w\" sizes=\"auto, (max-width: 300px) 100vw, 300px\" \/><p id=\"caption-attachment-1818\" class=\"wp-caption-text\">La tabla del 100 solo hasta el n\u00famero 20<\/p><\/div>\n<h2>Te presentamos dos maneras de jugar con Matem\u00e1ticas con Grin 456, elige la que mejor se adapte a tu peque:<\/h2>\n<p style=\"padding-left: 30px;\"><strong>POR CONCEPTOS<\/strong><br \/>\nSimplemente selecciona el contenido a trabajar y ver\u00e1s todos los niveles repartidos en orden incremental de dificultad sobre esa tarea. Cada burbuja lleva un icono de edad como referencia.<\/p>\n<p style=\"padding-left: 30px;\"><strong>POR EDADES<\/strong><br \/>\nSeleccione la edad de tu peque y en ese men\u00fa aparece contenido diverso adecuado a la edad. Si se le queda corto, acceda al siguiente men\u00fa.<\/p>\n<p>&nbsp;<\/p>\n<p><iframe loading=\"lazy\" src=\"https:\/\/www.youtube.com\/embed\/TEPOPZESSQU\" width=\"560\" height=\"315\" frameborder=\"0\" allowfullscreen=\"allowfullscreen\"><\/iframe><\/p>\n<h3>CARACTER\u00cdSTICAS PRINCIPALES<\/h3>\n<p>&#8211; Pueden crear <strong>3 avatares<\/strong> diferentes (tres hermanos, por ejemplo) .<br \/>\n&#8211; <strong>Objetivo l\u00fadico<\/strong> divertido: da de comer a tu alien para que crezca y te den un diploma.<br \/>\n&#8211; Muy completo y nivelado: m\u00e1s de 140 actividades con miles de ejercicios.<br \/>\n&#8211; De los creadores de los juegos Pipo.<br \/>\n&#8211; Sin publicidad de terceros.<br \/>\n&#8211; Con p\u00e1gina de INFORMES para saber qu\u00e9 se ha trabajado.<\/p>\n<p>&nbsp;<\/p>\n<p>&nbsp;<\/p>\n<p>GU\u00cdA DID\u00c1CTICA<\/p>\n<p><iframe loading=\"lazy\" style=\"border: 1px solid #CCC; border-width: 1px; margin-bottom: 5px; max-width: 100%;\" src=\"\/\/www.slideshare.net\/slideshow\/embed_code\/key\/qeUBwqtxUiCGc5\" width=\"595\" height=\"485\" frameborder=\"0\" marginwidth=\"0\" marginheight=\"0\" scrolling=\"no\" allowfullscreen=\"allowfullscreen\"> <\/iframe><\/p>\n<div style=\"margin-bottom: 5px;\"><strong> <a title=\"Gu\u00eda Did\u00e1ctica &quot;Matem\u00e1ticas con GRIN&quot;\" href=\"\/\/www.slideshare.net\/Educaplanet\/gua-didctica-matemticas-con-grin\" target=\"_blank\" rel=\"noopener\">Gu\u00eda Did\u00e1ctica \u00abMatem\u00e1ticas con GRIN\u00bb<\/a> <\/strong> de <strong><a href=\"\/\/www.slideshare.net\/Educaplanet\" target=\"_blank\" rel=\"noopener\">Educaplanet<\/a><\/strong><\/div>\n<ul>\n<li>Si la gu\u00eda no es suficiente, estamos a tu disposici\u00f3n en las distintas redes sociales: Facebook, Twitter o email: <a href=\"mailto:soporte@educaplanet.com\">soporte@educaplanet.com<\/a>.<\/li>\n<\/ul>\n<p><strong>Nuestro consejo:<\/strong> <span style=\"font-weight: 400;\">Es muy recomendable que ese momento del ni\u00f1o con la tableta, sea un momento contigo y de calidad, que note que lo que \u00e9l o ella hace te interesa.<\/span><\/p>\n<p><img loading=\"lazy\" decoding=\"async\" class=\"aligncenter size-medium wp-image-1819\" src=\"http:\/\/www.educaplanet.com\/educaplanet\/wp-content\/uploads\/2016\/12\/menu-inicial-p-300x206.png\" alt=\"Juegos de Matem\u00e1ticas \" width=\"300\" height=\"206\" srcset=\"https:\/\/www.educaplanet.com\/educaplanet_test\/wp-content\/uploads\/2016\/12\/menu-inicial-p-300x206.png 300w, https:\/\/www.educaplanet.com\/educaplanet_test\/wp-content\/uploads\/2016\/12\/menu-inicial-p.png 500w\" sizes=\"auto, (max-width: 300px) 100vw, 300px\" \/><\/p>\n<p><strong>\u00bfES DE PAGO?<\/strong><\/p>\n<p>Todas nuestras aplicaciones siguen el modelo <em>freemium<\/em>, es decir, descarga gratis con algunos juegos para conocernos y evaluar los juegos; para disfrutar del contenido completo, se ha de pagar.<\/p>\n<p>Los precios se pueden consultar desde la misma app, en la pantalla principal pulsando el bot\u00f3n \u00abCarrito de la compra\u00bb. Para que funcione bien ha de tener una cuenta de Google Play o iTunes asociada a una cuenta bancaria o de PayPal. Cualquier duda o si fuera necesario un m\u00e9todo de pago alternativo: soporte@educaplanet.com<br \/>\nEstamos encantados de ayudarles.<\/p>\n<p>&nbsp;<\/p>\n<p>Defendemos que la estimulaci\u00f3n temprana bien entendida siempre es \u00fatil para todos y, especialmente, en ni\u00f1os con necesidades educativas especiales. Estimular no es \u201cpresionar\u201d. Si una actividad no interesa, no debemos forzar.<\/p>\n<p>&nbsp;<\/p>\n","protected":false},"excerpt":{"rendered":"<p>Matem\u00e1ticas con Grin 456 es nuestra app m\u00e1s completa para ni\u00f1os y ni\u00f1as de 4, 5 hasta 6 o 7 a\u00f1os. En dispositivos Android: En dispositivos Apple (iPad o iPhone):\u00a0 En ordenador\u00a0PC Windows &#8211; MAC: En Kindle Fire de Amazon Si buscas un refuerzo de la asignatura de matem\u00e1ticas, quieres repasar durante las vacaciones o quieres que tu peque se prepare para empezar el curso bien, nada mejor que nuestra aplicaci\u00f3n MATEM\u00c1TICAS CON GRIN 456: NUMERACI\u00d3N Y CONTEO: Identificar n\u00fameros en tabla del 100, relacionar n\u00fameros y cantidad, trazar\/escribir los n\u00fameros, equilibrar balanzas (sumas visuales), comparar n\u00fameros y cantidades, memoria,<\/p>\n","protected":false},"author":3,"featured_media":1817,"parent":0,"menu_order":0,"comment_status":"closed","ping_status":"closed","template":"","meta":{"_monsterinsights_skip_tracking":false,"_monsterinsights_sitenote_active":false,"_monsterinsights_sitenote_note":"","_monsterinsights_sitenote_category":0,"footnotes":""},"class_list":["post-1816","page","type-page","status-publish","has-post-thumbnail","hentry"],"yoast_head":"<!-- This site is optimized with the Yoast SEO plugin v27.2 - https:\/\/yoast.com\/product\/yoast-seo-wordpress\/ -->\n<title>MATEM\u00c1TICAS CON GRIN 456 - EDUCAPLANET APPS<\/title>\n<meta name=\"description\" content=\"Matem\u00e1ticas con Grin 456 es una app con juegos interactivos para los peques de la casa: en dispositivos Android o Apple. \u00a1Repasar nunca fue tan divertido!\" \/>\n<meta name=\"robots\" content=\"index, follow, max-snippet:-1, max-image-preview:large, max-video-preview:-1\" \/>\n<link rel=\"canonical\" href=\"https:\/\/www.educaplanet.com\/educaplanet_test\/matematicas-grin-456\/\" \/>\n<meta property=\"og:locale\" content=\"es_ES\" \/>\n<meta property=\"og:type\" content=\"article\" \/>\n<meta property=\"og:title\" content=\"MATEM\u00c1TICAS CON GRIN 456 - EDUCAPLANET APPS\" \/>\n<meta property=\"og:description\" content=\"Matem\u00e1ticas con Grin 456 es una app con juegos interactivos para los peques de la casa: en dispositivos Android o Apple. \u00a1Repasar nunca fue tan divertido!\" \/>\n<meta property=\"og:url\" content=\"https:\/\/www.educaplanet.com\/educaplanet_test\/matematicas-grin-456\/\" \/>\n<meta property=\"og:site_name\" content=\"EDUCAPLANET APPS\" \/>\n<meta property=\"article:publisher\" content=\"https:\/\/www.facebook.com\/educaplanet\" \/>\n<meta property=\"article:modified_time\" content=\"2018-11-27T11:58:47+00:00\" \/>\n<meta property=\"og:image\" content=\"https:\/\/www.educaplanet.com\/educaplanet_test\/wp-content\/uploads\/2016\/12\/menu-contenidos-p.png\" \/>\n\t<meta property=\"og:image:width\" content=\"500\" \/>\n\t<meta property=\"og:image:height\" content=\"343\" \/>\n\t<meta property=\"og:image:type\" content=\"image\/png\" \/>\n<meta name=\"twitter:card\" content=\"summary_large_image\" \/>\n<meta name=\"twitter:site\" content=\"@educaplanet_es\" \/>\n<meta name=\"twitter:label1\" content=\"Tiempo de lectura\" \/>\n\t<meta name=\"twitter:data1\" content=\"3 minutos\" \/>\n<script type=\"application\/ld+json\" class=\"yoast-schema-graph\">{\"@context\":\"https:\/\/schema.org\",\"@graph\":[{\"@type\":\"WebPage\",\"@id\":\"https:\/\/www.educaplanet.com\/educaplanet_test\/matematicas-grin-456\/\",\"url\":\"https:\/\/www.educaplanet.com\/educaplanet_test\/matematicas-grin-456\/\",\"name\":\"MATEM\u00c1TICAS CON GRIN 456 - EDUCAPLANET APPS\",\"isPartOf\":{\"@id\":\"https:\/\/www.educaplanet.com\/educaplanet_test\/#website\"},\"primaryImageOfPage\":{\"@id\":\"https:\/\/www.educaplanet.com\/educaplanet_test\/matematicas-grin-456\/#primaryimage\"},\"image\":{\"@id\":\"https:\/\/www.educaplanet.com\/educaplanet_test\/matematicas-grin-456\/#primaryimage\"},\"thumbnailUrl\":\"https:\/\/www.educaplanet.com\/educaplanet_test\/wp-content\/uploads\/2016\/12\/menu-contenidos-p.png\",\"datePublished\":\"2016-12-09T12:21:29+00:00\",\"dateModified\":\"2018-11-27T11:58:47+00:00\",\"description\":\"Matem\u00e1ticas con Grin 456 es una app con juegos interactivos para los peques de la casa: en dispositivos Android o Apple. \u00a1Repasar nunca fue tan divertido!\",\"breadcrumb\":{\"@id\":\"https:\/\/www.educaplanet.com\/educaplanet_test\/matematicas-grin-456\/#breadcrumb\"},\"inLanguage\":\"es\",\"potentialAction\":[{\"@type\":\"ReadAction\",\"target\":[\"https:\/\/www.educaplanet.com\/educaplanet_test\/matematicas-grin-456\/\"]}]},{\"@type\":\"ImageObject\",\"inLanguage\":\"es\",\"@id\":\"https:\/\/www.educaplanet.com\/educaplanet_test\/matematicas-grin-456\/#primaryimage\",\"url\":\"https:\/\/www.educaplanet.com\/educaplanet_test\/wp-content\/uploads\/2016\/12\/menu-contenidos-p.png\",\"contentUrl\":\"https:\/\/www.educaplanet.com\/educaplanet_test\/wp-content\/uploads\/2016\/12\/menu-contenidos-p.png\",\"width\":500,\"height\":343,\"caption\":\"Matem\u00e1ticas con Grin 456\"},{\"@type\":\"BreadcrumbList\",\"@id\":\"https:\/\/www.educaplanet.com\/educaplanet_test\/matematicas-grin-456\/#breadcrumb\",\"itemListElement\":[{\"@type\":\"ListItem\",\"position\":1,\"name\":\"Portada\",\"item\":\"https:\/\/www.educaplanet.com\/educaplanet_test\/\"},{\"@type\":\"ListItem\",\"position\":2,\"name\":\"MATEM\u00c1TICAS CON GRIN 456\"}]},{\"@type\":\"WebSite\",\"@id\":\"https:\/\/www.educaplanet.com\/educaplanet_test\/#website\",\"url\":\"https:\/\/www.educaplanet.com\/educaplanet_test\/\",\"name\":\"EDUCAPLANET APPS\",\"description\":\"Apps y juegos educativos para ni\u00f1os y ni\u00f1as\",\"potentialAction\":[{\"@type\":\"SearchAction\",\"target\":{\"@type\":\"EntryPoint\",\"urlTemplate\":\"https:\/\/www.educaplanet.com\/educaplanet_test\/?s={search_term_string}\"},\"query-input\":{\"@type\":\"PropertyValueSpecification\",\"valueRequired\":true,\"valueName\":\"search_term_string\"}}],\"inLanguage\":\"es\"}]}<\/script>\n<!-- \/ Yoast SEO plugin. -->","yoast_head_json":{"title":"MATEM\u00c1TICAS CON GRIN 456 - EDUCAPLANET APPS","description":"Matem\u00e1ticas con Grin 456 es una app con juegos interactivos para los peques de la casa: en dispositivos Android o Apple. \u00a1Repasar nunca fue tan divertido!","robots":{"index":"index","follow":"follow","max-snippet":"max-snippet:-1","max-image-preview":"max-image-preview:large","max-video-preview":"max-video-preview:-1"},"canonical":"https:\/\/www.educaplanet.com\/educaplanet_test\/matematicas-grin-456\/","og_locale":"es_ES","og_type":"article","og_title":"MATEM\u00c1TICAS CON GRIN 456 - EDUCAPLANET APPS","og_description":"Matem\u00e1ticas con Grin 456 es una app con juegos interactivos para los peques de la casa: en dispositivos Android o Apple. \u00a1Repasar nunca fue tan divertido!","og_url":"https:\/\/www.educaplanet.com\/educaplanet_test\/matematicas-grin-456\/","og_site_name":"EDUCAPLANET APPS","article_publisher":"https:\/\/www.facebook.com\/educaplanet","article_modified_time":"2018-11-27T11:58:47+00:00","og_image":[{"width":500,"height":343,"url":"https:\/\/www.educaplanet.com\/educaplanet_test\/wp-content\/uploads\/2016\/12\/menu-contenidos-p.png","type":"image\/png"}],"twitter_card":"summary_large_image","twitter_site":"@educaplanet_es","twitter_misc":{"Tiempo de lectura":"3 minutos"},"schema":{"@context":"https:\/\/schema.org","@graph":[{"@type":"WebPage","@id":"https:\/\/www.educaplanet.com\/educaplanet_test\/matematicas-grin-456\/","url":"https:\/\/www.educaplanet.com\/educaplanet_test\/matematicas-grin-456\/","name":"MATEM\u00c1TICAS CON GRIN 456 - EDUCAPLANET APPS","isPartOf":{"@id":"https:\/\/www.educaplanet.com\/educaplanet_test\/#website"},"primaryImageOfPage":{"@id":"https:\/\/www.educaplanet.com\/educaplanet_test\/matematicas-grin-456\/#primaryimage"},"image":{"@id":"https:\/\/www.educaplanet.com\/educaplanet_test\/matematicas-grin-456\/#primaryimage"},"thumbnailUrl":"https:\/\/www.educaplanet.com\/educaplanet_test\/wp-content\/uploads\/2016\/12\/menu-contenidos-p.png","datePublished":"2016-12-09T12:21:29+00:00","dateModified":"2018-11-27T11:58:47+00:00","description":"Matem\u00e1ticas con Grin 456 es una app con juegos interactivos para los peques de la casa: en dispositivos Android o Apple. \u00a1Repasar nunca fue tan divertido!","breadcrumb":{"@id":"https:\/\/www.educaplanet.com\/educaplanet_test\/matematicas-grin-456\/#breadcrumb"},"inLanguage":"es","potentialAction":[{"@type":"ReadAction","target":["https:\/\/www.educaplanet.com\/educaplanet_test\/matematicas-grin-456\/"]}]},{"@type":"ImageObject","inLanguage":"es","@id":"https:\/\/www.educaplanet.com\/educaplanet_test\/matematicas-grin-456\/#primaryimage","url":"https:\/\/www.educaplanet.com\/educaplanet_test\/wp-content\/uploads\/2016\/12\/menu-contenidos-p.png","contentUrl":"https:\/\/www.educaplanet.com\/educaplanet_test\/wp-content\/uploads\/2016\/12\/menu-contenidos-p.png","width":500,"height":343,"caption":"Matem\u00e1ticas con Grin 456"},{"@type":"BreadcrumbList","@id":"https:\/\/www.educaplanet.com\/educaplanet_test\/matematicas-grin-456\/#breadcrumb","itemListElement":[{"@type":"ListItem","position":1,"name":"Portada","item":"https:\/\/www.educaplanet.com\/educaplanet_test\/"},{"@type":"ListItem","position":2,"name":"MATEM\u00c1TICAS CON GRIN 456"}]},{"@type":"WebSite","@id":"https:\/\/www.educaplanet.com\/educaplanet_test\/#website","url":"https:\/\/www.educaplanet.com\/educaplanet_test\/","name":"EDUCAPLANET APPS","description":"Apps y juegos educativos para ni\u00f1os y ni\u00f1as","potentialAction":[{"@type":"SearchAction","target":{"@type":"EntryPoint","urlTemplate":"https:\/\/www.educaplanet.com\/educaplanet_test\/?s={search_term_string}"},"query-input":{"@type":"PropertyValueSpecification","valueRequired":true,"valueName":"search_term_string"}}],"inLanguage":"es"}]}},"_links":{"self":[{"href":"https:\/\/www.educaplanet.com\/educaplanet_test\/wp-json\/wp\/v2\/pages\/1816","targetHints":{"allow":["GET"]}}],"collection":[{"href":"https:\/\/www.educaplanet.com\/educaplanet_test\/wp-json\/wp\/v2\/pages"}],"about":[{"href":"https:\/\/www.educaplanet.com\/educaplanet_test\/wp-json\/wp\/v2\/types\/page"}],"author":[{"embeddable":true,"href":"https:\/\/www.educaplanet.com\/educaplanet_test\/wp-json\/wp\/v2\/users\/3"}],"replies":[{"embeddable":true,"href":"https:\/\/www.educaplanet.com\/educaplanet_test\/wp-json\/wp\/v2\/comments?post=1816"}],"version-history":[{"count":11,"href":"https:\/\/www.educaplanet.com\/educaplanet_test\/wp-json\/wp\/v2\/pages\/1816\/revisions"}],"predecessor-version":[{"id":3704,"href":"https:\/\/www.educaplanet.com\/educaplanet_test\/wp-json\/wp\/v2\/pages\/1816\/revisions\/3704"}],"wp:featuredmedia":[{"embeddable":true,"href":"https:\/\/www.educaplanet.com\/educaplanet_test\/wp-json\/wp\/v2\/media\/1817"}],"wp:attachment":[{"href":"https:\/\/www.educaplanet.com\/educaplanet_test\/wp-json\/wp\/v2\/media?parent=1816"}],"curies":[{"name":"wp","href":"https:\/\/api.w.org\/{rel}","templated":true}]}}