{"id":2115,"date":"2017-03-22T15:42:49","date_gmt":"2017-03-22T14:42:49","guid":{"rendered":"http:\/\/www.educaplanet.com\/educaplanet\/?page_id=2115"},"modified":"2017-05-05T11:29:12","modified_gmt":"2017-05-05T10:29:12","slug":"matematicas-con-grin-678","status":"publish","type":"page","link":"https:\/\/www.educaplanet.com\/educaplanet_test\/matematicas-con-grin-678\/","title":{"rendered":"MATEM\u00c1TICAS CON GRIN II &#8211; 678"},"content":{"rendered":"<h1>\u00abMatem\u00e1ticas con Grin 678\u00bb viene tras \u00ab<a href=\"http:\/\/www.educaplanet.com\/educaplanet\/matematicas-grin-456\/\">Matem\u00e1ticas con Grin 456<\/a>\u00bb y es la segunda\u00a0parte de este divertido m\u00e9todo.<\/h1>\n<p style=\"text-align: center;\">En dispositivos Android:<br \/>\n<a href=\"https:\/\/play.google.com\/store\/apps\/details?id=air.educaplanet.grin.mates678&amp;hl=es\" target=\"_blank\" rel=\"noopener noreferrer\"><img loading=\"lazy\" decoding=\"async\" class=\"aligncenter wp-image-2307 size-full\" src=\"http:\/\/www.educaplanet.com\/educaplanet\/wp-content\/uploads\/2017\/03\/bot_googleplay_mates678.png\" alt=\"App Matem\u00e1ticas Grin 678 iPad tablet\" width=\"203\" height=\"47\" \/><\/a><\/p>\n<p style=\"text-align: center;\">En iPad o iPhone<strong><a href=\"https:\/\/itunes.apple.com\/es\/app\/matem%C3%A1ticas-con-grin-ii-678\/id1206312944?mt=8\" target=\"_blank\" rel=\"noopener noreferrer\"><img loading=\"lazy\" decoding=\"async\" class=\"aligncenter wp-image-2312 size-full\" src=\"http:\/\/www.educaplanet.com\/educaplanet\/wp-content\/uploads\/2017\/03\/bot_-itunes_mates678.png\" alt=\"App matem\u00e1ticas con Grin II 678 iPad\" width=\"203\" height=\"45\" \/><\/a><\/strong><\/p>\n<p style=\"text-align: center;\">En ordenador\u00a0<a href=\"http:\/\/www.educaplanet.com\/educaplanet\/juegos\/pc-mac\/\">PC Windows \u2013 MAC<\/a>:<br \/>\n<img loading=\"lazy\" decoding=\"async\" class=\"aligncenter wp-image-2353 size-full\" src=\"http:\/\/www.educaplanet.com\/educaplanet\/wp-content\/uploads\/2017\/05\/bot_mates678_pc.png\" alt=\"Matem\u00e1ticas con Grin 678 ordenador\" width=\"203\" height=\"48\" data-pin-nopin=\"true\" \/><\/p>\n<p><strong>Matem\u00e1ticas con Grin 678<\/strong> es una recopilaci\u00f3n de juegos con miles de ejercicios de matem\u00e1ticas dirigidos a peques desde 6 hasta 8 a\u00f1os (o incluso 9 a\u00f1os).<\/p>\n<blockquote><p><em>Si tu hijo o hija es m\u00e1s peque\u00f1o, te recomendamos pruebes \u00abMatem\u00e1ticas con Grin 456\u00bb.<\/em><\/p><\/blockquote>\n<p><img loading=\"lazy\" decoding=\"async\" class=\"aligncenter size-medium wp-image-2182\" src=\"http:\/\/www.educaplanet.com\/educaplanet\/wp-content\/uploads\/2017\/03\/ejercicios-fracciones-p-300x206.png\" alt=\"ejercicios fracciones app juegos\" width=\"300\" height=\"206\" srcset=\"https:\/\/www.educaplanet.com\/educaplanet_test\/wp-content\/uploads\/2017\/03\/ejercicios-fracciones-p-300x206.png 300w, https:\/\/www.educaplanet.com\/educaplanet_test\/wp-content\/uploads\/2017\/03\/ejercicios-fracciones-p.png 437w\" sizes=\"auto, (max-width: 300px) 100vw, 300px\" \/>Es ideal para que nuestros peques puedan repasar durante las vacaciones, o para los que necesitan un poquito m\u00e1s en casa, pero tambi\u00e9n para aquellos que\u00a0van m\u00e1s adelantados para que no se aburran.<\/p>\n<p>Y muy \u00fatil tambi\u00e9n para maestros y profesores que quieren introducir las TIC en el aula. Se puede instalar en smartphones, tabletas (<a href=\"https:\/\/itunes.apple.com\/es\/app\/matem%C3%A1ticas-con-grin-ii-678\/id1206312944?mt=8\">iTunes<\/a> o <a href=\"https:\/\/play.google.com\/store\/apps\/details?id=air.educaplanet.grin.mates678&amp;hl=es\">GooglePlay<\/a>) y tambi\u00e9n ordenadores Windows o Mac (en breve) y usar con pizarra digital como recurso para el aula.<\/p>\n<h2><img loading=\"lazy\" decoding=\"async\" class=\"aligncenter size-medium wp-image-2183\" src=\"http:\/\/www.educaplanet.com\/educaplanet\/wp-content\/uploads\/2017\/03\/ejercicios-operaciones-multiplicar-p-300x206.png\" alt=\"ejercicios multiplicar operaciones\" width=\"300\" height=\"206\" srcset=\"https:\/\/www.educaplanet.com\/educaplanet_test\/wp-content\/uploads\/2017\/03\/ejercicios-operaciones-multiplicar-p-300x206.png 300w, https:\/\/www.educaplanet.com\/educaplanet_test\/wp-content\/uploads\/2017\/03\/ejercicios-operaciones-multiplicar-p.png 437w\" sizes=\"auto, (max-width: 300px) 100vw, 300px\" \/>Mientras buceamos con GRIN, visitaremos ruinas submarinas y practicaremos muchos conceptos de matem\u00e1ticas:<\/h2>\n<div><\/div>\n<div><strong>N\u00daMEROS<\/strong><\/div>\n<div>Trazar n\u00fameros<\/div>\n<div>Identificar n\u00fameros hasta 100, centenas y miles.<\/div>\n<div>Series num\u00e9ricas<\/div>\n<div>Relaci\u00f3n entre n\u00fameros y graf\u00eda<\/div>\n<div>Mayor que, menor que.<\/div>\n<div><img loading=\"lazy\" decoding=\"async\" class=\"aligncenter size-medium wp-image-2184\" src=\"http:\/\/www.educaplanet.com\/educaplanet\/wp-content\/uploads\/2017\/03\/juegos-sesries-numericas-p-300x206.png\" alt=\"series num\u00e9ricas app matem\u00e1ticas Primaria\" width=\"300\" height=\"206\" srcset=\"https:\/\/www.educaplanet.com\/educaplanet_test\/wp-content\/uploads\/2017\/03\/juegos-sesries-numericas-p-300x206.png 300w, https:\/\/www.educaplanet.com\/educaplanet_test\/wp-content\/uploads\/2017\/03\/juegos-sesries-numericas-p.png 437w\" sizes=\"auto, (max-width: 300px) 100vw, 300px\" \/><\/div>\n<div><strong>SUMAR Y RESTAR<\/strong><\/div>\n<div>Tabla del 100 con sumas y restas.<\/div>\n<div>C\u00e1lculo mental<\/div>\n<div>Operaciones en vertical con y sin llevadas<\/div>\n<div>Problemas<\/div>\n<div>\u00a0<img loading=\"lazy\" decoding=\"async\" class=\"aligncenter size-medium wp-image-2185\" src=\"http:\/\/www.educaplanet.com\/educaplanet\/wp-content\/uploads\/2017\/03\/calculo-dividir-p-300x206.png\" alt=\"calculo juegos multiplicar dividir sumar restar\" width=\"300\" height=\"206\" srcset=\"https:\/\/www.educaplanet.com\/educaplanet_test\/wp-content\/uploads\/2017\/03\/calculo-dividir-p-300x206.png 300w, https:\/\/www.educaplanet.com\/educaplanet_test\/wp-content\/uploads\/2017\/03\/calculo-dividir-p.png 437w\" sizes=\"auto, (max-width: 300px) 100vw, 300px\" \/><\/div>\n<div><strong>MULTIPLICAR Y DIVIDIR<\/strong><\/div>\n<div>Las tablas de multiplicar<\/div>\n<div>C\u00e1lculo mental<\/div>\n<div>Operaciones en vertical<\/div>\n<div>Problemas<\/div>\n<div>\u00a0<img loading=\"lazy\" decoding=\"async\" class=\"aligncenter size-medium wp-image-2186\" src=\"http:\/\/www.educaplanet.com\/educaplanet\/wp-content\/uploads\/2017\/03\/figuras-geometricas-matematicas-p-300x206.png\" alt=\"figuras geometricas matem\u00e1ticas con grin 678\" width=\"300\" height=\"206\" srcset=\"https:\/\/www.educaplanet.com\/educaplanet_test\/wp-content\/uploads\/2017\/03\/figuras-geometricas-matematicas-p-300x206.png 300w, https:\/\/www.educaplanet.com\/educaplanet_test\/wp-content\/uploads\/2017\/03\/figuras-geometricas-matematicas-p.png 437w\" sizes=\"auto, (max-width: 300px) 100vw, 300px\" \/><\/div>\n<div><strong>GEOMETR\u00cdA<\/strong><\/div>\n<div>Identificar las formas 2D y sus caracter\u00edsticas<\/div>\n<div>Identificar las formas 3D m\u00e1s sencillas y sus caracter\u00edsticas<\/div>\n<div>\u00a0<img loading=\"lazy\" decoding=\"async\" class=\"aligncenter size-medium wp-image-2187\" src=\"http:\/\/www.educaplanet.com\/educaplanet\/wp-content\/uploads\/2017\/03\/ejercicios-monedas-euros-p-300x206.png\" alt=\"ejercicios monedas euros billetes matem\u00e1ticas con grin 678\" width=\"300\" height=\"206\" srcset=\"https:\/\/www.educaplanet.com\/educaplanet_test\/wp-content\/uploads\/2017\/03\/ejercicios-monedas-euros-p-300x206.png 300w, https:\/\/www.educaplanet.com\/educaplanet_test\/wp-content\/uploads\/2017\/03\/ejercicios-monedas-euros-p.png 437w\" sizes=\"auto, (max-width: 300px) 100vw, 300px\" \/><\/div>\n<div><strong>MEDICI\u00d3N y DINERO<\/strong><\/div>\n<div>Objetos para medir: regla, term\u00f3metro y balanza.<\/div>\n<div>Euro: monedas y billetes.<\/div>\n<div>Tambi\u00e9n problemas sencillos.<\/div>\n<div><\/div>\n<div><strong>HORAS<\/strong><\/div>\n<div>El reloj: las horas en punto, y media, y cuarto, menos cuarto.<\/div>\n<div>El calendario: la semana y los meses.<\/div>\n<div><\/div>\n<h3>2 MODOS DE NAVEGACI\u00d3N:<\/h3>\n<div>A. POR CONCEPTOS<\/div>\n<div>Simplemente elija el contenido a trabajar y ver\u00e1 todos los niveles repartidos en orden incremental de dificultad sobre esa tarea. Cada burbuja lleva un icono de edad como referencia.<\/div>\n<div>B. POR EDADES<\/div>\n<div>Seleccione la edad de su peque\u00f1o y en ese men\u00fa aparece contenido diverso adecuado a la edad.<\/div>\n<div><strong>\u00a0<\/strong><\/div>\n<div>\n<div><strong>INFORMES PARA LOS PADRES<\/strong><\/div>\n<div>Desde todos los men\u00fas accedes al resumen de los juegos visitados recientemente con las puntuaciones de aciertos y errores cometidos.<\/div>\n<div><\/div>\n<\/div>\n<p><iframe loading=\"lazy\" src=\"https:\/\/www.youtube.com\/embed\/wk4wX-EDIgY\" width=\"560\" height=\"315\" frameborder=\"0\" allowfullscreen=\"allowfullscreen\"><\/iframe><\/p>\n","protected":false},"excerpt":{"rendered":"<p>\u00abMatem\u00e1ticas con Grin 678\u00bb viene tras \u00abMatem\u00e1ticas con Grin 456\u00bb y es la segunda\u00a0parte de este divertido m\u00e9todo. En dispositivos Android: En iPad o iPhone En ordenador\u00a0PC Windows \u2013 MAC: Matem\u00e1ticas con Grin 678 es una recopilaci\u00f3n de juegos con miles de ejercicios de matem\u00e1ticas dirigidos a peques desde 6 hasta 8 a\u00f1os (o incluso 9 a\u00f1os). Si tu hijo o hija es m\u00e1s peque\u00f1o, te recomendamos pruebes \u00abMatem\u00e1ticas con Grin 456\u00bb. Es ideal para que nuestros peques puedan repasar durante las vacaciones, o para los que necesitan un poquito m\u00e1s en casa, pero tambi\u00e9n para aquellos que\u00a0van m\u00e1s adelantados<\/p>\n","protected":false},"author":3,"featured_media":2182,"parent":0,"menu_order":0,"comment_status":"closed","ping_status":"closed","template":"","meta":{"_monsterinsights_skip_tracking":false,"_monsterinsights_sitenote_active":false,"_monsterinsights_sitenote_note":"","_monsterinsights_sitenote_category":0,"footnotes":""},"class_list":["post-2115","page","type-page","status-publish","has-post-thumbnail","hentry"],"yoast_head":"<!-- This site is optimized with the Yoast SEO plugin v27.2 - https:\/\/yoast.com\/product\/yoast-seo-wordpress\/ -->\n<title>Matem\u00e1ticas con Grin 678 - segunda parte del m\u00e9todo interactivo<\/title>\n<meta name=\"description\" content=\"Tras &quot;Matem\u00e1ticas con Grin 456&quot; viene la segunda parte del m\u00e9todo interactivo: &quot;Matem\u00e1ticas con Grin 678&quot; aprende jugando desde 6 hasta 8 o 9 a\u00f1os.\" \/>\n<meta name=\"robots\" content=\"index, follow, max-snippet:-1, max-image-preview:large, max-video-preview:-1\" \/>\n<link rel=\"canonical\" href=\"https:\/\/www.educaplanet.com\/educaplanet_test\/matematicas-con-grin-678\/\" \/>\n<meta property=\"og:locale\" content=\"es_ES\" \/>\n<meta property=\"og:type\" content=\"article\" \/>\n<meta property=\"og:title\" content=\"Matem\u00e1ticas con Grin 678 - segunda parte del m\u00e9todo interactivo\" \/>\n<meta property=\"og:description\" content=\"Tras &quot;Matem\u00e1ticas con Grin 456&quot; viene la segunda parte del m\u00e9todo interactivo: &quot;Matem\u00e1ticas con Grin 678&quot; aprende jugando desde 6 hasta 8 o 9 a\u00f1os.\" \/>\n<meta property=\"og:url\" content=\"https:\/\/www.educaplanet.com\/educaplanet_test\/matematicas-con-grin-678\/\" \/>\n<meta property=\"og:site_name\" content=\"EDUCAPLANET APPS\" \/>\n<meta property=\"article:publisher\" content=\"https:\/\/www.facebook.com\/educaplanet\" \/>\n<meta property=\"article:modified_time\" content=\"2017-05-05T10:29:12+00:00\" \/>\n<meta property=\"og:image\" content=\"https:\/\/www.educaplanet.com\/educaplanet_test\/wp-content\/uploads\/2017\/03\/ejercicios-fracciones-p.png\" \/>\n\t<meta property=\"og:image:width\" content=\"437\" \/>\n\t<meta property=\"og:image:height\" content=\"300\" \/>\n\t<meta property=\"og:image:type\" content=\"image\/png\" \/>\n<meta name=\"twitter:card\" content=\"summary_large_image\" \/>\n<meta name=\"twitter:site\" content=\"@educaplanet_es\" \/>\n<meta name=\"twitter:label1\" content=\"Tiempo de lectura\" \/>\n\t<meta name=\"twitter:data1\" content=\"2 minutos\" \/>\n<script type=\"application\/ld+json\" class=\"yoast-schema-graph\">{\"@context\":\"https:\/\/schema.org\",\"@graph\":[{\"@type\":\"WebPage\",\"@id\":\"https:\/\/www.educaplanet.com\/educaplanet_test\/matematicas-con-grin-678\/\",\"url\":\"https:\/\/www.educaplanet.com\/educaplanet_test\/matematicas-con-grin-678\/\",\"name\":\"Matem\u00e1ticas con Grin 678 - segunda parte del m\u00e9todo interactivo\",\"isPartOf\":{\"@id\":\"https:\/\/www.educaplanet.com\/educaplanet_test\/#website\"},\"primaryImageOfPage\":{\"@id\":\"https:\/\/www.educaplanet.com\/educaplanet_test\/matematicas-con-grin-678\/#primaryimage\"},\"image\":{\"@id\":\"https:\/\/www.educaplanet.com\/educaplanet_test\/matematicas-con-grin-678\/#primaryimage\"},\"thumbnailUrl\":\"https:\/\/www.educaplanet.com\/educaplanet_test\/wp-content\/uploads\/2017\/03\/ejercicios-fracciones-p.png\",\"datePublished\":\"2017-03-22T14:42:49+00:00\",\"dateModified\":\"2017-05-05T10:29:12+00:00\",\"description\":\"Tras \\\"Matem\u00e1ticas con Grin 456\\\" viene la segunda parte del m\u00e9todo interactivo: \\\"Matem\u00e1ticas con Grin 678\\\" aprende jugando desde 6 hasta 8 o 9 a\u00f1os.\",\"breadcrumb\":{\"@id\":\"https:\/\/www.educaplanet.com\/educaplanet_test\/matematicas-con-grin-678\/#breadcrumb\"},\"inLanguage\":\"es\",\"potentialAction\":[{\"@type\":\"ReadAction\",\"target\":[\"https:\/\/www.educaplanet.com\/educaplanet_test\/matematicas-con-grin-678\/\"]}]},{\"@type\":\"ImageObject\",\"inLanguage\":\"es\",\"@id\":\"https:\/\/www.educaplanet.com\/educaplanet_test\/matematicas-con-grin-678\/#primaryimage\",\"url\":\"https:\/\/www.educaplanet.com\/educaplanet_test\/wp-content\/uploads\/2017\/03\/ejercicios-fracciones-p.png\",\"contentUrl\":\"https:\/\/www.educaplanet.com\/educaplanet_test\/wp-content\/uploads\/2017\/03\/ejercicios-fracciones-p.png\",\"width\":437,\"height\":300,\"caption\":\"ejercicios fracciones app juegos\"},{\"@type\":\"BreadcrumbList\",\"@id\":\"https:\/\/www.educaplanet.com\/educaplanet_test\/matematicas-con-grin-678\/#breadcrumb\",\"itemListElement\":[{\"@type\":\"ListItem\",\"position\":1,\"name\":\"Portada\",\"item\":\"https:\/\/www.educaplanet.com\/educaplanet_test\/\"},{\"@type\":\"ListItem\",\"position\":2,\"name\":\"MATEM\u00c1TICAS CON GRIN II &#8211; 678\"}]},{\"@type\":\"WebSite\",\"@id\":\"https:\/\/www.educaplanet.com\/educaplanet_test\/#website\",\"url\":\"https:\/\/www.educaplanet.com\/educaplanet_test\/\",\"name\":\"EDUCAPLANET APPS\",\"description\":\"Apps y juegos educativos para ni\u00f1os y ni\u00f1as\",\"potentialAction\":[{\"@type\":\"SearchAction\",\"target\":{\"@type\":\"EntryPoint\",\"urlTemplate\":\"https:\/\/www.educaplanet.com\/educaplanet_test\/?s={search_term_string}\"},\"query-input\":{\"@type\":\"PropertyValueSpecification\",\"valueRequired\":true,\"valueName\":\"search_term_string\"}}],\"inLanguage\":\"es\"}]}<\/script>\n<!-- \/ Yoast SEO plugin. -->","yoast_head_json":{"title":"Matem\u00e1ticas con Grin 678 - segunda parte del m\u00e9todo interactivo","description":"Tras \"Matem\u00e1ticas con Grin 456\" viene la segunda parte del m\u00e9todo interactivo: \"Matem\u00e1ticas con Grin 678\" aprende jugando desde 6 hasta 8 o 9 a\u00f1os.","robots":{"index":"index","follow":"follow","max-snippet":"max-snippet:-1","max-image-preview":"max-image-preview:large","max-video-preview":"max-video-preview:-1"},"canonical":"https:\/\/www.educaplanet.com\/educaplanet_test\/matematicas-con-grin-678\/","og_locale":"es_ES","og_type":"article","og_title":"Matem\u00e1ticas con Grin 678 - segunda parte del m\u00e9todo interactivo","og_description":"Tras \"Matem\u00e1ticas con Grin 456\" viene la segunda parte del m\u00e9todo interactivo: \"Matem\u00e1ticas con Grin 678\" aprende jugando desde 6 hasta 8 o 9 a\u00f1os.","og_url":"https:\/\/www.educaplanet.com\/educaplanet_test\/matematicas-con-grin-678\/","og_site_name":"EDUCAPLANET APPS","article_publisher":"https:\/\/www.facebook.com\/educaplanet","article_modified_time":"2017-05-05T10:29:12+00:00","og_image":[{"width":437,"height":300,"url":"https:\/\/www.educaplanet.com\/educaplanet_test\/wp-content\/uploads\/2017\/03\/ejercicios-fracciones-p.png","type":"image\/png"}],"twitter_card":"summary_large_image","twitter_site":"@educaplanet_es","twitter_misc":{"Tiempo de lectura":"2 minutos"},"schema":{"@context":"https:\/\/schema.org","@graph":[{"@type":"WebPage","@id":"https:\/\/www.educaplanet.com\/educaplanet_test\/matematicas-con-grin-678\/","url":"https:\/\/www.educaplanet.com\/educaplanet_test\/matematicas-con-grin-678\/","name":"Matem\u00e1ticas con Grin 678 - segunda parte del m\u00e9todo interactivo","isPartOf":{"@id":"https:\/\/www.educaplanet.com\/educaplanet_test\/#website"},"primaryImageOfPage":{"@id":"https:\/\/www.educaplanet.com\/educaplanet_test\/matematicas-con-grin-678\/#primaryimage"},"image":{"@id":"https:\/\/www.educaplanet.com\/educaplanet_test\/matematicas-con-grin-678\/#primaryimage"},"thumbnailUrl":"https:\/\/www.educaplanet.com\/educaplanet_test\/wp-content\/uploads\/2017\/03\/ejercicios-fracciones-p.png","datePublished":"2017-03-22T14:42:49+00:00","dateModified":"2017-05-05T10:29:12+00:00","description":"Tras \"Matem\u00e1ticas con Grin 456\" viene la segunda parte del m\u00e9todo interactivo: \"Matem\u00e1ticas con Grin 678\" aprende jugando desde 6 hasta 8 o 9 a\u00f1os.","breadcrumb":{"@id":"https:\/\/www.educaplanet.com\/educaplanet_test\/matematicas-con-grin-678\/#breadcrumb"},"inLanguage":"es","potentialAction":[{"@type":"ReadAction","target":["https:\/\/www.educaplanet.com\/educaplanet_test\/matematicas-con-grin-678\/"]}]},{"@type":"ImageObject","inLanguage":"es","@id":"https:\/\/www.educaplanet.com\/educaplanet_test\/matematicas-con-grin-678\/#primaryimage","url":"https:\/\/www.educaplanet.com\/educaplanet_test\/wp-content\/uploads\/2017\/03\/ejercicios-fracciones-p.png","contentUrl":"https:\/\/www.educaplanet.com\/educaplanet_test\/wp-content\/uploads\/2017\/03\/ejercicios-fracciones-p.png","width":437,"height":300,"caption":"ejercicios fracciones app juegos"},{"@type":"BreadcrumbList","@id":"https:\/\/www.educaplanet.com\/educaplanet_test\/matematicas-con-grin-678\/#breadcrumb","itemListElement":[{"@type":"ListItem","position":1,"name":"Portada","item":"https:\/\/www.educaplanet.com\/educaplanet_test\/"},{"@type":"ListItem","position":2,"name":"MATEM\u00c1TICAS CON GRIN II &#8211; 678"}]},{"@type":"WebSite","@id":"https:\/\/www.educaplanet.com\/educaplanet_test\/#website","url":"https:\/\/www.educaplanet.com\/educaplanet_test\/","name":"EDUCAPLANET APPS","description":"Apps y juegos educativos para ni\u00f1os y ni\u00f1as","potentialAction":[{"@type":"SearchAction","target":{"@type":"EntryPoint","urlTemplate":"https:\/\/www.educaplanet.com\/educaplanet_test\/?s={search_term_string}"},"query-input":{"@type":"PropertyValueSpecification","valueRequired":true,"valueName":"search_term_string"}}],"inLanguage":"es"}]}},"_links":{"self":[{"href":"https:\/\/www.educaplanet.com\/educaplanet_test\/wp-json\/wp\/v2\/pages\/2115","targetHints":{"allow":["GET"]}}],"collection":[{"href":"https:\/\/www.educaplanet.com\/educaplanet_test\/wp-json\/wp\/v2\/pages"}],"about":[{"href":"https:\/\/www.educaplanet.com\/educaplanet_test\/wp-json\/wp\/v2\/types\/page"}],"author":[{"embeddable":true,"href":"https:\/\/www.educaplanet.com\/educaplanet_test\/wp-json\/wp\/v2\/users\/3"}],"replies":[{"embeddable":true,"href":"https:\/\/www.educaplanet.com\/educaplanet_test\/wp-json\/wp\/v2\/comments?post=2115"}],"version-history":[{"count":12,"href":"https:\/\/www.educaplanet.com\/educaplanet_test\/wp-json\/wp\/v2\/pages\/2115\/revisions"}],"predecessor-version":[{"id":2360,"href":"https:\/\/www.educaplanet.com\/educaplanet_test\/wp-json\/wp\/v2\/pages\/2115\/revisions\/2360"}],"wp:featuredmedia":[{"embeddable":true,"href":"https:\/\/www.educaplanet.com\/educaplanet_test\/wp-json\/wp\/v2\/media\/2182"}],"wp:attachment":[{"href":"https:\/\/www.educaplanet.com\/educaplanet_test\/wp-json\/wp\/v2\/media?parent=2115"}],"curies":[{"name":"wp","href":"https:\/\/api.w.org\/{rel}","templated":true}]}}